{"id":16515,"date":"2016-11-01T17:11:24","date_gmt":"2016-11-01T17:11:24","guid":{"rendered":"https:\/\/topholds.com\/oferta\/presas-escalada\/kefren\/kefren\/"},"modified":"2024-08-26T02:56:03","modified_gmt":"2024-08-26T02:56:03","slug":"kefren","status":"publish","type":"product","link":"https:\/\/topholds.com\/sv\/erbjudande\/klattringrepp\/kefren\/","title":{"rendered":"Kl\u00e4ttergrepp Paket Kefren"},"content":{"rendered":"<p><strong>Kefren \u00e4r ett paket med 3 polyedriska kl\u00e4ttergrepp<\/strong>, k\u00e4nnetecknat av sina olika vinklar och sandstensytor, designade f\u00f6r att ge m\u00e5ngsidighet och utmaning till din kl\u00e4ttertr\u00e4ning.<\/p>\n<p>Den sandstensliknande ytan p\u00e5 <em>Kefren-greppen<\/em> ger ett <strong>optimalt grepp och en realistisk k\u00e4nsla<\/strong> under kl\u00e4ttringen.<\/p>\n<p>F\u00f6r installation rekommenderas det att <strong>anv\u00e4nda skruvar M10x40 eller M8x40<\/strong>. Dessutom \u00e4r varje grepp utrustat med ett h\u00e5l f\u00f6r en skruv som f\u00f6rhindrar rotation, vilket s\u00e4kerst\u00e4ller \u00f6kad stabilitet och s\u00e4kerhet vid anv\u00e4ndning.<\/p>\n<p>T\u00e4nk p\u00e5 att produktens f\u00e4rger kan variera i f\u00f6rh\u00e5llande till den visade bilden. Om du \u00f6nskar en specifik f\u00e4rg, tveka inte att kontakta oss.<\/p>\n","protected":false},"excerpt":{"rendered":"<ul>\n<li>Kefren \u00e4r ett set med 3 polyedriska grepp f\u00f6r kl\u00e4ttring med olika vinklar.<\/li>\n<li>Sandstensstruktur.<\/li>\n<li>Alla grepp \u00e4r f\u00f6rsedda med h\u00e5l f\u00f6r anti-rotationsskruv.<\/li>\n<\/ul>\n<p>&nbsp;<\/p>\n","protected":false},"featured_media":18744,"comment_status":"open","ping_status":"closed","template":"","meta":[],"product_brand":[],"product_cat":[425],"product_tag":[],"class_list":{"0":"post-16515","1":"product","2":"type-product","3":"status-publish","4":"has-post-thumbnail","6":"product_cat-klattringrepp","8":"first","9":"instock","10":"taxable","11":"shipping-taxable","12":"purchasable","13":"product-type-simple"},"_links":{"self":[{"href":"https:\/\/topholds.com\/sv\/wp-json\/wp\/v2\/product\/16515","targetHints":{"allow":["GET"]}}],"collection":[{"href":"https:\/\/topholds.com\/sv\/wp-json\/wp\/v2\/product"}],"about":[{"href":"https:\/\/topholds.com\/sv\/wp-json\/wp\/v2\/types\/product"}],"replies":[{"embeddable":true,"href":"https:\/\/topholds.com\/sv\/wp-json\/wp\/v2\/comments?post=16515"}],"wp:featuredmedia":[{"embeddable":true,"href":"https:\/\/topholds.com\/sv\/wp-json\/wp\/v2\/media\/18744"}],"wp:attachment":[{"href":"https:\/\/topholds.com\/sv\/wp-json\/wp\/v2\/media?parent=16515"}],"wp:term":[{"taxonomy":"product_brand","embeddable":true,"href":"https:\/\/topholds.com\/sv\/wp-json\/wp\/v2\/product_brand?post=16515"},{"taxonomy":"product_cat","embeddable":true,"href":"https:\/\/topholds.com\/sv\/wp-json\/wp\/v2\/product_cat?post=16515"},{"taxonomy":"product_tag","embeddable":true,"href":"https:\/\/topholds.com\/sv\/wp-json\/wp\/v2\/product_tag?post=16515"}],"curies":[{"name":"wp","href":"https:\/\/api.w.org\/{rel}","templated":true}]}}