{"id":16520,"date":"2016-11-01T17:18:18","date_gmt":"2016-11-01T17:18:18","guid":{"rendered":"https:\/\/topholds.com\/oferta\/presas-escalada\/hiperion\/hiperion\/"},"modified":"2024-11-19T09:51:35","modified_gmt":"2024-11-19T09:51:35","slug":"hiperion","status":"publish","type":"product","link":"https:\/\/topholds.com\/sv\/erbjudande\/klattringrepp\/hiperion\/","title":{"rendered":"Kl\u00e4ttergrepp Hiperion"},"content":{"rendered":"<p><strong>Hiperion \u00e4r ett mycket m\u00e5ngsidigt kl\u00e4ttringsgrepp<\/strong>, med <strong>flera grepp f\u00f6r en eller tv\u00e5 h\u00e4nder<\/strong>, anpassningsbart till vilken \u00f6verh\u00e4ng som helst och designat f\u00f6r att berika dina kl\u00e4ttringstr\u00e4ningar.<\/p>\n<p>Genom att helt enkelt vrida <em>Hiperion-greppet<\/em> kommer du att f\u00e5 en <strong>helt annan greppupplevelse<\/strong>, vilket g\u00f6r att du kan utforska nya m\u00f6jligheter och utmaningar under dina kl\u00e4ttringspass.<\/p>\n<p>Den sandstensliknande texturen p\u00e5 Hiperion <strong>ger ett optimalt grepp och en realistisk k\u00e4nsla<\/strong> under kl\u00e4ttringen.<\/p>\n<p>Med m\u00e5tten 300 x 100 x 105 mm erbjuder Hiperion-greppet en l\u00e4mplig storlek f\u00f6r att passa olika stilar och tekniker inom kl\u00e4ttring.<\/p>\n<p>F\u00f6r installation rekommenderas det att <strong>anv\u00e4nda skruvar M10x50 eller M8x50<\/strong>. Dessutom har greppet tv\u00e5 extra h\u00e5l f\u00f6r skruvplugg.<\/p>\n<p>T\u00e4nk p\u00e5 att f\u00e4rgerna p\u00e5 produkten kan variera j\u00e4mf\u00f6rt med bilden som visas. Om du \u00f6nskar en specifik f\u00e4rg, tveka inte att kontakta oss.<\/p>\n","protected":false},"excerpt":{"rendered":"<ul>\n<li>Mycket m\u00e5ngsidigt grepp med olika handtag f\u00f6r en eller tv\u00e5 h\u00e4nder.<\/li>\n<li>Passar f\u00f6r alla typer av \u00f6verh\u00e4ng.<\/li>\n<li>Vi kan f\u00e5 ett helt annat grepp bara genom att vrida p\u00e5 det.<\/li>\n<li>Sandstensstruktur.<\/li>\n<li>F\u00f6rsedd med tv\u00e5 extra h\u00e5l f\u00f6r skruvar.<\/li>\n<\/ul>\n<p>&nbsp;<\/p>\n<p>&nbsp;<\/p>\n","protected":false},"featured_media":18764,"comment_status":"open","ping_status":"closed","template":"","meta":[],"product_brand":[],"product_cat":[425],"product_tag":[],"class_list":{"0":"post-16520","1":"product","2":"type-product","3":"status-publish","4":"has-post-thumbnail","6":"product_cat-klattringrepp","8":"first","9":"instock","10":"sale","11":"taxable","12":"shipping-taxable","13":"purchasable","14":"product-type-simple"},"_links":{"self":[{"href":"https:\/\/topholds.com\/sv\/wp-json\/wp\/v2\/product\/16520","targetHints":{"allow":["GET"]}}],"collection":[{"href":"https:\/\/topholds.com\/sv\/wp-json\/wp\/v2\/product"}],"about":[{"href":"https:\/\/topholds.com\/sv\/wp-json\/wp\/v2\/types\/product"}],"replies":[{"embeddable":true,"href":"https:\/\/topholds.com\/sv\/wp-json\/wp\/v2\/comments?post=16520"}],"wp:featuredmedia":[{"embeddable":true,"href":"https:\/\/topholds.com\/sv\/wp-json\/wp\/v2\/media\/18764"}],"wp:attachment":[{"href":"https:\/\/topholds.com\/sv\/wp-json\/wp\/v2\/media?parent=16520"}],"wp:term":[{"taxonomy":"product_brand","embeddable":true,"href":"https:\/\/topholds.com\/sv\/wp-json\/wp\/v2\/product_brand?post=16520"},{"taxonomy":"product_cat","embeddable":true,"href":"https:\/\/topholds.com\/sv\/wp-json\/wp\/v2\/product_cat?post=16520"},{"taxonomy":"product_tag","embeddable":true,"href":"https:\/\/topholds.com\/sv\/wp-json\/wp\/v2\/product_tag?post=16520"}],"curies":[{"name":"wp","href":"https:\/\/api.w.org\/{rel}","templated":true}]}}