{"id":16525,"date":"2016-11-13T20:37:17","date_gmt":"2016-11-13T20:37:17","guid":{"rendered":"https:\/\/topholds.com\/oferta\/presas-escalada\/oceano\/oceano\/"},"modified":"2024-08-26T02:58:02","modified_gmt":"2024-08-26T02:58:02","slug":"oceano","status":"publish","type":"product","link":"https:\/\/topholds.com\/sv\/erbjudande\/klattringrepp\/oceano\/","title":{"rendered":"Kl\u00e4ttergrepp Oceano"},"content":{"rendered":"<p><strong>Oc\u00e9ano \u00e4r ett mycket m\u00e5ngsidigt klippblock<\/strong> med flera grepp f\u00f6r en eller tv\u00e5 h\u00e4nder, anpassningsbart till vilken \u00f6verh\u00e4ng som helst och perfekt f\u00f6r att berika dina tr\u00e4ningspass.<\/p>\n<p>Genom att helt enkelt vrida p\u00e5 <em>greppet Oc\u00e9ano<\/em> f\u00e5r du <strong>en helt annan greppupplevelse<\/strong>, vilket g\u00f6r att du kan utforska nya m\u00f6jligheter och utmaningar under dina kl\u00e4ttringspass.<\/p>\n<p>Den <strong>sandstensliknande texturen<\/strong> p\u00e5 greppet Oc\u00e9ano ger ett <strong>optimalt grepp och en realistisk k\u00e4nsla<\/strong> under kl\u00e4ttringen.<\/p>\n<p>Med <strong>m\u00e5tt p\u00e5 295 x 110 x 100 mm<\/strong> erbjuder greppet Oc\u00e9ano en l\u00e4mplig storlek f\u00f6r att anpassa sig till olika stilar och tekniker inom kl\u00e4ttring.<\/p>\n<p>F\u00f6r installation rekommenderas det att <strong>anv\u00e4nda skruvar M10x50 eller M8x50<\/strong>. Dessutom har greppet tv\u00e5 extra h\u00e5l f\u00f6r skruvar.<\/p>\n<p>T\u00e4nk p\u00e5 att produktens f\u00e4rger kan variera fr\u00e5n den visade bilden. Om du \u00f6nskar en specifik f\u00e4rg, tveka inte att kontakta oss.<\/p>\n","protected":false},"excerpt":{"rendered":"<ul>\n<li>Mycket m\u00e5ngsidigt grepp med olika handgrepp f\u00f6r en eller tv\u00e5 h\u00e4nder.<\/li>\n<li>Passar f\u00f6r alla typer av \u00f6verh\u00e4ng.<\/li>\n<li>Vi f\u00e5r ett helt annat grepp bara genom att vrida det.<\/li>\n<li>Sandstensliknande textur.<\/li>\n<li>Utrustad med tv\u00e5 extra h\u00e5l f\u00f6r skruvar.<\/li>\n<\/ul>\n","protected":false},"featured_media":18769,"comment_status":"open","ping_status":"closed","template":"","meta":[],"product_brand":[],"product_cat":[425],"product_tag":[],"class_list":{"0":"post-16525","1":"product","2":"type-product","3":"status-publish","4":"has-post-thumbnail","6":"product_cat-klattringrepp","8":"first","9":"instock","10":"taxable","11":"shipping-taxable","12":"purchasable","13":"product-type-simple"},"_links":{"self":[{"href":"https:\/\/topholds.com\/sv\/wp-json\/wp\/v2\/product\/16525","targetHints":{"allow":["GET"]}}],"collection":[{"href":"https:\/\/topholds.com\/sv\/wp-json\/wp\/v2\/product"}],"about":[{"href":"https:\/\/topholds.com\/sv\/wp-json\/wp\/v2\/types\/product"}],"replies":[{"embeddable":true,"href":"https:\/\/topholds.com\/sv\/wp-json\/wp\/v2\/comments?post=16525"}],"wp:featuredmedia":[{"embeddable":true,"href":"https:\/\/topholds.com\/sv\/wp-json\/wp\/v2\/media\/18769"}],"wp:attachment":[{"href":"https:\/\/topholds.com\/sv\/wp-json\/wp\/v2\/media?parent=16525"}],"wp:term":[{"taxonomy":"product_brand","embeddable":true,"href":"https:\/\/topholds.com\/sv\/wp-json\/wp\/v2\/product_brand?post=16525"},{"taxonomy":"product_cat","embeddable":true,"href":"https:\/\/topholds.com\/sv\/wp-json\/wp\/v2\/product_cat?post=16525"},{"taxonomy":"product_tag","embeddable":true,"href":"https:\/\/topholds.com\/sv\/wp-json\/wp\/v2\/product_tag?post=16525"}],"curies":[{"name":"wp","href":"https:\/\/api.w.org\/{rel}","templated":true}]}}