{"id":16530,"date":"2016-11-13T20:53:39","date_gmt":"2016-11-13T20:53:39","guid":{"rendered":"https:\/\/topholds.com\/oferta\/presas-escalada\/minta\/minta\/"},"modified":"2024-08-26T02:59:44","modified_gmt":"2024-08-26T02:59:44","slug":"minta","status":"publish","type":"product","link":"https:\/\/topholds.com\/sv\/erbjudande\/klattringrepp\/minta\/","title":{"rendered":"Kl\u00e4ttergrepp Paket Minta"},"content":{"rendered":"<p><strong>Minta \u00e4r ett paket med 4 kl\u00e4ttergrepp<\/strong> med sandstensstruktur, som utm\u00e4rker sig f\u00f6r sin m\u00e5ngsidighet och f\u00f6rm\u00e5ga att erbjuda flera olika grepp.<\/p>\n<p>Genom att vrida dessa grepp kan du <strong>\u00e5stadkomma olika grepp runt om, samt monodagar och biddagar i mitten<\/strong>, vilket g\u00f6r att de kan anpassas till olika sv\u00e5righetsgrader och utmaningar.<\/p>\n<p>F\u00f6r att s\u00e4kerst\u00e4lla en stabil och h\u00e5llbar installation rekommenderas det att <strong>anv\u00e4nda skruvar M10x40 eller M8x40<\/strong>.<\/p>\n<p>Varje <em>grepp i Minta-setet<\/em> har ett <strong>extra h\u00e5l f\u00f6r anti-rotationsskruv<\/strong>, vilket garanterar st\u00f6rre stabilitet och s\u00e4kerhet under anv\u00e4ndning.<\/p>\n<p>T\u00e4nk p\u00e5 att produktens f\u00e4rger kan variera fr\u00e5n bilden som visas. Om du \u00f6nskar en specifik f\u00e4rg, tveka inte att kontakta oss.<\/p>\n","protected":false},"excerpt":{"rendered":"<ul>\n<li>Minta \u00e4r en kollektion av 4 kl\u00e4ttringshandtag.<\/li>\n<li>Sandstenstextur.<\/li>\n<li>Mycket m\u00e5ngsidiga handtag, genom att vrida dem f\u00e5r vi olika grepp.<\/li>\n<li>Alla med h\u00e5l f\u00f6r skruv mot rotation.<\/li>\n<\/ul>\n","protected":false},"featured_media":18789,"comment_status":"open","ping_status":"closed","template":"","meta":[],"product_brand":[],"product_cat":[425],"product_tag":[],"class_list":{"0":"post-16530","1":"product","2":"type-product","3":"status-publish","4":"has-post-thumbnail","6":"product_cat-klattringrepp","8":"first","9":"instock","10":"taxable","11":"shipping-taxable","12":"purchasable","13":"product-type-simple"},"_links":{"self":[{"href":"https:\/\/topholds.com\/sv\/wp-json\/wp\/v2\/product\/16530","targetHints":{"allow":["GET"]}}],"collection":[{"href":"https:\/\/topholds.com\/sv\/wp-json\/wp\/v2\/product"}],"about":[{"href":"https:\/\/topholds.com\/sv\/wp-json\/wp\/v2\/types\/product"}],"replies":[{"embeddable":true,"href":"https:\/\/topholds.com\/sv\/wp-json\/wp\/v2\/comments?post=16530"}],"wp:featuredmedia":[{"embeddable":true,"href":"https:\/\/topholds.com\/sv\/wp-json\/wp\/v2\/media\/18789"}],"wp:attachment":[{"href":"https:\/\/topholds.com\/sv\/wp-json\/wp\/v2\/media?parent=16530"}],"wp:term":[{"taxonomy":"product_brand","embeddable":true,"href":"https:\/\/topholds.com\/sv\/wp-json\/wp\/v2\/product_brand?post=16530"},{"taxonomy":"product_cat","embeddable":true,"href":"https:\/\/topholds.com\/sv\/wp-json\/wp\/v2\/product_cat?post=16530"},{"taxonomy":"product_tag","embeddable":true,"href":"https:\/\/topholds.com\/sv\/wp-json\/wp\/v2\/product_tag?post=16530"}],"curies":[{"name":"wp","href":"https:\/\/api.w.org\/{rel}","templated":true}]}}