{"id":16535,"date":"2016-11-13T21:07:10","date_gmt":"2016-11-13T21:07:10","guid":{"rendered":"https:\/\/topholds.com\/oferta\/presas-escalada\/loto\/loto\/"},"modified":"2024-08-26T03:01:25","modified_gmt":"2024-08-26T03:01:25","slug":"loto","status":"publish","type":"product","link":"https:\/\/topholds.com\/sv\/erbjudande\/klattringrepp\/loto\/","title":{"rendered":"Kl\u00e4ttergrepp Paket Loto"},"content":{"rendered":"<p><strong>Loto \u00e4r ett paket med 5 kl\u00e4ttergrepp<\/strong> med sandstensstruktur, som utm\u00e4rker sig f\u00f6r sin m\u00e5ngsidighet och f\u00f6rm\u00e5ga att erbjuda flera olika grepp.<\/p>\n<p>Genom att vrida dessa grepp kan du <strong>\u00e5ngra olika grepp, inklusive 2 fingrar i st\u00f6d<\/strong>, vilket g\u00f6r att de kan anpassas till olika sv\u00e5righetsgrader och utmaningar.<\/p>\n<p>F\u00f6r att s\u00e4kerst\u00e4lla en stabil och h\u00e5llbar installation rekommenderas <strong>att anv\u00e4nda skruvar M10x40 eller M8x40<\/strong>.<\/p>\n<p>Varje grepp i <em>paketet med Loto-grepp<\/em> har ett extra h\u00e5l f\u00f6r en skruv mot rotation, vilket s\u00e4kerst\u00e4ller \u00f6kad stabilitet och s\u00e4kerhet under anv\u00e4ndning.<\/p>\n<p>T\u00e4nk p\u00e5 att f\u00e4rgerna p\u00e5 produkten kan variera i f\u00f6rh\u00e5llande till bilden som visas. Om du \u00f6nskar en specifik f\u00e4rg, tveka inte att kontakta oss.<\/p>\n","protected":false},"excerpt":{"rendered":"<ul>\n<li>Loto \u00e4r en sats med 5 kl\u00e4ttringsgrepp.<\/li>\n<li>Sandstensstruktur.<\/li>\n<li>Mycket m\u00e5ngsidiga grepp, genom att vrida dem f\u00e5r vi olika grepp, inklusive 2 monofingerst\u00f6d.<\/li>\n<li>Alla med h\u00e5l f\u00f6r skruv mot rotation.<\/li>\n<\/ul>\n","protected":false},"featured_media":18476,"comment_status":"open","ping_status":"closed","template":"","meta":[],"product_brand":[],"product_cat":[425],"product_tag":[],"class_list":{"0":"post-16535","1":"product","2":"type-product","3":"status-publish","4":"has-post-thumbnail","6":"product_cat-klattringrepp","8":"first","9":"instock","10":"taxable","11":"shipping-taxable","12":"purchasable","13":"product-type-simple"},"_links":{"self":[{"href":"https:\/\/topholds.com\/sv\/wp-json\/wp\/v2\/product\/16535","targetHints":{"allow":["GET"]}}],"collection":[{"href":"https:\/\/topholds.com\/sv\/wp-json\/wp\/v2\/product"}],"about":[{"href":"https:\/\/topholds.com\/sv\/wp-json\/wp\/v2\/types\/product"}],"replies":[{"embeddable":true,"href":"https:\/\/topholds.com\/sv\/wp-json\/wp\/v2\/comments?post=16535"}],"wp:featuredmedia":[{"embeddable":true,"href":"https:\/\/topholds.com\/sv\/wp-json\/wp\/v2\/media\/18476"}],"wp:attachment":[{"href":"https:\/\/topholds.com\/sv\/wp-json\/wp\/v2\/media?parent=16535"}],"wp:term":[{"taxonomy":"product_brand","embeddable":true,"href":"https:\/\/topholds.com\/sv\/wp-json\/wp\/v2\/product_brand?post=16535"},{"taxonomy":"product_cat","embeddable":true,"href":"https:\/\/topholds.com\/sv\/wp-json\/wp\/v2\/product_cat?post=16535"},{"taxonomy":"product_tag","embeddable":true,"href":"https:\/\/topholds.com\/sv\/wp-json\/wp\/v2\/product_tag?post=16535"}],"curies":[{"name":"wp","href":"https:\/\/api.w.org\/{rel}","templated":true}]}}