{"id":16540,"date":"2016-11-20T12:23:35","date_gmt":"2016-11-20T12:23:35","guid":{"rendered":"https:\/\/topholds.com\/oferta\/presas-escalada\/cielo\/cielo\/"},"modified":"2024-08-26T03:03:08","modified_gmt":"2024-08-26T03:03:08","slug":"cielo","status":"publish","type":"product","link":"https:\/\/topholds.com\/sv\/erbjudande\/klattringrepp\/cielo\/","title":{"rendered":"Kl\u00e4ttergrepp Paket Cielo"},"content":{"rendered":"<p><strong>Cielo \u00e4r ett paket med 4 kl\u00e4ttringshandtag<\/strong> med sandstenstextur, perfekta f\u00f6r att utmana dina f\u00e4rdigheter p\u00e5 vilken lutning som helst, \u00e4ven p\u00e5 tak.<\/p>\n<p>De <em>kl\u00e4ttringshandtag<\/em> som Cielo erbjuder har en <strong>sandstenstextur<\/strong> som ger en autentisk k\u00e4nsla och ett optimalt grepp under dina kl\u00e4ttrarpass.<\/p>\n<p>Dessa handtag \u00e4r <strong>designade f\u00f6r att passa vilken lutning som helst<\/strong>, inklusive tak, och erbjuder utmaningar och variation i din tr\u00e4ning.<\/p>\n<p>F\u00f6r att garantera en fast och h\u00e5llbar installation rekommenderas det att <strong>anv\u00e4nda skruvar M10x40 eller M8x40<\/strong>.<\/p>\n<p>Varje handtag i Cielo-partiet har ett <strong>ytterligare h\u00e5l f\u00f6r en anti-rotationsskruv<\/strong>, vilket s\u00e4kerst\u00e4ller st\u00f6rre stabilitet och s\u00e4kerhet under anv\u00e4ndning.<\/p>\n<p>Observera att produktf\u00e4rgerna kan variera i f\u00f6rh\u00e5llande till bilden som visas. Om du \u00f6nskar en specifik f\u00e4rg, tveka inte att kontakta oss.<\/p>\n","protected":false},"excerpt":{"rendered":"<ul>\n<li>Cielo \u00e4r ett set med 4 kl\u00e4ttringsgrepp.<\/li>\n<li>Sandstensstruktur.<\/li>\n<li>Grepp f\u00f6r alla typer av \u00f6verh\u00e4ng, inklusive tak.<\/li>\n<li>Alla med h\u00e5l f\u00f6r skruv som f\u00f6rhindrar rotation.<\/li>\n<\/ul>\n","protected":false},"featured_media":18824,"comment_status":"open","ping_status":"closed","template":"","meta":[],"product_brand":[],"product_cat":[425],"product_tag":[],"class_list":{"0":"post-16540","1":"product","2":"type-product","3":"status-publish","4":"has-post-thumbnail","6":"product_cat-klattringrepp","8":"first","9":"outofstock","10":"taxable","11":"shipping-taxable","12":"purchasable","13":"product-type-simple"},"_links":{"self":[{"href":"https:\/\/topholds.com\/sv\/wp-json\/wp\/v2\/product\/16540","targetHints":{"allow":["GET"]}}],"collection":[{"href":"https:\/\/topholds.com\/sv\/wp-json\/wp\/v2\/product"}],"about":[{"href":"https:\/\/topholds.com\/sv\/wp-json\/wp\/v2\/types\/product"}],"replies":[{"embeddable":true,"href":"https:\/\/topholds.com\/sv\/wp-json\/wp\/v2\/comments?post=16540"}],"wp:featuredmedia":[{"embeddable":true,"href":"https:\/\/topholds.com\/sv\/wp-json\/wp\/v2\/media\/18824"}],"wp:attachment":[{"href":"https:\/\/topholds.com\/sv\/wp-json\/wp\/v2\/media?parent=16540"}],"wp:term":[{"taxonomy":"product_brand","embeddable":true,"href":"https:\/\/topholds.com\/sv\/wp-json\/wp\/v2\/product_brand?post=16540"},{"taxonomy":"product_cat","embeddable":true,"href":"https:\/\/topholds.com\/sv\/wp-json\/wp\/v2\/product_cat?post=16540"},{"taxonomy":"product_tag","embeddable":true,"href":"https:\/\/topholds.com\/sv\/wp-json\/wp\/v2\/product_tag?post=16540"}],"curies":[{"name":"wp","href":"https:\/\/api.w.org\/{rel}","templated":true}]}}