{"id":16545,"date":"2016-11-20T17:48:38","date_gmt":"2016-11-20T17:48:38","guid":{"rendered":"https:\/\/topholds.com\/oferta\/presas-escalada\/tiky\/tiky\/"},"modified":"2024-08-26T03:04:58","modified_gmt":"2024-08-26T03:04:58","slug":"tiky","status":"publish","type":"product","link":"https:\/\/topholds.com\/sv\/erbjudande\/klattringrepp\/barn\/tiky\/","title":{"rendered":"Barnkl\u00e4ttergrepp Tiky"},"content":{"rendered":"<p><strong>Tiky \u00e4r ett kl\u00e4ttringsgrepp f\u00f6r barn<\/strong> designat f\u00f6r att berika psykomotiska banor och fr\u00e4mja aktiv lek samt fysisk utveckling hos de minsta.<\/p>\n<p>Greppet Tiky \u00e4r <strong>l\u00e4mpligt att anv\u00e4nda med pinnar, r\u00f6r med 25 mm diameter och flytande r\u00f6r<\/strong> med 60 mm diameter, vilket erbjuder en stor variation av alternativ f\u00f6r att skapa banor och aktiviteter.<\/p>\n<p>Med dessa grepp kan du <strong>designa och bygga utmanande hinder och b\u00e5gar<\/strong> som barnen m\u00e5ste ta sig runt och passera, vilket st\u00e4rker deras koordination och motoriska f\u00e4rdigheter.<\/p>\n<p>Tack vare sin vikt och stabilitet \u00e4r <strong>greppet Tiky idealiskt att placera b\u00e5de p\u00e5 golvet och p\u00e5 v\u00e4ggen<\/strong>, vilket m\u00f6jligg\u00f6r skapandet av b\u00e5gar mellan v\u00e4ggen och golvet eller markbanor med pinnar.<\/p>\n<p>F\u00f6rvandla ditt lekomr\u00e5de till en milj\u00f6 fylld med gl\u00e4dje och underh\u00e5llning f\u00f6r de minsta, och erbjud otaliga aktiviteter och utmaningar f\u00f6r att h\u00e5lla dem aktiva och motiverade.<\/p>\n<p>Greppet Tiky kan <strong>enkelt skruvas fast p\u00e5 v\u00e4ggen med M10-skruvar, M8-skruvar eller pluggskruvar<\/strong>, vilket s\u00e4kerst\u00e4ller en stabil och h\u00e5llbar installation.<\/p>\n<p>T\u00e4nk p\u00e5 att produktens f\u00e4rger kan variera i f\u00f6rh\u00e5llande till bilden som visas. Om du \u00f6nskar en specifik f\u00e4rg, tveka inte att kontakta oss.<\/p>\n","protected":false},"excerpt":{"rendered":"<ul>\n<li>Tiky \u00e4r en kl\u00e4tteranl\u00e4ggning f\u00f6r barn f\u00f6r att skapa banor f\u00f6r psykomotorik.<\/li>\n<li>Den stimulerar psykomotorik och fysisk utveckling hos barn.<\/li>\n<li>Kompatibel med pikar, r\u00f6r p\u00e5 25 mm och flytande r\u00f6r p\u00e5 60 mm.<\/li>\n<li>Underl\u00e4ttar skapandet av hinder och b\u00e5gar i banor.<\/li>\n<li>Fr\u00e4mjar rollek och n\u00f6je f\u00f6r de sm\u00e5.<\/li>\n<\/ul>\n","protected":false},"featured_media":18849,"comment_status":"open","ping_status":"closed","template":"","meta":[],"product_brand":[],"product_cat":[479],"product_tag":[],"class_list":{"0":"post-16545","1":"product","2":"type-product","3":"status-publish","4":"has-post-thumbnail","6":"product_cat-barn","8":"first","9":"instock","10":"sale","11":"taxable","12":"shipping-taxable","13":"purchasable","14":"product-type-simple"},"_links":{"self":[{"href":"https:\/\/topholds.com\/sv\/wp-json\/wp\/v2\/product\/16545","targetHints":{"allow":["GET"]}}],"collection":[{"href":"https:\/\/topholds.com\/sv\/wp-json\/wp\/v2\/product"}],"about":[{"href":"https:\/\/topholds.com\/sv\/wp-json\/wp\/v2\/types\/product"}],"replies":[{"embeddable":true,"href":"https:\/\/topholds.com\/sv\/wp-json\/wp\/v2\/comments?post=16545"}],"wp:featuredmedia":[{"embeddable":true,"href":"https:\/\/topholds.com\/sv\/wp-json\/wp\/v2\/media\/18849"}],"wp:attachment":[{"href":"https:\/\/topholds.com\/sv\/wp-json\/wp\/v2\/media?parent=16545"}],"wp:term":[{"taxonomy":"product_brand","embeddable":true,"href":"https:\/\/topholds.com\/sv\/wp-json\/wp\/v2\/product_brand?post=16545"},{"taxonomy":"product_cat","embeddable":true,"href":"https:\/\/topholds.com\/sv\/wp-json\/wp\/v2\/product_cat?post=16545"},{"taxonomy":"product_tag","embeddable":true,"href":"https:\/\/topholds.com\/sv\/wp-json\/wp\/v2\/product_tag?post=16545"}],"curies":[{"name":"wp","href":"https:\/\/api.w.org\/{rel}","templated":true}]}}