{"id":16550,"date":"2016-11-20T18:37:54","date_gmt":"2016-11-20T18:37:54","guid":{"rendered":"https:\/\/topholds.com\/oferta\/presas-escalada\/haku\/haku\/"},"modified":"2024-08-26T03:06:41","modified_gmt":"2024-08-26T03:06:41","slug":"haku","status":"publish","type":"product","link":"https:\/\/topholds.com\/sv\/erbjudande\/klattringrepp\/barn\/haku\/","title":{"rendered":"Barnkl\u00e4ttergrepp Haku"},"content":{"rendered":"<p><strong>Haku \u00e4r ett barnkl\u00e4ttringshandtag<\/strong> utformat f\u00f6r att skapa <strong>psykomotricitetsbanor<\/strong>, som stimulerar lek och fysisk aktivitet hos de yngsta.<\/p>\n<p>Haku \u00e4r l\u00e4mplig f\u00f6r <strong>anv\u00e4ndning med flytande r\u00f6r med 60 mm i diameter<\/strong>, vilket m\u00f6jligg\u00f6r enkel integration i dina banor och aktiviteter.<\/p>\n<p>Med detta <em>kl\u00e4ttringshandtag<\/em> kan du <strong>skapa utmanande hinder och b\u00e5gar<\/strong> som barnen m\u00e5ste ta sig f\u00f6rbi, vilket uppmuntrar deras koordinationsf\u00f6rm\u00e5ga och motoriska f\u00e4rdigheter.<\/p>\n<p>Haku f\u00f6rvandlar din kl\u00e4ttringsv\u00e4gg till ett utrymme fullt av gl\u00e4dje och <strong>underh\u00e5llning f\u00f6r de yngsta<\/strong>, och m\u00f6jligg\u00f6r skapandet av otaliga spel och aktiviteter f\u00f6r att h\u00e5lla dem aktiva och motiverade.<\/p>\n<p>Haku-handtaget <strong>s\u00e4kras med skruvankare<\/strong>, vilket garanterar en stabil och h\u00e5llbar installation.<\/p>\n<p>T\u00e4nk p\u00e5 att f\u00e4rgerna p\u00e5 produkten kan variera fr\u00e5n bilden som visas. Om du \u00f6nskar en specifik f\u00e4rg, tveka inte att kontakta oss.<\/p>\n","protected":false},"excerpt":{"rendered":"<ul>\n<li>Haku \u00e4r en hinderbana f\u00f6r att skapa psykomotoriska kretsar.<\/li>\n<li>Stimulerar psykomotorik och koordination hos barn.<\/li>\n<li>Kompatibel med flytande r\u00f6r med en diameter p\u00e5 60 mm.<\/li>\n<li>Faciliterar skapandet av hinder och b\u00e5gar i kretsar.<\/li>\n<li>Erbjuder otaliga m\u00f6jligheter till aktiviteter och spel.<\/li>\n<\/ul>\n<p>&nbsp;<\/p>\n","protected":false},"featured_media":18854,"comment_status":"open","ping_status":"closed","template":"","meta":[],"product_brand":[],"product_cat":[479],"product_tag":[],"class_list":{"0":"post-16550","1":"product","2":"type-product","3":"status-publish","4":"has-post-thumbnail","6":"product_cat-barn","8":"first","9":"instock","10":"taxable","11":"shipping-taxable","12":"purchasable","13":"product-type-simple"},"_links":{"self":[{"href":"https:\/\/topholds.com\/sv\/wp-json\/wp\/v2\/product\/16550","targetHints":{"allow":["GET"]}}],"collection":[{"href":"https:\/\/topholds.com\/sv\/wp-json\/wp\/v2\/product"}],"about":[{"href":"https:\/\/topholds.com\/sv\/wp-json\/wp\/v2\/types\/product"}],"replies":[{"embeddable":true,"href":"https:\/\/topholds.com\/sv\/wp-json\/wp\/v2\/comments?post=16550"}],"wp:featuredmedia":[{"embeddable":true,"href":"https:\/\/topholds.com\/sv\/wp-json\/wp\/v2\/media\/18854"}],"wp:attachment":[{"href":"https:\/\/topholds.com\/sv\/wp-json\/wp\/v2\/media?parent=16550"}],"wp:term":[{"taxonomy":"product_brand","embeddable":true,"href":"https:\/\/topholds.com\/sv\/wp-json\/wp\/v2\/product_brand?post=16550"},{"taxonomy":"product_cat","embeddable":true,"href":"https:\/\/topholds.com\/sv\/wp-json\/wp\/v2\/product_cat?post=16550"},{"taxonomy":"product_tag","embeddable":true,"href":"https:\/\/topholds.com\/sv\/wp-json\/wp\/v2\/product_tag?post=16550"}],"curies":[{"name":"wp","href":"https:\/\/api.w.org\/{rel}","templated":true}]}}