{"id":16555,"date":"2016-11-20T18:54:02","date_gmt":"2016-11-20T18:54:02","guid":{"rendered":"https:\/\/topholds.com\/oferta\/presas-escalada\/tubis\/tubis\/"},"modified":"2026-01-24T21:13:42","modified_gmt":"2026-01-24T21:13:42","slug":"tubis","status":"publish","type":"product","link":"https:\/\/topholds.com\/sv\/erbjudande\/klattringrepp\/barn\/tubis\/","title":{"rendered":"Barnkl\u00e4ttergrepp Paket Tubis"},"content":{"rendered":"<p><strong>Tubis \u00e4r ett paket med 6 multifunktionella kl\u00e4ttringsgrepp<\/strong> designade f\u00f6r att skapa psykomotoriska kretsar som uppmuntrar till lek och fysisk aktivitet bland de minsta.<\/p>\n<p>Tubis-greppen \u00e4r <strong>kompatibla med pinnar och r\u00f6r med en diameter p\u00e5 25 mm<\/strong>, som de r\u00f6r du kan dekorera enkelt med f\u00e4rgglada band f\u00f6r att f\u00e5 estetiska och roliga resultat till en l\u00e5g kostnad. Med detta <em>paket av barnkl\u00e4ttringsgrepp<\/em> kan du skapa hinder och b\u00e5gar som barnen m\u00e5ste ta sig igenom, vilket stimulerar deras koordination och motoriska f\u00e4rdigheter.<\/p>\n<p>N\u00e4r de inte anv\u00e4nds med r\u00f6r har Tubis-greppen noggrant <strong>designats f\u00f6r att passa sm\u00e5 h\u00e4nder<\/strong>, vilket erbjuder positiva grepp, kanter och fickor trots sin kompakta storlek.<\/p>\n<p>F\u00f6rvandla din <strong>kl\u00e4tterv\u00e4gg till ett utrymme fyllt med gl\u00e4dje och n\u00f6je f\u00f6r de minsta<\/strong>, vilket m\u00f6jligg\u00f6r skapandet av otaliga spel och aktiviteter f\u00f6r att h\u00e5lla dem underh\u00e5llna och aktiva.<\/p>\n<p>F\u00f6r installation rekommenderas det att <strong>anv\u00e4nda skruvar M10x30 eller M8x30<\/strong>.<\/p>\n<p>T\u00e4nk p\u00e5 att produktens f\u00e4rger kan variera j\u00e4mf\u00f6rt med den visade bilden. Om du \u00f6nskar en specifik f\u00e4rg, tveka inte att kontakta oss.<\/p>\n","protected":false},"excerpt":{"rendered":"<ul>\n<li>Tubis \u00e4r en upps\u00e4ttning av 6 kl\u00e4ttergrepp f\u00f6r barn.<\/li>\n<li>Fr\u00e4mjar psykomotorik och koordination hos barn.<\/li>\n<li>Kompatibel med pinnar och r\u00f6r med en diameter p\u00e5 25 mm.<\/li>\n<li>Stimulerar kreativitet genom att skapa banor och hinder.<\/li>\n<li>Designad f\u00f6r att anpassas till sm\u00e5 h\u00e4nder.<\/li>\n<\/ul>\n","protected":false},"featured_media":18640,"comment_status":"open","ping_status":"closed","template":"","meta":[],"product_brand":[],"product_cat":[479],"product_tag":[],"class_list":{"0":"post-16555","1":"product","2":"type-product","3":"status-publish","4":"has-post-thumbnail","6":"product_cat-barn","8":"first","9":"instock","10":"taxable","11":"shipping-taxable","12":"purchasable","13":"product-type-simple"},"_links":{"self":[{"href":"https:\/\/topholds.com\/sv\/wp-json\/wp\/v2\/product\/16555","targetHints":{"allow":["GET"]}}],"collection":[{"href":"https:\/\/topholds.com\/sv\/wp-json\/wp\/v2\/product"}],"about":[{"href":"https:\/\/topholds.com\/sv\/wp-json\/wp\/v2\/types\/product"}],"replies":[{"embeddable":true,"href":"https:\/\/topholds.com\/sv\/wp-json\/wp\/v2\/comments?post=16555"}],"wp:featuredmedia":[{"embeddable":true,"href":"https:\/\/topholds.com\/sv\/wp-json\/wp\/v2\/media\/18640"}],"wp:attachment":[{"href":"https:\/\/topholds.com\/sv\/wp-json\/wp\/v2\/media?parent=16555"}],"wp:term":[{"taxonomy":"product_brand","embeddable":true,"href":"https:\/\/topholds.com\/sv\/wp-json\/wp\/v2\/product_brand?post=16555"},{"taxonomy":"product_cat","embeddable":true,"href":"https:\/\/topholds.com\/sv\/wp-json\/wp\/v2\/product_cat?post=16555"},{"taxonomy":"product_tag","embeddable":true,"href":"https:\/\/topholds.com\/sv\/wp-json\/wp\/v2\/product_tag?post=16555"}],"curies":[{"name":"wp","href":"https:\/\/api.w.org\/{rel}","templated":true}]}}