{"id":16565,"date":"2017-01-04T14:57:53","date_gmt":"2017-01-04T14:57:53","guid":{"rendered":"https:\/\/topholds.com\/oferta\/accesorios\/bola-de-magnesio-recargable\/uppladdningsbar-kritboll\/"},"modified":"2024-08-26T03:10:29","modified_gmt":"2024-08-26T03:10:29","slug":"uppladdningsbar-kritboll","status":"publish","type":"product","link":"https:\/\/topholds.com\/sv\/erbjudande\/tillbehor\/krita\/uppladdningsbar-kritboll\/","title":{"rendered":"Uppladdningsbar Kritboll"},"content":{"rendered":"<p>Den <strong>laddningsbara magnesiumbollen<\/strong> \u00e4r en praktisk l\u00f6sning f\u00f6r att h\u00e5lla dina h\u00e4nder torra och med optimalt grepp under dina sportaktiviteter. <\/p>\n<p>Med kapacitet f\u00f6r 56 g magnesium, fyll bara bollen med magnesium n\u00e4r det beh\u00f6vs f\u00f6r att s\u00e4kerst\u00e4lla en optimal prestanda.<\/p>\n","protected":false},"excerpt":{"rendered":"<ul>\n<li>Uppladdningsbar magnesiumboll 56g.<\/li>\n<li>Ger grepp och torkar dina h\u00e4nder utan att g\u00f6ra allt smutsigt.<\/li>\n<li>Bekv\u00e4m och s\u00e4ker st\u00e4ngning.<\/li>\n<\/ul>\n","protected":false},"featured_media":18874,"comment_status":"open","ping_status":"closed","template":"","meta":[],"product_brand":[],"product_cat":[505,422],"product_tag":[],"class_list":{"0":"post-16565","1":"product","2":"type-product","3":"status-publish","4":"has-post-thumbnail","6":"product_cat-krita","7":"product_cat-tillbehor","8":"product_shipping_class-ekonomifrakt","10":"first","11":"instock","12":"taxable","13":"shipping-taxable","14":"purchasable","15":"product-type-simple"},"_links":{"self":[{"href":"https:\/\/topholds.com\/sv\/wp-json\/wp\/v2\/product\/16565","targetHints":{"allow":["GET"]}}],"collection":[{"href":"https:\/\/topholds.com\/sv\/wp-json\/wp\/v2\/product"}],"about":[{"href":"https:\/\/topholds.com\/sv\/wp-json\/wp\/v2\/types\/product"}],"replies":[{"embeddable":true,"href":"https:\/\/topholds.com\/sv\/wp-json\/wp\/v2\/comments?post=16565"}],"wp:featuredmedia":[{"embeddable":true,"href":"https:\/\/topholds.com\/sv\/wp-json\/wp\/v2\/media\/18874"}],"wp:attachment":[{"href":"https:\/\/topholds.com\/sv\/wp-json\/wp\/v2\/media?parent=16565"}],"wp:term":[{"taxonomy":"product_brand","embeddable":true,"href":"https:\/\/topholds.com\/sv\/wp-json\/wp\/v2\/product_brand?post=16565"},{"taxonomy":"product_cat","embeddable":true,"href":"https:\/\/topholds.com\/sv\/wp-json\/wp\/v2\/product_cat?post=16565"},{"taxonomy":"product_tag","embeddable":true,"href":"https:\/\/topholds.com\/sv\/wp-json\/wp\/v2\/product_tag?post=16565"}],"curies":[{"name":"wp","href":"https:\/\/api.w.org\/{rel}","templated":true}]}}