{"id":16570,"date":"2017-01-08T17:36:44","date_gmt":"2017-01-08T17:36:44","guid":{"rendered":"https:\/\/topholds.com\/oferta\/presas-escalada\/grand-canyon\/grand-canyon\/"},"modified":"2024-08-26T03:12:07","modified_gmt":"2024-08-26T03:12:07","slug":"grand-canyon","status":"publish","type":"product","link":"https:\/\/topholds.com\/sv\/erbjudande\/klattringrepp\/grand-canyon\/","title":{"rendered":"Kl\u00e4ttergrepp Grand Canyon"},"content":{"rendered":"<p><strong>Grand Canyon \u00e4r ett exceptionellt m\u00e5ngsidigt kl\u00e4ttringsgrepp<\/strong> som erbjuder ett brett utbud av grepp f\u00f6r en eller tv\u00e5 h\u00e4nder som \u00e4r f\u00f6rdelade \u00f6ver hela sin omkrets. Designad med en <strong>mjuk sandstenstextur<\/strong> garanterar detta grepp ett bra grepp och en autentisk kl\u00e4ttringsupplevelse.<\/p>\n<p>Med sina gener\u00f6sa <strong>m\u00e5tt p\u00e5 200 mm i l\u00e4ngd, 160 mm i bredd och 100 mm i h\u00f6jd<\/strong>, erbjuder Grand Canyon-greppet en stor yta f\u00f6r att anpassa sig till olika kl\u00e4ttringsstilar.<\/p>\n<p>F\u00f6r installation rekommenderas det att <strong>anv\u00e4nda skruvar M10x50 eller M8x50<\/strong>. Dessutom har den tv\u00e5 extra h\u00e5l designade f\u00f6r dragskruvar, vilket ger \u00f6kad stabilitet och s\u00e4kerhet.<\/p>\n<p>T\u00e4nk p\u00e5 att f\u00e4rgerna p\u00e5 produkten kan variera j\u00e4mf\u00f6rt med bilden som visas. Om du \u00f6nskar en specifik f\u00e4rg, tveka inte att kontakta oss.<\/p>\n","protected":false},"excerpt":{"rendered":"<ul>\n<li>Diverse grepp f\u00f6r en eller tv\u00e5 h\u00e4nder utspridda \u00f6ver hela kanten.<\/li>\n<li>Sandliknande textur.<\/li>\n<li>Utrustad med tv\u00e5 extra h\u00e5l f\u00f6r skruvar.<\/li>\n<\/ul>\n<p>&nbsp;<\/p>\n<p>&nbsp;<\/p>\n<p>&nbsp;<\/p>\n","protected":false},"featured_media":18929,"comment_status":"open","ping_status":"closed","template":"","meta":[],"product_brand":[],"product_cat":[425],"product_tag":[],"class_list":{"0":"post-16570","1":"product","2":"type-product","3":"status-publish","4":"has-post-thumbnail","6":"product_cat-klattringrepp","8":"first","9":"instock","10":"taxable","11":"shipping-taxable","12":"purchasable","13":"product-type-simple"},"_links":{"self":[{"href":"https:\/\/topholds.com\/sv\/wp-json\/wp\/v2\/product\/16570","targetHints":{"allow":["GET"]}}],"collection":[{"href":"https:\/\/topholds.com\/sv\/wp-json\/wp\/v2\/product"}],"about":[{"href":"https:\/\/topholds.com\/sv\/wp-json\/wp\/v2\/types\/product"}],"replies":[{"embeddable":true,"href":"https:\/\/topholds.com\/sv\/wp-json\/wp\/v2\/comments?post=16570"}],"wp:featuredmedia":[{"embeddable":true,"href":"https:\/\/topholds.com\/sv\/wp-json\/wp\/v2\/media\/18929"}],"wp:attachment":[{"href":"https:\/\/topholds.com\/sv\/wp-json\/wp\/v2\/media?parent=16570"}],"wp:term":[{"taxonomy":"product_brand","embeddable":true,"href":"https:\/\/topholds.com\/sv\/wp-json\/wp\/v2\/product_brand?post=16570"},{"taxonomy":"product_cat","embeddable":true,"href":"https:\/\/topholds.com\/sv\/wp-json\/wp\/v2\/product_cat?post=16570"},{"taxonomy":"product_tag","embeddable":true,"href":"https:\/\/topholds.com\/sv\/wp-json\/wp\/v2\/product_tag?post=16570"}],"curies":[{"name":"wp","href":"https:\/\/api.w.org\/{rel}","templated":true}]}}