{"id":16575,"date":"2017-01-15T20:50:38","date_gmt":"2017-01-15T20:50:38","guid":{"rendered":"https:\/\/topholds.com\/oferta\/presas-escalada\/tubis-duck\/tubis-duck\/"},"modified":"2024-08-26T03:13:35","modified_gmt":"2024-08-26T03:13:35","slug":"tubis-duck","status":"publish","type":"product","link":"https:\/\/topholds.com\/sv\/erbjudande\/klattringrepp\/barn\/tubis-duck\/","title":{"rendered":"Barnkl\u00e4ttergrepp Tubis Duck"},"content":{"rendered":"<p><strong>Tubis Duck \u00e4r en kl\u00e4ttergrepp f\u00f6r barn<\/strong> som \u00e4r speciellt utformad f\u00f6r att skapa psykomotricitetscirklar som underh\u00e5ller och stimulerar de minsta.<\/p>\n<p>Detta m\u00e5ngsidiga <em>kl\u00e4ttergrepp f\u00f6r barn<\/em> \u00e4r <strong>kompatibelt med r\u00f6r och tuber med en diameter p\u00e5 25 mm<\/strong>, som de som anv\u00e4nds inom VVS. Anpassa och dekorera tunnorna med f\u00e4rgglada band f\u00f6r att uppn\u00e5 en attraktiv och rolig finish till en minimal kostnad.<\/p>\n<p>Med <strong>Tubis Duck-greppen<\/strong> kan du <strong>designa utmanande hinder och b\u00e5gar<\/strong> som barnen m\u00e5ste ta sig f\u00f6rbi och \u00f6ver, och d\u00e4rmed fr\u00e4mja deras kreativitet och motoriska f\u00e4rdigheter.<\/p>\n<p>N\u00e4r r\u00f6ren tas bort, blir Tubis Duck ett <strong>grepp designat f\u00f6r att ge en sk\u00e5l, kant eller kl\u00e4mma som \u00e4r l\u00e4tt att greppa<\/strong>, anpassat f\u00f6r sm\u00e5 h\u00e4nder och erbjuder ett s\u00e4kert och bekv\u00e4mt grepp.<\/p>\n<p>Med Tubis Duck-greppen kan du <strong>fylla din v\u00e4gg med gl\u00e4dje och n\u00f6je f\u00f6r de sm\u00e5<\/strong>, samt skapa en m\u00e4ngd spel och aktiviteter f\u00f6r deras n\u00f6je.<\/p>\n<p>F\u00f6r installation rekommenderas att anv\u00e4nda skruvar M10x40 eller M8x40.<\/p>\n<p>T\u00e4nk p\u00e5 att produktens f\u00e4rger kan variera fr\u00e5n bilden som visas. Om du \u00f6nskar en specifik f\u00e4rg, tveka inte att kontakta oss.<\/p>\n","protected":false},"excerpt":{"rendered":"<ul>\n<li>Kl\u00e4mma f\u00f6r att g\u00f6ra roliga och varierade psykomotoriska kretsar.<\/li>\n<li>Passar f\u00f6r att s\u00e4tta in pinnar och r\u00f6r med en diameter p\u00e5 25 mm som du kan anpassa med f\u00e4rger.<\/li>\n<li>M\u00f6jligg\u00f6r skapandet av hinder och b\u00e5gar f\u00f6r att stimulera r\u00f6relse och koordination hos de sm\u00e5.<\/li>\n<li>Kl\u00e4mma i form av en anka och olika typer av grepp (skopa, kant eller t\u00e5ng) anpassade f\u00f6r sm\u00e5 h\u00e4nder.<\/li>\n<\/ul>\n","protected":false},"featured_media":18949,"comment_status":"open","ping_status":"closed","template":"","meta":[],"product_brand":[],"product_cat":[479],"product_tag":[],"class_list":{"0":"post-16575","1":"product","2":"type-product","3":"status-publish","4":"has-post-thumbnail","6":"product_cat-barn","8":"first","9":"instock","10":"taxable","11":"shipping-taxable","12":"purchasable","13":"product-type-simple"},"_links":{"self":[{"href":"https:\/\/topholds.com\/sv\/wp-json\/wp\/v2\/product\/16575","targetHints":{"allow":["GET"]}}],"collection":[{"href":"https:\/\/topholds.com\/sv\/wp-json\/wp\/v2\/product"}],"about":[{"href":"https:\/\/topholds.com\/sv\/wp-json\/wp\/v2\/types\/product"}],"replies":[{"embeddable":true,"href":"https:\/\/topholds.com\/sv\/wp-json\/wp\/v2\/comments?post=16575"}],"wp:featuredmedia":[{"embeddable":true,"href":"https:\/\/topholds.com\/sv\/wp-json\/wp\/v2\/media\/18949"}],"wp:attachment":[{"href":"https:\/\/topholds.com\/sv\/wp-json\/wp\/v2\/media?parent=16575"}],"wp:term":[{"taxonomy":"product_brand","embeddable":true,"href":"https:\/\/topholds.com\/sv\/wp-json\/wp\/v2\/product_brand?post=16575"},{"taxonomy":"product_cat","embeddable":true,"href":"https:\/\/topholds.com\/sv\/wp-json\/wp\/v2\/product_cat?post=16575"},{"taxonomy":"product_tag","embeddable":true,"href":"https:\/\/topholds.com\/sv\/wp-json\/wp\/v2\/product_tag?post=16575"}],"curies":[{"name":"wp","href":"https:\/\/api.w.org\/{rel}","templated":true}]}}