{"id":16580,"date":"2017-01-18T20:27:15","date_gmt":"2017-01-18T20:27:15","guid":{"rendered":"https:\/\/topholds.com\/oferta\/presas-escalada\/tubis-dog\/tubis-dog\/"},"modified":"2024-08-26T03:15:15","modified_gmt":"2024-08-26T03:15:15","slug":"tubis-dog","status":"publish","type":"product","link":"https:\/\/topholds.com\/sv\/erbjudande\/klattringrepp\/barn\/tubis-dog\/","title":{"rendered":"Barnkl\u00e4ttergrepp Tubis Dog"},"content":{"rendered":"<p><strong>Tubis Dog \u00e4r ett kl\u00e4ttergrepp f\u00f6r barn<\/strong> som \u00e4r speciellt utformat f\u00f6r att skapa psykomotoriska banor som underh\u00e5ller och stimulerar de yngsta.<\/p>\n<p>Detta m\u00e5ngsidiga <em>barngrepp<\/em> \u00e4r <strong>kompatibelt med r\u00f6r och tuber med en diameter p\u00e5 25 mm<\/strong>, som de som anv\u00e4nds inom VVS. Anpassa och dekorera tuberna med f\u00e4rgglada band f\u00f6r att uppn\u00e5 en attraktiv och rolig finish till en minimal kostnad.<\/p>\n<p>Med <em>greppen Tubis Dog<\/em> kan du <strong>designa utmanande hinder och b\u00e5gar<\/strong> som barnen m\u00e5ste navigera f\u00f6rbi, vilket fr\u00e4mjar deras kreativitet och motoriska f\u00e4rdigheter.<\/p>\n<p>N\u00e4r r\u00f6ren tas bort omvandlas Tubis Dog-greppen till ett <strong>grepp utformat f\u00f6r att erbjuda ett l\u00e4tt grepp<\/strong>, anpassat f\u00f6r sm\u00e5 h\u00e4nder och ger en s\u00e4ker och komfortabel kl\u00e4mning.<\/p>\n<p>Med Tubis Dog kan du fylla din v\u00e4gg med gl\u00e4dje och n\u00f6je f\u00f6r de sm\u00e5, samt <strong>skapa en m\u00e4ngd spel och aktiviteter<\/strong> f\u00f6r deras njutning.<\/p>\n<p>F\u00f6r installation rekommenderas det att anv\u00e4nda skruvar M10x40 eller M8x40.<\/p>\n<p>Utnyttja f\u00f6rdelarna med <em>greppen Tubis Dog<\/em> och f\u00f6rvandla ditt utrymme till ett paradis av n\u00f6je f\u00f6r barnen!<\/p>\n<p>T\u00e4nk p\u00e5 att produktens f\u00e4rger kan variera fr\u00e5n bilden som visas. Om du \u00f6nskar en specifik f\u00e4rg, tveka inte att kontakta oss.<\/p>\n","protected":false},"excerpt":{"rendered":"<ul>\n<li>Grepp f\u00f6r att skapa roliga och varierade psykomotoriska kretsar.<\/li>\n<li>Passar f\u00f6r att s\u00e4tta in pinnar och r\u00f6r med 25 mm diametern som du kan anpassa med f\u00e4rger.<\/li>\n<li>M\u00f6jligg\u00f6r skapandet av hinder och b\u00e5gar f\u00f6r att stimulera r\u00f6relse och koordination hos de sm\u00e5.<\/li>\n<li>Grepp med hundform och sk\u00e5l f\u00f6r ett bekv\u00e4mt och s\u00e4kert grepp.<\/li>\n<\/ul>\n","protected":false},"featured_media":18974,"comment_status":"open","ping_status":"closed","template":"","meta":[],"product_brand":[],"product_cat":[479],"product_tag":[],"class_list":{"0":"post-16580","1":"product","2":"type-product","3":"status-publish","4":"has-post-thumbnail","6":"product_cat-barn","8":"first","9":"instock","10":"taxable","11":"shipping-taxable","12":"purchasable","13":"product-type-simple"},"_links":{"self":[{"href":"https:\/\/topholds.com\/sv\/wp-json\/wp\/v2\/product\/16580","targetHints":{"allow":["GET"]}}],"collection":[{"href":"https:\/\/topholds.com\/sv\/wp-json\/wp\/v2\/product"}],"about":[{"href":"https:\/\/topholds.com\/sv\/wp-json\/wp\/v2\/types\/product"}],"replies":[{"embeddable":true,"href":"https:\/\/topholds.com\/sv\/wp-json\/wp\/v2\/comments?post=16580"}],"wp:featuredmedia":[{"embeddable":true,"href":"https:\/\/topholds.com\/sv\/wp-json\/wp\/v2\/media\/18974"}],"wp:attachment":[{"href":"https:\/\/topholds.com\/sv\/wp-json\/wp\/v2\/media?parent=16580"}],"wp:term":[{"taxonomy":"product_brand","embeddable":true,"href":"https:\/\/topholds.com\/sv\/wp-json\/wp\/v2\/product_brand?post=16580"},{"taxonomy":"product_cat","embeddable":true,"href":"https:\/\/topholds.com\/sv\/wp-json\/wp\/v2\/product_cat?post=16580"},{"taxonomy":"product_tag","embeddable":true,"href":"https:\/\/topholds.com\/sv\/wp-json\/wp\/v2\/product_tag?post=16580"}],"curies":[{"name":"wp","href":"https:\/\/api.w.org\/{rel}","templated":true}]}}