{"id":16585,"date":"2017-01-29T15:55:59","date_gmt":"2017-01-29T15:55:59","guid":{"rendered":"https:\/\/topholds.com\/oferta\/presas-escalada\/thera\/thera\/"},"modified":"2024-08-26T03:16:46","modified_gmt":"2024-08-26T03:16:46","slug":"thera","status":"publish","type":"product","link":"https:\/\/topholds.com\/sv\/erbjudande\/klattringrepp\/thera\/","title":{"rendered":"Kl\u00e4ttergrepp Paket Thera"},"content":{"rendered":"<p><strong>Thera \u00e4r ett paket med 4 unika kl\u00e4ttringsgrepp<\/strong> med en mjuk sandstenstextur.<\/p>\n<p>Dessa grepp \u00e4r utformade f\u00f6r att <strong>anpassas till olika grepp genom att helt enkelt vrida dem<\/strong>, vilket m\u00f6jligg\u00f6r variation i sv\u00e5righetsgrad och typ av grepp beroende p\u00e5 kl\u00e4ttrares behov.<\/p>\n<p><em>Thera-grepppaketet<\/em> inkluderar en yta med <strong>extra textur f\u00f6r att underl\u00e4tta grepp p\u00e5 plana ytor<\/strong>, medan tv\u00e5 ytor har en glansig textur som g\u00f6r det sv\u00e5rare att greppa, men med en kant designad f\u00f6r att f\u00f6rhindra att greppet glider av.<\/p>\n<p>F\u00f6r installation rekommenderas det att <strong>anv\u00e4nda M10x50 eller M8x50 skruvar<\/strong>. Alla grepp har ett h\u00e5l f\u00f6r skruv som f\u00f6rhindrar rotation, vilket garanterar deras s\u00e4kerhet och stabilitet p\u00e5 v\u00e4ggen.<\/p>\n<p>Njut av de m\u00e5nga m\u00f6jligheterna som Thera-kollektionen erbjuder och berika ditt kl\u00e4ttringsutrymme med dessa grepp.<\/p>\n<p>T\u00e4nk p\u00e5 att produktens f\u00e4rger kan variera j\u00e4mf\u00f6rt med bilden som visas. Om du \u00f6nskar en specifik f\u00e4rg, tveka inte att kontakta oss.<\/p>\n","protected":false},"excerpt":{"rendered":"<ul>\n<li>Thera \u00e4r ett set med 4 kl\u00e4ttergrepp.<\/li>\n<li>Sandstensstruktur.<\/li>\n<li>Mycket m\u00e5ngsidiga grepp som vi kan rotera f\u00f6r att f\u00e5 olika grepp.<\/li>\n<li>Extra textur p\u00e5 en av sidorna f\u00f6r att underl\u00e4tta f\u00e4ste p\u00e5 planet.<\/li>\n<li>Tv\u00e5 sidor med glansig textur f\u00f6r att g\u00f6ra pinchen sv\u00e5rare men med en kant s\u00e5 att den aldrig glider ur h\u00e4nderna.<\/li>\n<\/ul>\n","protected":false},"featured_media":18979,"comment_status":"open","ping_status":"closed","template":"","meta":[],"product_brand":[],"product_cat":[425],"product_tag":[],"class_list":{"0":"post-16585","1":"product","2":"type-product","3":"status-publish","4":"has-post-thumbnail","6":"product_cat-klattringrepp","8":"first","9":"instock","10":"taxable","11":"shipping-taxable","12":"purchasable","13":"product-type-simple"},"_links":{"self":[{"href":"https:\/\/topholds.com\/sv\/wp-json\/wp\/v2\/product\/16585","targetHints":{"allow":["GET"]}}],"collection":[{"href":"https:\/\/topholds.com\/sv\/wp-json\/wp\/v2\/product"}],"about":[{"href":"https:\/\/topholds.com\/sv\/wp-json\/wp\/v2\/types\/product"}],"replies":[{"embeddable":true,"href":"https:\/\/topholds.com\/sv\/wp-json\/wp\/v2\/comments?post=16585"}],"wp:featuredmedia":[{"embeddable":true,"href":"https:\/\/topholds.com\/sv\/wp-json\/wp\/v2\/media\/18979"}],"wp:attachment":[{"href":"https:\/\/topholds.com\/sv\/wp-json\/wp\/v2\/media?parent=16585"}],"wp:term":[{"taxonomy":"product_brand","embeddable":true,"href":"https:\/\/topholds.com\/sv\/wp-json\/wp\/v2\/product_brand?post=16585"},{"taxonomy":"product_cat","embeddable":true,"href":"https:\/\/topholds.com\/sv\/wp-json\/wp\/v2\/product_cat?post=16585"},{"taxonomy":"product_tag","embeddable":true,"href":"https:\/\/topholds.com\/sv\/wp-json\/wp\/v2\/product_tag?post=16585"}],"curies":[{"name":"wp","href":"https:\/\/api.w.org\/{rel}","templated":true}]}}