{"id":16590,"date":"2017-01-29T16:08:40","date_gmt":"2017-01-29T16:08:40","guid":{"rendered":"https:\/\/topholds.com\/oferta\/presas-escalada\/versatil\/versatil\/"},"modified":"2024-08-26T03:18:23","modified_gmt":"2024-08-26T03:18:23","slug":"versatil","status":"publish","type":"product","link":"https:\/\/topholds.com\/sv\/erbjudande\/klattringrepp\/versatil\/","title":{"rendered":"Versatil Kl\u00e4ttergrepp Paket"},"content":{"rendered":"<p><strong>Vers\u00e1til \u00e4r ett paket med 18 kl\u00e4ttringshandtag<\/strong> av h\u00f6g kvalitet med en mjuk sandstensstruktur som ger en exceptionell kl\u00e4tterupplevelse.<\/p>\n<p>Detta urval av <strong>sm\u00e5 handtag, med en h\u00f6jd p\u00e5 upp till 4 cm<\/strong>, g\u00f6r dem till det ideala valet f\u00f6r barn att kl\u00e4ttra bekv\u00e4mt med skor. Dessutom har de h\u00f6ga och positiva grepp som underl\u00e4ttar s\u00e4ker anv\u00e4ndning av h\u00e4nderna under kl\u00e4ttringen.<\/p>\n<p><em>Paketet med handtag Vers\u00e1til<\/em> \u00e4r perfekt f\u00f6r att l\u00e4gga till <strong>variation och utmaning till vilken kl\u00e4tterv\u00e4gg som helst<\/strong>, och dess design g\u00f6r att de kan anpassas till olika f\u00e4rdighetsniv\u00e5er och \u00e5ldrar.<\/p>\n<p>F\u00f6r installation rekommenderas det att <strong>anv\u00e4nda skruvar M10x40 eller M8x40<\/strong>.<\/p>\n<p>Observera att f\u00e4rgerna p\u00e5 produkten kan variera i f\u00f6rh\u00e5llande till bilden som visas. Om du vill ha en specifik f\u00e4rg, tveka inte att kontakta oss.<\/p>\n","protected":false},"excerpt":{"rendered":"<ul>\n<li>Versatile \u00e4r ett paket med 18 kl\u00e4ttergrepp.<\/li>\n<li>Mjuk sandstensstruktur.<\/li>\n<li>Det handlar om sm\u00e5 grepp med en h\u00f6jd p\u00e5 upp till 4 cm.<\/li>\n<li>Idealiska f\u00f6r barn med skor.<\/li>\n<li>Bra grepp, h\u00f6ga och positiva f\u00f6r h\u00e4nderna.<\/li>\n<\/ul>\n","protected":false},"featured_media":18479,"comment_status":"open","ping_status":"closed","template":"","meta":[],"product_brand":[],"product_cat":[425],"product_tag":[],"class_list":{"0":"post-16590","1":"product","2":"type-product","3":"status-publish","4":"has-post-thumbnail","6":"product_cat-klattringrepp","8":"first","9":"instock","10":"sale","11":"taxable","12":"shipping-taxable","13":"purchasable","14":"product-type-simple"},"_links":{"self":[{"href":"https:\/\/topholds.com\/sv\/wp-json\/wp\/v2\/product\/16590","targetHints":{"allow":["GET"]}}],"collection":[{"href":"https:\/\/topholds.com\/sv\/wp-json\/wp\/v2\/product"}],"about":[{"href":"https:\/\/topholds.com\/sv\/wp-json\/wp\/v2\/types\/product"}],"replies":[{"embeddable":true,"href":"https:\/\/topholds.com\/sv\/wp-json\/wp\/v2\/comments?post=16590"}],"wp:featuredmedia":[{"embeddable":true,"href":"https:\/\/topholds.com\/sv\/wp-json\/wp\/v2\/media\/18479"}],"wp:attachment":[{"href":"https:\/\/topholds.com\/sv\/wp-json\/wp\/v2\/media?parent=16590"}],"wp:term":[{"taxonomy":"product_brand","embeddable":true,"href":"https:\/\/topholds.com\/sv\/wp-json\/wp\/v2\/product_brand?post=16590"},{"taxonomy":"product_cat","embeddable":true,"href":"https:\/\/topholds.com\/sv\/wp-json\/wp\/v2\/product_cat?post=16590"},{"taxonomy":"product_tag","embeddable":true,"href":"https:\/\/topholds.com\/sv\/wp-json\/wp\/v2\/product_tag?post=16590"}],"curies":[{"name":"wp","href":"https:\/\/api.w.org\/{rel}","templated":true}]}}