{"id":16600,"date":"2017-02-26T20:22:57","date_gmt":"2017-02-26T20:22:57","guid":{"rendered":"https:\/\/topholds.com\/oferta\/presas-escalada\/tubis-frog\/tubis-frog\/"},"modified":"2024-08-26T03:21:13","modified_gmt":"2024-08-26T03:21:13","slug":"tubis-frog","status":"publish","type":"product","link":"https:\/\/topholds.com\/sv\/erbjudande\/klattringrepp\/barn\/tubis-frog\/","title":{"rendered":"Barnkl\u00e4ttergrepp Tubis Frog"},"content":{"rendered":"<p><strong>Tubis Frog \u00e4r ett innovativt kl\u00e4ttringsgrepp f\u00f6r barn<\/strong>, speciellt designat f\u00f6r att skapa motorikbanor som underh\u00e5ller och stimulerar de yngre.<\/p>\n<p>Detta m\u00e5ngsidiga grepp \u00e4r <strong>kompatibelt med r\u00f6r och tuber med en diameter p\u00e5 25 mm<\/strong>, som de som anv\u00e4nds inom VVS. Anpassa och dekorera r\u00f6ren med f\u00e4rgglada Band f\u00f6r att uppn\u00e5 ett attraktivt och roligt utseende till en minimal kostnad.<\/p>\n<p>Med Tubis Frog-grepp kan du <strong>utforma utmanande hinder och b\u00e5gar<\/strong> som barnen m\u00e5ste ta sig f\u00f6rbi och \u00f6ver, vilket fr\u00e4mjar deras kreativitet och motoriska f\u00e4rdigheter.<\/p>\n<p>N\u00e4r r\u00f6ren tas bort f\u00f6rvandlas Tubis Frog till ett <strong>grepp utformat f\u00f6r att ge ett s\u00e4kert och anpassat grepp<\/strong> f\u00f6r sm\u00e5 h\u00e4nder, s\u00e5 att de enkelt kan hitta ett grepp, en kant eller en kl\u00e4mma.<\/p>\n<p>Med Tubis Frog kan du fylla din v\u00e4gg med gl\u00e4dje och n\u00f6je f\u00f6r de sm\u00e5, samt skapa en m\u00e4ngd spel och aktiviteter f\u00f6r deras njutning.<\/p>\n<p>F\u00f6r installation rekommenderas att <strong>anv\u00e4nda skruvar M10x40 eller M8x40<\/strong>.<\/p>\n<p>Observera att produktens f\u00e4rger kan variera fr\u00e5n bilden som visas. Om du \u00f6nskar en specifik f\u00e4rg, tveka inte att kontakta oss.<\/p>\n","protected":false},"excerpt":{"rendered":"<ul>\n<li>Grepp f\u00f6r att skapa roliga och varierande psykomotoriska banor.<\/li>\n<li>L\u00e4mplig f\u00f6r att s\u00e4tta in pinnar och r\u00f6r med en diameter p\u00e5 25 mm som du kan anpassa med f\u00e4rger.<\/li>\n<li>M\u00f6jligg\u00f6r att skapa hinder och b\u00e5gar f\u00f6r att stimulera r\u00f6relse och koordination hos de sm\u00e5.<\/li>\n<li>Grepp med olika typer av handtag (sk\u00e5l, kant eller kl\u00e4mma) anpassade f\u00f6r sm\u00e5 h\u00e4nder.<\/li>\n<\/ul>\n","protected":false},"featured_media":19034,"comment_status":"open","ping_status":"closed","template":"","meta":[],"product_brand":[],"product_cat":[479],"product_tag":[],"class_list":{"0":"post-16600","1":"product","2":"type-product","3":"status-publish","4":"has-post-thumbnail","6":"product_cat-barn","8":"first","9":"instock","10":"taxable","11":"shipping-taxable","12":"purchasable","13":"product-type-simple"},"_links":{"self":[{"href":"https:\/\/topholds.com\/sv\/wp-json\/wp\/v2\/product\/16600","targetHints":{"allow":["GET"]}}],"collection":[{"href":"https:\/\/topholds.com\/sv\/wp-json\/wp\/v2\/product"}],"about":[{"href":"https:\/\/topholds.com\/sv\/wp-json\/wp\/v2\/types\/product"}],"replies":[{"embeddable":true,"href":"https:\/\/topholds.com\/sv\/wp-json\/wp\/v2\/comments?post=16600"}],"wp:featuredmedia":[{"embeddable":true,"href":"https:\/\/topholds.com\/sv\/wp-json\/wp\/v2\/media\/19034"}],"wp:attachment":[{"href":"https:\/\/topholds.com\/sv\/wp-json\/wp\/v2\/media?parent=16600"}],"wp:term":[{"taxonomy":"product_brand","embeddable":true,"href":"https:\/\/topholds.com\/sv\/wp-json\/wp\/v2\/product_brand?post=16600"},{"taxonomy":"product_cat","embeddable":true,"href":"https:\/\/topholds.com\/sv\/wp-json\/wp\/v2\/product_cat?post=16600"},{"taxonomy":"product_tag","embeddable":true,"href":"https:\/\/topholds.com\/sv\/wp-json\/wp\/v2\/product_tag?post=16600"}],"curies":[{"name":"wp","href":"https:\/\/api.w.org\/{rel}","templated":true}]}}