{"id":16605,"date":"2017-02-26T20:33:15","date_gmt":"2017-02-26T20:33:15","guid":{"rendered":"https:\/\/topholds.com\/oferta\/presas-escalada\/tubis-basic\/tubis-basic\/"},"modified":"2024-08-26T03:22:32","modified_gmt":"2024-08-26T03:22:32","slug":"tubis-basic","status":"publish","type":"product","link":"https:\/\/topholds.com\/sv\/erbjudande\/klattringrepp\/barn\/tubis-basic\/","title":{"rendered":"Barnkl\u00e4ttergrepp Tubis Basic"},"content":{"rendered":"<p><strong>Tubis Basic \u00e4r en ekonomisk och m\u00e5ngsidig barnkl\u00e4ttringshandtag<\/strong>, designad specifikt f\u00f6r att skapa psykomotoriska banor som underh\u00e5ller och stimulerar de yngsta.<\/p>\n<p>Detta handtag \u00e4r <strong>kompatibelt med r\u00f6r och tuber med 25 mm diameter<\/strong>, som de som anv\u00e4nds inom VVS. Anpassa och dekorera tuberna med f\u00e4rgglada band f\u00f6r att uppn\u00e5 en attraktiv och rolig finish till en l\u00e5g kostnad.<\/p>\n<p>Med <em>Tubis Basic handtag<\/em> kan du <strong>designa utmanande hinder och b\u00e5gar<\/strong> som barnen m\u00e5ste ta sig f\u00f6rbi, vilket uppmuntrar deras kreativitet och motoriska f\u00e4rdigheter.<\/p>\n<p>Denna del \u00e4r det mest ekonomiska alternativet i v\u00e5r Tubis-serie, och \u00e4r <strong>idealisk f\u00f6r kl\u00e4ttringsv\u00e4ggar som vill erbjuda barnbanor utan att offra de konventionella handtagen<\/strong>, eftersom de f\u00e4sts med skruvar.<\/p>\n<p>Med Tubis Basic kan du fylla din v\u00e4gg med gl\u00e4dje och roligt f\u00f6r de sm\u00e5, samt skapa en m\u00e4ngd spel och aktiviteter f\u00f6r deras n\u00f6je.<\/p>\n<p>F\u00f6r installation kr\u00e4vs <strong>2 skruvar av 4&#215;40 mm<\/strong>.<\/p>\n<p>T\u00e4nk p\u00e5 att f\u00e4rgerna p\u00e5 produkten kan variera j\u00e4mf\u00f6rt med bilden som visas. Om du \u00f6nskar en specifik f\u00e4rg, tveka inte att kontakta oss.<\/p>\n","protected":false},"excerpt":{"rendered":"<ul>\n<li>Pressa f\u00f6r att skapa ekonomiska och kreativa psykomotoriska kretsar.<\/li>\n<li>Passar f\u00f6r att s\u00e4tta in pinnar och r\u00f6r med en diameter p\u00e5 25 mm som du kan anpassa med f\u00e4rger.<\/li>\n<li>G\u00f6r det m\u00f6jligt att skapa hinder och b\u00e5gar f\u00f6r att fr\u00e4mja lek och f\u00e4rdigheter hos de sm\u00e5.<\/li>\n<li>2 skruv 4&#215;40 mm f\u00f6r snabb installation.<\/li>\n<\/ul>\n","protected":false},"featured_media":19049,"comment_status":"open","ping_status":"closed","template":"","meta":[],"product_brand":[],"product_cat":[479],"product_tag":[],"class_list":{"0":"post-16605","1":"product","2":"type-product","3":"status-publish","4":"has-post-thumbnail","6":"product_cat-barn","8":"first","9":"instock","10":"taxable","11":"shipping-taxable","12":"purchasable","13":"product-type-simple"},"_links":{"self":[{"href":"https:\/\/topholds.com\/sv\/wp-json\/wp\/v2\/product\/16605","targetHints":{"allow":["GET"]}}],"collection":[{"href":"https:\/\/topholds.com\/sv\/wp-json\/wp\/v2\/product"}],"about":[{"href":"https:\/\/topholds.com\/sv\/wp-json\/wp\/v2\/types\/product"}],"replies":[{"embeddable":true,"href":"https:\/\/topholds.com\/sv\/wp-json\/wp\/v2\/comments?post=16605"}],"wp:featuredmedia":[{"embeddable":true,"href":"https:\/\/topholds.com\/sv\/wp-json\/wp\/v2\/media\/19049"}],"wp:attachment":[{"href":"https:\/\/topholds.com\/sv\/wp-json\/wp\/v2\/media?parent=16605"}],"wp:term":[{"taxonomy":"product_brand","embeddable":true,"href":"https:\/\/topholds.com\/sv\/wp-json\/wp\/v2\/product_brand?post=16605"},{"taxonomy":"product_cat","embeddable":true,"href":"https:\/\/topholds.com\/sv\/wp-json\/wp\/v2\/product_cat?post=16605"},{"taxonomy":"product_tag","embeddable":true,"href":"https:\/\/topholds.com\/sv\/wp-json\/wp\/v2\/product_tag?post=16605"}],"curies":[{"name":"wp","href":"https:\/\/api.w.org\/{rel}","templated":true}]}}