{"id":16610,"date":"2017-03-03T06:21:03","date_gmt":"2017-03-03T06:21:03","guid":{"rendered":"https:\/\/topholds.com\/oferta\/presas-escalada\/tubis-ball\/tubis-ball\/"},"modified":"2024-08-26T03:23:56","modified_gmt":"2024-08-26T03:23:56","slug":"tubis-ball","status":"publish","type":"product","link":"https:\/\/topholds.com\/sv\/erbjudande\/klattringrepp\/barn\/tubis-ball\/","title":{"rendered":"Barnkl\u00e4ttergrepp Tubis Ball"},"content":{"rendered":"<p><strong>Tubis Ball \u00e4r ett kl\u00e4ttergrepp f\u00f6r barn<\/strong> som \u00e4r s\u00e4rskilt utformat f\u00f6r att skapa banor f\u00f6r psykomotorik, vilket ger roligt och stimulans till de yngsta.<\/p>\n<p>Detta m\u00e5ngsidiga grepp \u00e4r <strong>kompatibelt med r\u00f6r och tuber med en diameter p\u00e5 25 mm<\/strong>, som de som anv\u00e4nds inom VVS. Anpassa och dekorera r\u00f6ren med f\u00e4rgglada band f\u00f6r att f\u00e5 en estetisk och rolig finish till en l\u00e5g kostnad.<\/p>\n<p>Med Tubis Ball kan du <strong>designa utmanande hinder och b\u00e5gar<\/strong> som barnen m\u00e5ste \u00f6vervinna och passera, vilket fr\u00e4mjar deras kreativitet och motoriska f\u00e4rdigheter.<\/p>\n<p>N\u00e4r r\u00f6ren tas bort, f\u00f6rvandlas Tubis Ball till ett <strong>helt runt grepp med 7 cm i diameter<\/strong>, vilket ger ett fast grepp som passar de sm\u00e5 h\u00e4nderna och s\u00e4kerst\u00e4ller deras s\u00e4kerhet och n\u00f6je.<\/p>\n<p>L\u00e4gg till en touch av rolig och f\u00e4rg p\u00e5 din v\u00e4gg med detta multifunktionella grepp, och skapa en o\u00e4ndlig variation av spel och aktiviteter f\u00f6r de yngsta.<\/p>\n<p>Det rekommenderas att <strong>anv\u00e4nda skruvar M10x40 eller M8x40 f\u00f6r installationen<\/strong>.<\/p>\n<p>T\u00e4nk p\u00e5 att f\u00e4rgerna p\u00e5 produkten kan variera j\u00e4mf\u00f6rt med bilden som visas. Om du \u00f6nskar en specifik f\u00e4rg, tveka inte att kontakta oss.<\/p>\n","protected":false},"excerpt":{"rendered":"<ul>\n<li>Press f\u00f6r att skapa roliga och varierade psykormotoriska kretsar.<\/li>\n<li>Passar f\u00f6r att s\u00e4tta in pinnar och r\u00f6r med 25 mm diameter som du kan anpassa med f\u00e4rger.<\/li>\n<li>M\u00f6jligg\u00f6r skapande av hinder och b\u00e5gar f\u00f6r att stimulera r\u00f6relse och koordinering hos de sm\u00e5.<\/li>\n<\/ul>\n","protected":false},"featured_media":19069,"comment_status":"open","ping_status":"closed","template":"","meta":[],"product_brand":[],"product_cat":[479],"product_tag":[],"class_list":{"0":"post-16610","1":"product","2":"type-product","3":"status-publish","4":"has-post-thumbnail","6":"product_cat-barn","8":"first","9":"instock","10":"taxable","11":"shipping-taxable","12":"purchasable","13":"product-type-simple"},"_links":{"self":[{"href":"https:\/\/topholds.com\/sv\/wp-json\/wp\/v2\/product\/16610","targetHints":{"allow":["GET"]}}],"collection":[{"href":"https:\/\/topholds.com\/sv\/wp-json\/wp\/v2\/product"}],"about":[{"href":"https:\/\/topholds.com\/sv\/wp-json\/wp\/v2\/types\/product"}],"replies":[{"embeddable":true,"href":"https:\/\/topholds.com\/sv\/wp-json\/wp\/v2\/comments?post=16610"}],"wp:featuredmedia":[{"embeddable":true,"href":"https:\/\/topholds.com\/sv\/wp-json\/wp\/v2\/media\/19069"}],"wp:attachment":[{"href":"https:\/\/topholds.com\/sv\/wp-json\/wp\/v2\/media?parent=16610"}],"wp:term":[{"taxonomy":"product_brand","embeddable":true,"href":"https:\/\/topholds.com\/sv\/wp-json\/wp\/v2\/product_brand?post=16610"},{"taxonomy":"product_cat","embeddable":true,"href":"https:\/\/topholds.com\/sv\/wp-json\/wp\/v2\/product_cat?post=16610"},{"taxonomy":"product_tag","embeddable":true,"href":"https:\/\/topholds.com\/sv\/wp-json\/wp\/v2\/product_tag?post=16610"}],"curies":[{"name":"wp","href":"https:\/\/api.w.org\/{rel}","templated":true}]}}