{"id":16615,"date":"2017-03-03T06:36:45","date_gmt":"2017-03-03T06:36:45","guid":{"rendered":"https:\/\/topholds.com\/oferta\/presas-escalada\/cazo\/cazo\/"},"modified":"2024-08-26T03:25:20","modified_gmt":"2024-08-26T03:25:20","slug":"cazo","status":"publish","type":"product","link":"https:\/\/topholds.com\/sv\/erbjudande\/hinderbana\/traning\/grepp\/cazo\/","title":{"rendered":"Hinderbana Grepp Cazo"},"content":{"rendered":"<p><strong>Cazo \u00e4r ett OCR-grepp<\/strong> som \u00e4r speciellt utformat f\u00f6r <strong>drag och upph\u00e4ngningar<\/strong>, idealiskt f\u00f6r anv\u00e4ndning p\u00e5 h\u00e4ngande OCR-kl\u00e4tterv\u00e4ggar, campus och blockrutter.<\/p>\n<p>Detta <em>OCR-grepp<\/em> har en <strong>perfekt diameter p\u00e5 9 cm, symmetrisk och utan imperfektioner<\/strong>, vilket m\u00f6jligg\u00f6r grepp i olika vinklar av handleden utan att beh\u00f6va flytta greppet. Dess design ger en st\u00f6rre m\u00e5ngsidighet i dina tr\u00e4ningspass och utmaningar.<\/p>\n<p>Diameter p\u00e5 den \u00f6vre kanten \u00e4r <strong>designad f\u00f6r att ge ett bekv\u00e4mt och optimalt st\u00f6d<\/strong> f\u00f6r handens vila, vilket f\u00f6rb\u00e4ttrar upplevelsen n\u00e4r man anv\u00e4nder greppet.<\/p>\n<p>Dessutom har greppet en mjuk textur f\u00f6r ett mer behagligt och fast grepp.<\/p>\n<p>F\u00f6r installation rekommenderas <strong>anv\u00e4ndning av skruvar M10x40 eller M8x40<\/strong>.<\/p>\n<p>Observera att f\u00e4rgerna p\u00e5 produkten kan variera fr\u00e5n den bild som visas. Om du \u00f6nskar en specifik f\u00e4rg, tveka inte att kontakta oss.<\/p>\n","protected":false},"excerpt":{"rendered":"<ul>\n<li>Grepp f\u00f6r att g\u00f6ra drag\u00f6vningar och upph\u00e4ngningar.<\/li>\n<li>Ideal f\u00f6r OCR-kl\u00e4ttringshallar, campus och f\u00f6r att skapa rutter f\u00f6r att kl\u00e4ttra ner fr\u00e5n block.<\/li>\n<li>Den har en diameter p\u00e5 9 cm utan imperfektioner och \u00e4r symmetrisk.<\/li>\n<li>Ger m\u00f6jlighet till grepp i olika vinklar av handleden utan att beh\u00f6va flytta greppet.<\/li>\n<li>Diametern p\u00e5 den \u00f6vre kanten \u00e4r mycket bekv\u00e4m f\u00f6r en idealisk vila f\u00f6r handen.<\/li>\n<\/ul>\n","protected":false},"featured_media":19084,"comment_status":"open","ping_status":"closed","template":"","meta":[],"product_brand":[],"product_cat":[416,518,515,425,478],"product_tag":[],"class_list":{"0":"post-16615","1":"product","2":"type-product","3":"status-publish","4":"has-post-thumbnail","6":"product_cat-hinderbana","7":"product_cat-grepp","8":"product_cat-traning","9":"product_cat-klattringrepp","10":"product_cat-tranings","12":"first","13":"instock","14":"sale","15":"taxable","16":"shipping-taxable","17":"purchasable","18":"product-type-simple"},"_links":{"self":[{"href":"https:\/\/topholds.com\/sv\/wp-json\/wp\/v2\/product\/16615","targetHints":{"allow":["GET"]}}],"collection":[{"href":"https:\/\/topholds.com\/sv\/wp-json\/wp\/v2\/product"}],"about":[{"href":"https:\/\/topholds.com\/sv\/wp-json\/wp\/v2\/types\/product"}],"replies":[{"embeddable":true,"href":"https:\/\/topholds.com\/sv\/wp-json\/wp\/v2\/comments?post=16615"}],"wp:featuredmedia":[{"embeddable":true,"href":"https:\/\/topholds.com\/sv\/wp-json\/wp\/v2\/media\/19084"}],"wp:attachment":[{"href":"https:\/\/topholds.com\/sv\/wp-json\/wp\/v2\/media?parent=16615"}],"wp:term":[{"taxonomy":"product_brand","embeddable":true,"href":"https:\/\/topholds.com\/sv\/wp-json\/wp\/v2\/product_brand?post=16615"},{"taxonomy":"product_cat","embeddable":true,"href":"https:\/\/topholds.com\/sv\/wp-json\/wp\/v2\/product_cat?post=16615"},{"taxonomy":"product_tag","embeddable":true,"href":"https:\/\/topholds.com\/sv\/wp-json\/wp\/v2\/product_tag?post=16615"}],"curies":[{"name":"wp","href":"https:\/\/api.w.org\/{rel}","templated":true}]}}