{"id":16620,"date":"2017-03-04T18:01:36","date_gmt":"2017-03-04T18:01:36","guid":{"rendered":"https:\/\/topholds.com\/oferta\/presas-escalada\/tubis-rabbit\/tubis-rabbit\/"},"modified":"2024-08-26T03:26:40","modified_gmt":"2024-08-26T03:26:40","slug":"tubis-rabbit","status":"publish","type":"product","link":"https:\/\/topholds.com\/sv\/erbjudande\/klattringrepp\/barn\/tubis-rabbit\/","title":{"rendered":"Kl\u00e4ttergrepp Tubis Rabbit"},"content":{"rendered":"<p><strong>Tubis Rabbit \u00e4r en innovativ kl\u00e4ttergrepp f\u00f6r barn<\/strong> designad s\u00e4rskilt f\u00f6r att skapa banor f\u00f6r psykomotricitet, vilket stimulerar utvecklingen och n\u00f6jet f\u00f6r de allra minsta.<\/p>\n<p>Detta m\u00e5ngsidiga grepp \u00e4r <strong>kompatibelt med r\u00f6r och tuber med en diameter p\u00e5 25 mm<\/strong>, som de som anv\u00e4nds inom VVS. Anpassa och dekorera r\u00f6ren med f\u00e4rgglada band f\u00f6r att f\u00e5 en perfekt finish till en mycket l\u00e5g kostnad.<\/p>\n<p>Med <em>greppen Tubis Rabbit<\/em> kan du <strong>designa utmanande hinder och b\u00e5gar<\/strong> som barnen m\u00e5ste ta sig f\u00f6rbi, vilket fr\u00e4mjar deras kreativitet och motoriska f\u00e4rdigheter.<\/p>\n<p>N\u00e4r r\u00f6ren tas bort, blir Tubis Rabbit ett <strong>grepp med ett optimalt fattning f\u00f6r sm\u00e5 h\u00e4nder<\/strong>, vilket garanterar deras s\u00e4kerhet och n\u00f6je.<\/p>\n<p>L\u00e4gg till en touch av n\u00f6je och f\u00e4rg p\u00e5 din v\u00e4gg med detta multifunktionella grepp, och skapa en o\u00e4ndlig variation av spel och aktiviteter f\u00f6r de sm\u00e5.<\/p>\n<p>Det rekommenderas att <strong>anv\u00e4nda skruvar M10x40 eller M8x40 f\u00f6r installation<\/strong>.<\/p>\n<p>T\u00e4nk p\u00e5 att f\u00e4rgerna p\u00e5 produkten kan variera fr\u00e5n bilden som visas. Om du \u00f6nskar en specifik f\u00e4rg, tveka inte att kontakta oss.<\/p>\n","protected":false},"excerpt":{"rendered":"<ul>\n<li>Idealiskt f\u00f6r att g\u00f6ra psykomotoriska kretsar f\u00f6r barn.<\/li>\n<li>Passar f\u00f6r att s\u00e4tta in spikar och alla r\u00f6r med 25 mm diameter.<\/li>\n<li>Kreativitet och motoriska f\u00e4rdigheter med b\u00e5gar.<\/li>\n<li>Optimal grepp f\u00f6r sm\u00e5 h\u00e4nder.<\/li>\n<\/ul>\n<p>&nbsp;<\/p>\n","protected":false},"featured_media":19109,"comment_status":"open","ping_status":"closed","template":"","meta":[],"product_brand":[],"product_cat":[479],"product_tag":[],"class_list":{"0":"post-16620","1":"product","2":"type-product","3":"status-publish","4":"has-post-thumbnail","6":"product_cat-barn","8":"first","9":"instock","10":"taxable","11":"shipping-taxable","12":"purchasable","13":"product-type-simple"},"_links":{"self":[{"href":"https:\/\/topholds.com\/sv\/wp-json\/wp\/v2\/product\/16620","targetHints":{"allow":["GET"]}}],"collection":[{"href":"https:\/\/topholds.com\/sv\/wp-json\/wp\/v2\/product"}],"about":[{"href":"https:\/\/topholds.com\/sv\/wp-json\/wp\/v2\/types\/product"}],"replies":[{"embeddable":true,"href":"https:\/\/topholds.com\/sv\/wp-json\/wp\/v2\/comments?post=16620"}],"wp:featuredmedia":[{"embeddable":true,"href":"https:\/\/topholds.com\/sv\/wp-json\/wp\/v2\/media\/19109"}],"wp:attachment":[{"href":"https:\/\/topholds.com\/sv\/wp-json\/wp\/v2\/media?parent=16620"}],"wp:term":[{"taxonomy":"product_brand","embeddable":true,"href":"https:\/\/topholds.com\/sv\/wp-json\/wp\/v2\/product_brand?post=16620"},{"taxonomy":"product_cat","embeddable":true,"href":"https:\/\/topholds.com\/sv\/wp-json\/wp\/v2\/product_cat?post=16620"},{"taxonomy":"product_tag","embeddable":true,"href":"https:\/\/topholds.com\/sv\/wp-json\/wp\/v2\/product_tag?post=16620"}],"curies":[{"name":"wp","href":"https:\/\/api.w.org\/{rel}","templated":true}]}}