{"id":16630,"date":"2017-03-11T19:58:17","date_gmt":"2017-03-11T19:58:17","guid":{"rendered":"https:\/\/topholds.com\/oferta\/fijaciones\/set-anclajes-lote-presas-bebe\/set-vaggankare-babyklattergrepp-paket\/"},"modified":"2024-08-26T03:28:15","modified_gmt":"2024-08-26T03:28:15","slug":"set-vaggankare-babyklattergrepp-paket","status":"publish","type":"product","link":"https:\/\/topholds.com\/sv\/erbjudande\/fasten\/set-vaggankare-babyklattergrepp-paket\/","title":{"rendered":"Set V\u00e4ggankare f\u00f6r Babykl\u00e4ttergrepp Paket"},"content":{"rendered":"<p><strong>Set med muttrar och skruvar<\/strong> \u00e4r det perfekta komplementet f\u00f6r att installera <a href=\"https:\/\/topholds.com\/oferta\/presas-escalada\/ninos\/lote-presas-bebe\/\">babygreppsetet<\/a> p\u00e5 plywoodskivor mellan 16 och 19 mm tjocka. Detta set inneh\u00e5ller:<\/p>\n<ul>\n<li>13 h\u00f6gkvalitativa och slitstarka M10x40 insexskruvar<\/li>\n<li>6 h\u00f6gkvalitativa och slitstarka M10x30 insexskruvar<\/li>\n<li>19 M10 spidermuttrar som anpassar sig till alla former av plywoodskivan<\/li>\n<\/ul>\n<p>Med detta set kan du <strong>montera babygreppen s\u00e4kert och enkelt<\/strong>. Dessutom kan du \u00e4ndra placeringen av greppen om du l\u00e4gger till fler muttrar p\u00e5 skivan. Vi rekommenderar att anv\u00e4nda M10 skruvar, men du kan ocks\u00e5 anv\u00e4nda M8 om du f\u00f6redrar det.<\/p>\n<p>Om du vill installera greppen p\u00e5 andra ytor s\u00e5som betong eller tegel, kontakta oss s\u00e5 r\u00e5dgiver vi dig.<\/p>\n","protected":false},"excerpt":{"rendered":"<ul>\n<li>Set med muttrar och skruvar som beh\u00f6vs f\u00f6r att installera upps\u00e4ttningen babyf\u00e4sten.<\/li>\n<li>Idealisk f\u00f6r paneler med en tjocklek mellan 16 och 19 millimeter.<\/li>\n<\/ul>\n","protected":false},"featured_media":19124,"comment_status":"open","ping_status":"closed","template":"","meta":[],"product_brand":[],"product_cat":[424,423],"product_tag":[],"class_list":{"0":"post-16630","1":"product","2":"type-product","3":"status-publish","4":"has-post-thumbnail","6":"product_cat-fasten","7":"product_cat-paket-klattervaggsmaterial","9":"first","10":"instock","11":"taxable","12":"shipping-taxable","13":"purchasable","14":"product-type-simple"},"_links":{"self":[{"href":"https:\/\/topholds.com\/sv\/wp-json\/wp\/v2\/product\/16630","targetHints":{"allow":["GET"]}}],"collection":[{"href":"https:\/\/topholds.com\/sv\/wp-json\/wp\/v2\/product"}],"about":[{"href":"https:\/\/topholds.com\/sv\/wp-json\/wp\/v2\/types\/product"}],"replies":[{"embeddable":true,"href":"https:\/\/topholds.com\/sv\/wp-json\/wp\/v2\/comments?post=16630"}],"wp:featuredmedia":[{"embeddable":true,"href":"https:\/\/topholds.com\/sv\/wp-json\/wp\/v2\/media\/19124"}],"wp:attachment":[{"href":"https:\/\/topholds.com\/sv\/wp-json\/wp\/v2\/media?parent=16630"}],"wp:term":[{"taxonomy":"product_brand","embeddable":true,"href":"https:\/\/topholds.com\/sv\/wp-json\/wp\/v2\/product_brand?post=16630"},{"taxonomy":"product_cat","embeddable":true,"href":"https:\/\/topholds.com\/sv\/wp-json\/wp\/v2\/product_cat?post=16630"},{"taxonomy":"product_tag","embeddable":true,"href":"https:\/\/topholds.com\/sv\/wp-json\/wp\/v2\/product_tag?post=16630"}],"curies":[{"name":"wp","href":"https:\/\/api.w.org\/{rel}","templated":true}]}}