{"id":16635,"date":"2017-03-12T07:16:48","date_gmt":"2017-03-12T07:16:48","guid":{"rendered":"https:\/\/topholds.com\/oferta\/fijaciones\/set-anclajes-para-lote-presas-infantiles\/set-vaggankare-barnklattergrepp-paket\/"},"modified":"2024-08-26T03:29:24","modified_gmt":"2024-08-26T03:29:24","slug":"set-vaggankare-barnklattergrepp-paket","status":"publish","type":"product","link":"https:\/\/topholds.com\/sv\/erbjudande\/fasten\/allen-skruvar\/set-vaggankare-barnklattergrepp-paket\/","title":{"rendered":"Set V\u00e4ggankare f\u00f6r Barnkl\u00e4ttergrepp Paket"},"content":{"rendered":"<p>Setet med muttrar och skruvar \u00e4r det perfekta komplementet f\u00f6r att installera <a href=\"https:\/\/topholds.com\/oferta\/presas-escalada\/ninos\/lote-presas-infantiles\/\">lottes med barngrepp<\/a> p\u00e5 skivor med en tjocklek mellan 16 och 19 mm. Detta set inkluderar:<\/p>\n<ul>\n<li>41 stycken h\u00f6gkvalitativa och h\u00e5llbara M10x40 insexskruvar<\/li>\n<li>41 stycken M10 spindelmutter som passar alla former av skivan<\/li>\n<li>Olika skruvar f\u00f6r att f\u00f6rst\u00e4rka f\u00e4stet<\/li>\n<\/ul>\n<p>Med detta set kan du <strong>placera barngreppen med s\u00e4kerhet och l\u00e4tthet<\/strong>. Dessutom kan du \u00e4ndra placeringen av greppen om du l\u00e4gger till fler muttrar p\u00e5 skivan. Vi rekommenderar att anv\u00e4nda M10 skruvar, men du kan \u00e4ven anv\u00e4nda M8 om du f\u00f6redrar det.<\/p>\n<p>Om du vill installera greppen p\u00e5 andra ytor som betong eller tegel, kontakta oss s\u00e5 hj\u00e4lper vi dig.<\/p>\n","protected":false},"excerpt":{"rendered":"<ul>\n<li>Set med muttrar och skruvar som beh\u00f6vs f\u00f6r att installera satsen av barnf\u00e4llor.<\/li>\n<li>Ideal f\u00f6r skivor som har en tjocklek mellan 16 och 19 millimeter.<\/li>\n<\/ul>\n<p>&nbsp;<\/p>\n","protected":false},"featured_media":19129,"comment_status":"open","ping_status":"closed","template":"","meta":[],"product_brand":[],"product_cat":[490,424,423],"product_tag":[],"class_list":{"0":"post-16635","1":"product","2":"type-product","3":"status-publish","4":"has-post-thumbnail","6":"product_cat-allen-skruvar","7":"product_cat-fasten","8":"product_cat-paket-klattervaggsmaterial","10":"first","11":"instock","12":"taxable","13":"shipping-taxable","14":"purchasable","15":"product-type-simple"},"_links":{"self":[{"href":"https:\/\/topholds.com\/sv\/wp-json\/wp\/v2\/product\/16635","targetHints":{"allow":["GET"]}}],"collection":[{"href":"https:\/\/topholds.com\/sv\/wp-json\/wp\/v2\/product"}],"about":[{"href":"https:\/\/topholds.com\/sv\/wp-json\/wp\/v2\/types\/product"}],"replies":[{"embeddable":true,"href":"https:\/\/topholds.com\/sv\/wp-json\/wp\/v2\/comments?post=16635"}],"wp:featuredmedia":[{"embeddable":true,"href":"https:\/\/topholds.com\/sv\/wp-json\/wp\/v2\/media\/19129"}],"wp:attachment":[{"href":"https:\/\/topholds.com\/sv\/wp-json\/wp\/v2\/media?parent=16635"}],"wp:term":[{"taxonomy":"product_brand","embeddable":true,"href":"https:\/\/topholds.com\/sv\/wp-json\/wp\/v2\/product_brand?post=16635"},{"taxonomy":"product_cat","embeddable":true,"href":"https:\/\/topholds.com\/sv\/wp-json\/wp\/v2\/product_cat?post=16635"},{"taxonomy":"product_tag","embeddable":true,"href":"https:\/\/topholds.com\/sv\/wp-json\/wp\/v2\/product_tag?post=16635"}],"curies":[{"name":"wp","href":"https:\/\/api.w.org\/{rel}","templated":true}]}}