{"id":16640,"date":"2017-03-12T07:48:40","date_gmt":"2017-03-12T07:48:40","guid":{"rendered":"https:\/\/topholds.com\/oferta\/fijaciones\/set-anclajes-para-lote-presas-infantiles-2\/set-vaggankare-barnklattergrepp-paket-2\/"},"modified":"2024-08-26T03:30:45","modified_gmt":"2024-08-26T03:30:45","slug":"set-vaggankare-barnklattergrepp-paket-2","status":"publish","type":"product","link":"https:\/\/topholds.com\/sv\/erbjudande\/fasten\/set-vaggankare-barnklattergrepp-paket-2\/","title":{"rendered":"Set V\u00e4ggankare f\u00f6r Barnkl\u00e4ttergrepp Paket 2"},"content":{"rendered":"<p>Setet med muttrar och skruvar \u00e4r det perfekta komplementet f\u00f6r att installera <a href=\"https:\/\/topholds.com\/oferta\/presas-escalada\/ninos\/lote-presas-infantiles-2\/\">lottet med barngrepp 2<\/a> p\u00e5 skivor som \u00e4r mellan 16 och 19 mm tjocka. Detta set inkluderar:<\/p>\n<ul>\n<li>58 h\u00f6gkvalitativa och h\u00e5llbara M10x40 insexskruvar<\/li>\n<li>58 M10 spidermuttrar som passar alla former av skivan<\/li>\n<li>Olika skruvar f\u00f6r att f\u00f6rst\u00e4rka f\u00e4stningen<\/li>\n<\/ul>\n<p>Med detta set kan du <strong>placera barngreppen med s\u00e4kerhet och l\u00e4tthet<\/strong>. Dessutom kan du \u00e4ndra placeringen av greppen om du l\u00e4gger till fler muttrar p\u00e5 skivan. Vi rekommenderar att anv\u00e4nda M10 skruvar, men du kan ocks\u00e5 anv\u00e4nda M8 om du f\u00f6redrar det.<\/p>\n<p>Om du vill installera greppen p\u00e5 andra ytor som betong eller tegel, kontakta oss s\u00e5 ger vi dig r\u00e5d.<\/p>\n","protected":false},"excerpt":{"rendered":"<ul>\n<li>Set med muttrar och skruvar som beh\u00f6vs f\u00f6r att installera Pack Presas Infantiles 2<\/li>\n<li>Ideal f\u00f6r skivor som \u00e4r mellan 16 och 19 millimeter tjocka.<\/li>\n<\/ul>\n","protected":false},"featured_media":5504,"comment_status":"open","ping_status":"closed","template":"","meta":[],"product_brand":[],"product_cat":[424,423],"product_tag":[],"class_list":{"0":"post-16640","1":"product","2":"type-product","3":"status-publish","4":"has-post-thumbnail","6":"product_cat-fasten","7":"product_cat-paket-klattervaggsmaterial","9":"first","10":"instock","11":"taxable","12":"shipping-taxable","13":"purchasable","14":"product-type-simple"},"_links":{"self":[{"href":"https:\/\/topholds.com\/sv\/wp-json\/wp\/v2\/product\/16640","targetHints":{"allow":["GET"]}}],"collection":[{"href":"https:\/\/topholds.com\/sv\/wp-json\/wp\/v2\/product"}],"about":[{"href":"https:\/\/topholds.com\/sv\/wp-json\/wp\/v2\/types\/product"}],"replies":[{"embeddable":true,"href":"https:\/\/topholds.com\/sv\/wp-json\/wp\/v2\/comments?post=16640"}],"wp:featuredmedia":[{"embeddable":true,"href":"https:\/\/topholds.com\/sv\/wp-json\/wp\/v2\/media\/5504"}],"wp:attachment":[{"href":"https:\/\/topholds.com\/sv\/wp-json\/wp\/v2\/media?parent=16640"}],"wp:term":[{"taxonomy":"product_brand","embeddable":true,"href":"https:\/\/topholds.com\/sv\/wp-json\/wp\/v2\/product_brand?post=16640"},{"taxonomy":"product_cat","embeddable":true,"href":"https:\/\/topholds.com\/sv\/wp-json\/wp\/v2\/product_cat?post=16640"},{"taxonomy":"product_tag","embeddable":true,"href":"https:\/\/topholds.com\/sv\/wp-json\/wp\/v2\/product_tag?post=16640"}],"curies":[{"name":"wp","href":"https:\/\/api.w.org\/{rel}","templated":true}]}}