{"id":16650,"date":"2017-05-05T06:59:09","date_gmt":"2017-05-05T06:59:09","guid":{"rendered":"https:\/\/topholds.com\/oferta\/presas-escalada\/arcos\/arcos\/"},"modified":"2024-08-26T03:32:24","modified_gmt":"2024-08-26T03:32:24","slug":"arcos","status":"publish","type":"product","link":"https:\/\/topholds.com\/sv\/erbjudande\/klattringrepp\/arcos\/","title":{"rendered":"Kl\u00e4ttergrepp Paket Arcos"},"content":{"rendered":"<p><strong>Arcos \u00e4r ett paket med 5 kl\u00e4ttagningar f\u00f6r kl\u00e4ttring<\/strong> med en mjuk sandstensstruktur.<\/p>\n<p>Dessa tagningar erbjuder dig <strong>mycket bekv\u00e4ma<\/strong> och s\u00e4kra <strong>grepp i sk\u00e5lform<\/strong> f\u00f6r dina h\u00e4nder.<\/p>\n<p>F\u00f6r att f\u00e4sta dem p\u00e5 v\u00e4ggen beh\u00f6ver du <strong>skruvar M10x40 (rekommenderas) eller M8x40<\/strong>. Dessutom har de ett extra h\u00e5l s\u00e5 att du kan s\u00e4tta in en <strong>antiroterande skruv f\u00f6r att f\u00f6rhindra att de r\u00f6r sig<\/strong>.<\/p>\n<p>T\u00e4nk p\u00e5 att f\u00e4rgerna p\u00e5 produkten kan variera j\u00e4mf\u00f6rt med bilderna som visas. Om du \u00f6nskar en specifik f\u00e4rg, tveka inte att kontakta oss.<\/p>\n","protected":false},"excerpt":{"rendered":"<ul>\n<li>Arcos \u00e4r ett parti av 5 kl\u00e4ttergrepp.<\/li>\n<li>Mjukt sandstensliknande textur.<\/li>\n<li>Mycket bra grepp i sk\u00e5len.<\/li>\n<li>Alla med h\u00e5l f\u00f6r skruv f\u00f6r att f\u00f6rhindra rotation.<\/li>\n<\/ul>\n","protected":false},"featured_media":19164,"comment_status":"open","ping_status":"closed","template":"","meta":[],"product_brand":[],"product_cat":[425],"product_tag":[],"class_list":{"0":"post-16650","1":"product","2":"type-product","3":"status-publish","4":"has-post-thumbnail","6":"product_cat-klattringrepp","8":"first","9":"instock","10":"taxable","11":"shipping-taxable","12":"purchasable","13":"product-type-simple"},"_links":{"self":[{"href":"https:\/\/topholds.com\/sv\/wp-json\/wp\/v2\/product\/16650","targetHints":{"allow":["GET"]}}],"collection":[{"href":"https:\/\/topholds.com\/sv\/wp-json\/wp\/v2\/product"}],"about":[{"href":"https:\/\/topholds.com\/sv\/wp-json\/wp\/v2\/types\/product"}],"replies":[{"embeddable":true,"href":"https:\/\/topholds.com\/sv\/wp-json\/wp\/v2\/comments?post=16650"}],"wp:featuredmedia":[{"embeddable":true,"href":"https:\/\/topholds.com\/sv\/wp-json\/wp\/v2\/media\/19164"}],"wp:attachment":[{"href":"https:\/\/topholds.com\/sv\/wp-json\/wp\/v2\/media?parent=16650"}],"wp:term":[{"taxonomy":"product_brand","embeddable":true,"href":"https:\/\/topholds.com\/sv\/wp-json\/wp\/v2\/product_brand?post=16650"},{"taxonomy":"product_cat","embeddable":true,"href":"https:\/\/topholds.com\/sv\/wp-json\/wp\/v2\/product_cat?post=16650"},{"taxonomy":"product_tag","embeddable":true,"href":"https:\/\/topholds.com\/sv\/wp-json\/wp\/v2\/product_tag?post=16650"}],"curies":[{"name":"wp","href":"https:\/\/api.w.org\/{rel}","templated":true}]}}