{"id":16655,"date":"2017-05-05T07:09:41","date_gmt":"2017-05-05T07:09:41","guid":{"rendered":"https:\/\/topholds.com\/oferta\/presas-escalada\/placas\/placas\/"},"modified":"2024-08-26T03:33:05","modified_gmt":"2024-08-26T03:33:05","slug":"placas","status":"publish","type":"product","link":"https:\/\/topholds.com\/sv\/erbjudande\/klattringrepp\/placas\/","title":{"rendered":"Kl\u00e4ttergrepp Paket Placas"},"content":{"rendered":"<p><strong>Placas \u00e4r ett paket med 14 kl\u00e4ttringsgrepp<\/strong>, perfekta f\u00f6r att f\u00f6rb\u00e4ttra din fotteknik vid kl\u00e4ttring.<\/p>\n<p>Dessa grepp har en mjuk textur och former som tvingar dig att placera f\u00f6tterna med precision och balans. Deras h\u00f6jd varierar mellan 12 och 16 mm, vilket g\u00f6r dem perfekta f\u00f6r <strong>tr\u00e4ning p\u00e5 vertikala eller l\u00e4tt \u00f6verh\u00e4ngande plattor<\/strong>.<\/p>\n<p>F\u00f6r att installera dem beh\u00f6ver du bara skruvar.<\/p>\n<p>Observera att f\u00e4rgerna p\u00e5 produkten kan variera j\u00e4mf\u00f6rt med bilden som visas. Om du \u00f6nskar en specifik f\u00e4rg, tveka inte att kontakta oss.<\/p>\n","protected":false},"excerpt":{"rendered":"<ul>\n<li>Placas \u00e4r ett parti av 14 kl\u00e4ttergrepp.<\/li>\n<li>Textur och perfekta former f\u00f6r att tr\u00e4na fotteknik.<\/li>\n<li>Placas mellan 12 och 16 mm i h\u00f6jd.<\/li>\n<\/ul>\n","protected":false},"featured_media":19174,"comment_status":"open","ping_status":"closed","template":"","meta":[],"product_brand":[],"product_cat":[425],"product_tag":[],"class_list":{"0":"post-16655","1":"product","2":"type-product","3":"status-publish","4":"has-post-thumbnail","6":"product_cat-klattringrepp","8":"first","9":"instock","10":"taxable","11":"shipping-taxable","12":"purchasable","13":"product-type-simple"},"_links":{"self":[{"href":"https:\/\/topholds.com\/sv\/wp-json\/wp\/v2\/product\/16655","targetHints":{"allow":["GET"]}}],"collection":[{"href":"https:\/\/topholds.com\/sv\/wp-json\/wp\/v2\/product"}],"about":[{"href":"https:\/\/topholds.com\/sv\/wp-json\/wp\/v2\/types\/product"}],"replies":[{"embeddable":true,"href":"https:\/\/topholds.com\/sv\/wp-json\/wp\/v2\/comments?post=16655"}],"wp:featuredmedia":[{"embeddable":true,"href":"https:\/\/topholds.com\/sv\/wp-json\/wp\/v2\/media\/19174"}],"wp:attachment":[{"href":"https:\/\/topholds.com\/sv\/wp-json\/wp\/v2\/media?parent=16655"}],"wp:term":[{"taxonomy":"product_brand","embeddable":true,"href":"https:\/\/topholds.com\/sv\/wp-json\/wp\/v2\/product_brand?post=16655"},{"taxonomy":"product_cat","embeddable":true,"href":"https:\/\/topholds.com\/sv\/wp-json\/wp\/v2\/product_cat?post=16655"},{"taxonomy":"product_tag","embeddable":true,"href":"https:\/\/topholds.com\/sv\/wp-json\/wp\/v2\/product_tag?post=16655"}],"curies":[{"name":"wp","href":"https:\/\/api.w.org\/{rel}","templated":true}]}}