{"id":16660,"date":"2017-05-07T16:03:34","date_gmt":"2017-05-07T16:03:34","guid":{"rendered":"https:\/\/topholds.com\/oferta\/presas-escalada\/dual\/dual\/"},"modified":"2024-08-26T03:33:48","modified_gmt":"2024-08-26T03:33:48","slug":"dual","status":"publish","type":"product","link":"https:\/\/topholds.com\/sv\/erbjudande\/klattringrepp\/dual\/","title":{"rendered":"Kl\u00e4ttergrepp Paket Dual"},"content":{"rendered":"<p><strong>Dual \u00e4r ett paket med 2 kl\u00e4ttergrepp<\/strong> med en mjuk sandstenstextur.<\/p>\n<p>Dessa grepp erbjuder dig <strong>tv\u00e5 greppalternativ<\/strong> f\u00f6r b\u00e5da h\u00e4nderna: ett kantgrepp och ett slutet grepp.<\/p>\n<p>F\u00f6r att f\u00e4sta dem p\u00e5 v\u00e4ggen beh\u00f6ver du <strong>skruvar M10x40 (rekommenderade) eller M8x40<\/strong>. Dessutom har de tv\u00e5 extra h\u00e5l f\u00f6r att du ska kunna f\u00f6rst\u00e4rka dem med skruv om du s\u00e5 \u00f6nskar.<\/p>\n<p>T\u00e4nk p\u00e5 att produktens f\u00e4rger kan variera fr\u00e5n bilden som visas. Om du \u00f6nskar en specifik f\u00e4rg, tveka inte att kontakta oss.<\/p>\n","protected":false},"excerpt":{"rendered":"<ul>\n<li>Dual \u00e4r en upps\u00e4ttning av 2 klippgrepp.<\/li>\n<li>Mjukt sandstensliknande textur.<\/li>\n<li>Mycket bra grepp f\u00f6r tv\u00e5 h\u00e4nder.<\/li>\n<li>Rektangul\u00e4r p\u00e5 ena sidan och rundad p\u00e5 den andra.<\/li>\n<li>De tv\u00e5 \u00e4r utrustade med tv\u00e5 extra h\u00e5l f\u00f6r att kunna s\u00e4ttas fast med skruvar.<\/li>\n<\/ul>\n","protected":false},"featured_media":19189,"comment_status":"open","ping_status":"closed","template":"","meta":[],"product_brand":[],"product_cat":[425],"product_tag":[],"class_list":{"0":"post-16660","1":"product","2":"type-product","3":"status-publish","4":"has-post-thumbnail","6":"product_cat-klattringrepp","8":"first","9":"instock","10":"taxable","11":"shipping-taxable","12":"purchasable","13":"product-type-simple"},"_links":{"self":[{"href":"https:\/\/topholds.com\/sv\/wp-json\/wp\/v2\/product\/16660","targetHints":{"allow":["GET"]}}],"collection":[{"href":"https:\/\/topholds.com\/sv\/wp-json\/wp\/v2\/product"}],"about":[{"href":"https:\/\/topholds.com\/sv\/wp-json\/wp\/v2\/types\/product"}],"replies":[{"embeddable":true,"href":"https:\/\/topholds.com\/sv\/wp-json\/wp\/v2\/comments?post=16660"}],"wp:featuredmedia":[{"embeddable":true,"href":"https:\/\/topholds.com\/sv\/wp-json\/wp\/v2\/media\/19189"}],"wp:attachment":[{"href":"https:\/\/topholds.com\/sv\/wp-json\/wp\/v2\/media?parent=16660"}],"wp:term":[{"taxonomy":"product_brand","embeddable":true,"href":"https:\/\/topholds.com\/sv\/wp-json\/wp\/v2\/product_brand?post=16660"},{"taxonomy":"product_cat","embeddable":true,"href":"https:\/\/topholds.com\/sv\/wp-json\/wp\/v2\/product_cat?post=16660"},{"taxonomy":"product_tag","embeddable":true,"href":"https:\/\/topholds.com\/sv\/wp-json\/wp\/v2\/product_tag?post=16660"}],"curies":[{"name":"wp","href":"https:\/\/api.w.org\/{rel}","templated":true}]}}