{"id":16670,"date":"2017-06-22T18:37:51","date_gmt":"2017-06-22T18:37:51","guid":{"rendered":"https:\/\/topholds.com\/?post_type=product&#038;p=5713\/vocales\/"},"modified":"2024-08-26T03:35:40","modified_gmt":"2024-08-26T03:35:40","slug":"vocales","status":"publish","type":"product","link":"https:\/\/topholds.com\/sv\/erbjudande\/klattringrepp\/barn\/vocales\/","title":{"rendered":"Barnkl\u00e4ttergrepp Paket Vocales"},"content":{"rendered":"<p><strong>Vocales \u00e4r ett set med 5 kl\u00e4ttringsgrepp<\/strong> av mjuk sandstensstruktur.<\/p>\n<p>Speciellt designade f\u00f6r barn, <strong>erbjuder dessa grepp utm\u00e4rkt f\u00e4ste<\/strong>, vilket g\u00f6r att sm\u00e5 kl\u00e4ttrare kan utveckla sina f\u00e4rdigheter och sj\u00e4lvf\u00f6rtroende medan de har roligt med att kl\u00e4ttra p\u00e5 v\u00e4ggen.<\/p>\n<p>Dessa grepp \u00e4r idealiska f\u00f6r <strong>att designa och bygga kreativa och utmanande spel p\u00e5 v\u00e4ggen<\/strong>, vilket stimulerar barnens intresse och fantasi i processen.<\/p>\n<p>Varje grepp har ett <strong>anti-rotation skruvhuvudsh\u00e5l<\/strong>, vilket garanterar en s\u00e4ker och stabil montering hela tiden. Det rekommenderas att anv\u00e4nda M10x40-skruvar, men M8x40-skruvar kan ocks\u00e5 anv\u00e4ndas.<\/p>\n<p><em>Setet av grepp &#8221;Vocales&#8221;<\/em> inkluderar ett grepp av varje f\u00e4rg, men t\u00e4nk p\u00e5 att f\u00e4rgerna kan variera fr\u00e5n bilden som visas. Om du f\u00f6redrar att f\u00e5 alla grepp i en och samma f\u00e4rg, tveka inte att kontakta oss.<\/p>\n","protected":false},"excerpt":{"rendered":"<ul>\n<li>Vocales \u00e4r en upps\u00e4ttning av 5 kl\u00e4ttergrepp f\u00f6r barn.<\/li>\n<li>Sandstensstruktur.<\/li>\n<li>Grepp med mycket bra f\u00e4ste, speciellt designade f\u00f6r barn.<\/li>\n<li>Perfekta f\u00f6r att skapa lekar p\u00e5 v\u00e4ggen.<\/li>\n<li>Alla f\u00f6rsedda med h\u00e5l f\u00f6r skruv med anti-rotation.<\/li>\n<\/ul>\n","protected":false},"featured_media":19219,"comment_status":"open","ping_status":"closed","template":"","meta":[],"product_brand":[],"product_cat":[479],"product_tag":[],"class_list":{"0":"post-16670","1":"product","2":"type-product","3":"status-publish","4":"has-post-thumbnail","6":"product_cat-barn","8":"first","9":"instock","10":"sale","11":"taxable","12":"shipping-taxable","13":"purchasable","14":"product-type-simple"},"_links":{"self":[{"href":"https:\/\/topholds.com\/sv\/wp-json\/wp\/v2\/product\/16670","targetHints":{"allow":["GET"]}}],"collection":[{"href":"https:\/\/topholds.com\/sv\/wp-json\/wp\/v2\/product"}],"about":[{"href":"https:\/\/topholds.com\/sv\/wp-json\/wp\/v2\/types\/product"}],"replies":[{"embeddable":true,"href":"https:\/\/topholds.com\/sv\/wp-json\/wp\/v2\/comments?post=16670"}],"wp:featuredmedia":[{"embeddable":true,"href":"https:\/\/topholds.com\/sv\/wp-json\/wp\/v2\/media\/19219"}],"wp:attachment":[{"href":"https:\/\/topholds.com\/sv\/wp-json\/wp\/v2\/media?parent=16670"}],"wp:term":[{"taxonomy":"product_brand","embeddable":true,"href":"https:\/\/topholds.com\/sv\/wp-json\/wp\/v2\/product_brand?post=16670"},{"taxonomy":"product_cat","embeddable":true,"href":"https:\/\/topholds.com\/sv\/wp-json\/wp\/v2\/product_cat?post=16670"},{"taxonomy":"product_tag","embeddable":true,"href":"https:\/\/topholds.com\/sv\/wp-json\/wp\/v2\/product_tag?post=16670"}],"curies":[{"name":"wp","href":"https:\/\/api.w.org\/{rel}","templated":true}]}}