{"id":16675,"date":"2017-06-23T07:34:35","date_gmt":"2017-06-23T07:34:35","guid":{"rendered":"https:\/\/topholds.com\/?post_type=product&#038;p=5719\/psyche\/"},"modified":"2024-08-26T03:36:20","modified_gmt":"2024-08-26T03:36:20","slug":"psyche","status":"publish","type":"product","link":"https:\/\/topholds.com\/sv\/erbjudande\/klattringrepp\/psyche\/","title":{"rendered":"Kl\u00e4ttergrepp Paket Psyche"},"content":{"rendered":"<p>Det <strong>pack med kl\u00e4ttergrepp Psyche<\/strong> \u00e4r en upps\u00e4ttning av tolv grepp med en dual textur som erbjuder ett brett utbud av greppalternativ. Dessa grepp inkluderar bandgrepp med positiv kant, vilket g\u00f6r dem <strong>idealiska f\u00f6r anv\u00e4ndning p\u00e5 alla typer av lutningar<\/strong> och de \u00e4r perfekta f\u00f6r tr\u00e4ning tack vare sina rundade kanter.<\/p>\n<p>Dessa grepp \u00e4r <strong>speciellt designade f\u00f6r t\u00e4vlingar<\/strong> p\u00e5 grund av det unika att <strong>varje grepp har en annan greppsv\u00e5righetsgrad<\/strong>, vilket g\u00f6r det m\u00f6jligt att utmana och f\u00f6rb\u00e4ttra dina kl\u00e4tterf\u00e4rdigheter.<\/p>\n<p>Det rekommenderas att anv\u00e4nda <strong>skruvar M10x40 eller M8x40<\/strong> f\u00f6r en s\u00e4ker f\u00e4stning p\u00e5 v\u00e4ggen. Dessutom kommer varje grepp med ett h\u00e5l f\u00f6r en anti-rotationsskruv som s\u00e4kerst\u00e4ller en s\u00e4ker f\u00e4stning p\u00e5 vilken kl\u00e4ttringsv\u00e4gg som helst.<\/p>\n<p>T\u00e4nk p\u00e5 att f\u00e4rgerna p\u00e5 produkten kan variera i f\u00f6rh\u00e5llande till bilden som visas. Om du \u00f6nskar en specifik f\u00e4rg, tveka inte att kontakta oss.<\/p>\n","protected":false},"excerpt":{"rendered":"<ul>\n<li>Psyche \u00e4r ett set med 12 kl\u00e4ttergrepp med dubbel textur.<\/li>\n<li>Reglar med positiv kant.<\/li>\n<li>Passar f\u00f6r alla typer av lutningar.<\/li>\n<li>Idela f\u00f6r tr\u00e4ning tack vare sina rundade kanter.<\/li>\n<li>Varje grepp har en annan greppsv\u00e5righetsgrad \u00e4n de andra.<\/li>\n<\/ul>\n","protected":false},"featured_media":19229,"comment_status":"open","ping_status":"closed","template":"","meta":[],"product_brand":[],"product_cat":[425],"product_tag":[],"class_list":{"0":"post-16675","1":"product","2":"type-product","3":"status-publish","4":"has-post-thumbnail","6":"product_cat-klattringrepp","8":"first","9":"instock","10":"sale","11":"taxable","12":"shipping-taxable","13":"purchasable","14":"product-type-simple"},"_links":{"self":[{"href":"https:\/\/topholds.com\/sv\/wp-json\/wp\/v2\/product\/16675","targetHints":{"allow":["GET"]}}],"collection":[{"href":"https:\/\/topholds.com\/sv\/wp-json\/wp\/v2\/product"}],"about":[{"href":"https:\/\/topholds.com\/sv\/wp-json\/wp\/v2\/types\/product"}],"replies":[{"embeddable":true,"href":"https:\/\/topholds.com\/sv\/wp-json\/wp\/v2\/comments?post=16675"}],"wp:featuredmedia":[{"embeddable":true,"href":"https:\/\/topholds.com\/sv\/wp-json\/wp\/v2\/media\/19229"}],"wp:attachment":[{"href":"https:\/\/topholds.com\/sv\/wp-json\/wp\/v2\/media?parent=16675"}],"wp:term":[{"taxonomy":"product_brand","embeddable":true,"href":"https:\/\/topholds.com\/sv\/wp-json\/wp\/v2\/product_brand?post=16675"},{"taxonomy":"product_cat","embeddable":true,"href":"https:\/\/topholds.com\/sv\/wp-json\/wp\/v2\/product_cat?post=16675"},{"taxonomy":"product_tag","embeddable":true,"href":"https:\/\/topholds.com\/sv\/wp-json\/wp\/v2\/product_tag?post=16675"}],"curies":[{"name":"wp","href":"https:\/\/api.w.org\/{rel}","templated":true}]}}