{"id":16680,"date":"2017-07-01T19:52:30","date_gmt":"2017-07-01T19:52:30","guid":{"rendered":"https:\/\/topholds.com\/?post_type=product&#038;p=5741\/sakerhetsskruv-10x80\/"},"modified":"2024-08-26T03:38:03","modified_gmt":"2024-08-26T03:38:03","slug":"sakerhetsskruv-10x80","status":"publish","type":"product","link":"https:\/\/topholds.com\/sv\/erbjudande\/fasten\/vaggankare\/sakerhetsskruv-10x80\/","title":{"rendered":"S\u00e4kerhetsskruv 10\u00d780"},"content":{"rendered":"<translation>\nMetallankare med m\u00f6jlighet att g\u00f6ra det o\u00e5tkomligt n\u00e4r det \u00e4r \u00e5tdraget genom att s\u00e4tta en stj\u00e4rna p\u00e5 huvudet.<\/p>\n<p>Kontakta f\u00f6r pris vid stora kvantiteter.<br \/>\n<\/translation>\n","protected":false},"excerpt":{"rendered":"<ul>\n<li>S\u00e4ker och h\u00e5llbar<\/li>\n<li>M\u00f6jlighet att g\u00f6ra den o\u00e5tkomlig.<\/li>\n<\/ul>\n","protected":false},"featured_media":4952,"comment_status":"open","ping_status":"closed","template":"","meta":[],"product_brand":[],"product_cat":[424,489],"product_tag":[],"class_list":{"0":"post-16680","1":"product","2":"type-product","3":"status-publish","4":"has-post-thumbnail","6":"product_cat-fasten","7":"product_cat-vaggankare","9":"first","10":"instock","11":"taxable","12":"shipping-taxable","13":"purchasable","14":"product-type-simple"},"_links":{"self":[{"href":"https:\/\/topholds.com\/sv\/wp-json\/wp\/v2\/product\/16680","targetHints":{"allow":["GET"]}}],"collection":[{"href":"https:\/\/topholds.com\/sv\/wp-json\/wp\/v2\/product"}],"about":[{"href":"https:\/\/topholds.com\/sv\/wp-json\/wp\/v2\/types\/product"}],"replies":[{"embeddable":true,"href":"https:\/\/topholds.com\/sv\/wp-json\/wp\/v2\/comments?post=16680"}],"wp:featuredmedia":[{"embeddable":true,"href":"https:\/\/topholds.com\/sv\/wp-json\/wp\/v2\/media\/4952"}],"wp:attachment":[{"href":"https:\/\/topholds.com\/sv\/wp-json\/wp\/v2\/media?parent=16680"}],"wp:term":[{"taxonomy":"product_brand","embeddable":true,"href":"https:\/\/topholds.com\/sv\/wp-json\/wp\/v2\/product_brand?post=16680"},{"taxonomy":"product_cat","embeddable":true,"href":"https:\/\/topholds.com\/sv\/wp-json\/wp\/v2\/product_cat?post=16680"},{"taxonomy":"product_tag","embeddable":true,"href":"https:\/\/topholds.com\/sv\/wp-json\/wp\/v2\/product_tag?post=16680"}],"curies":[{"name":"wp","href":"https:\/\/api.w.org\/{rel}","templated":true}]}}