{"id":16685,"date":"2017-07-30T06:43:33","date_gmt":"2017-07-30T06:43:33","guid":{"rendered":"https:\/\/topholds.com\/?post_type=product&#038;p=5803\/poliedro-01\/"},"modified":"2024-08-26T03:39:46","modified_gmt":"2024-08-26T03:39:46","slug":"poliedro-01","status":"publish","type":"product","link":"https:\/\/topholds.com\/sv\/erbjudande\/klattringrepp\/poliedro-01\/","title":{"rendered":"Kl\u00e4ttergrepp Paket Poliedro 01"},"content":{"rendered":"<p><strong>Pack med kl\u00e4ttergrepp Poliedro 01<\/strong> kommer med 12 grepp med en dual textur.<\/p>\n<p>Med en <strong>varietet av greppalternativ<\/strong> erbjuder dessa grepp ett brett spektrum av m\u00f6jligheter f\u00f6r tr\u00e4ning och f\u00f6rb\u00e4ttring av dina kl\u00e4ttringsf\u00e4rdigheter.<\/p>\n<p>Packningen Poliedro 01 <strong>inkluderar reglar med positiv och neutral greppytor<\/strong>, vilket m\u00f6jligg\u00f6r st\u00f6rre flexibilitet i konfigurationen av kl\u00e4tterv\u00e4ggen.<\/p>\n<p>Det rekommenderas att anv\u00e4nda <strong>skruvar M10x40 eller M8x40<\/strong> f\u00f6r en s\u00e4ker och optimal f\u00e4stning p\u00e5 v\u00e4ggen.<\/p>\n<p>Observera att f\u00e4rgerna p\u00e5 produkten kan variera fr\u00e5n den visade bilden. Om du \u00f6nskar en specifik f\u00e4rg, tveka inte att kontakta oss.<\/p>\n","protected":false},"excerpt":{"rendered":"<ul>\n<li>Poliedro 01 \u00e4r ett paket med 12 kl\u00e4ttringshandtag.<\/li>\n<li>Dubbelt textur.<\/li>\n<li>Reglar med positiv och neutral kant.<\/li>\n<\/ul>\n","protected":false},"featured_media":19239,"comment_status":"open","ping_status":"closed","template":"","meta":[],"product_brand":[],"product_cat":[425],"product_tag":[],"class_list":{"0":"post-16685","1":"product","2":"type-product","3":"status-publish","4":"has-post-thumbnail","6":"product_cat-klattringrepp","8":"first","9":"instock","10":"taxable","11":"shipping-taxable","12":"purchasable","13":"product-type-simple"},"_links":{"self":[{"href":"https:\/\/topholds.com\/sv\/wp-json\/wp\/v2\/product\/16685","targetHints":{"allow":["GET"]}}],"collection":[{"href":"https:\/\/topholds.com\/sv\/wp-json\/wp\/v2\/product"}],"about":[{"href":"https:\/\/topholds.com\/sv\/wp-json\/wp\/v2\/types\/product"}],"replies":[{"embeddable":true,"href":"https:\/\/topholds.com\/sv\/wp-json\/wp\/v2\/comments?post=16685"}],"wp:featuredmedia":[{"embeddable":true,"href":"https:\/\/topholds.com\/sv\/wp-json\/wp\/v2\/media\/19239"}],"wp:attachment":[{"href":"https:\/\/topholds.com\/sv\/wp-json\/wp\/v2\/media?parent=16685"}],"wp:term":[{"taxonomy":"product_brand","embeddable":true,"href":"https:\/\/topholds.com\/sv\/wp-json\/wp\/v2\/product_brand?post=16685"},{"taxonomy":"product_cat","embeddable":true,"href":"https:\/\/topholds.com\/sv\/wp-json\/wp\/v2\/product_cat?post=16685"},{"taxonomy":"product_tag","embeddable":true,"href":"https:\/\/topholds.com\/sv\/wp-json\/wp\/v2\/product_tag?post=16685"}],"curies":[{"name":"wp","href":"https:\/\/api.w.org\/{rel}","templated":true}]}}