{"id":16700,"date":"2017-07-31T17:58:08","date_gmt":"2017-07-31T17:58:08","guid":{"rendered":"https:\/\/topholds.com\/?post_type=product&#038;p=5832\/numeros\/"},"modified":"2026-01-28T15:46:18","modified_gmt":"2026-01-28T15:46:18","slug":"numeros","status":"publish","type":"product","link":"https:\/\/topholds.com\/sv\/erbjudande\/klattringrepp\/barn\/numeros\/","title":{"rendered":"Barnkl\u00e4ttergrepp Paket Numeros"},"content":{"rendered":"<p>Det <strong>kl\u00e4ttergreppspaketet N\u00fameros<\/strong> \u00e4r s\u00e4rskilt <strong>utformat f\u00f6r barn och nyb\u00f6rjare<\/strong> som vill f\u00f6rb\u00e4ttra sina kl\u00e4tterkunskaper. Detta set best\u00e5r av tio grepp med en <strong>mjukt sandstensliknande textur<\/strong> som ger ett s\u00e4kert och bekv\u00e4mt grepp f\u00f6r sm\u00e5 h\u00e4nder.<\/p>\n<p>Varje grepp har ett <strong>anti-rotationsh\u00e5l f\u00f6r skruv som s\u00e4kerst\u00e4ller en s\u00e4ker f\u00e4stning<\/strong> p\u00e5 vilken kl\u00e4tterv\u00e4gg som helst. Det rekommenderas att anv\u00e4nda skruvar M10x40 eller M8x40 f\u00f6r optimal f\u00e4stning.<\/p>\n<p>T\u00e4nk p\u00e5 att f\u00e4rgerna p\u00e5 produkten kan variera j\u00e4mf\u00f6rt med bilden som visas. Om du \u00f6nskar en specifik f\u00e4rg, tveka inte att kontakta oss.<\/p>\n","protected":false},"excerpt":{"rendered":"<ul>\n<li>Nummer \u00e4r en sats med 10 kl\u00e4ttergrepp f\u00f6r barn.<\/li>\n<li>Mjukt sandstensliknande yta.<\/li>\n<li>Greppen har mycket bra grepp, &#8221;tankar s\u00e4rskilt f\u00f6r barn&#8221;.<\/li>\n<li>Alla har h\u00e5l f\u00f6r anti-rotations skruvar.<\/li>\n<\/ul>\n","protected":false},"featured_media":19294,"comment_status":"open","ping_status":"closed","template":"","meta":[],"product_brand":[],"product_cat":[479],"product_tag":[],"class_list":{"0":"post-16700","1":"product","2":"type-product","3":"status-publish","4":"has-post-thumbnail","6":"product_cat-barn","8":"first","9":"instock","10":"taxable","11":"shipping-taxable","12":"purchasable","13":"product-type-simple"},"_links":{"self":[{"href":"https:\/\/topholds.com\/sv\/wp-json\/wp\/v2\/product\/16700","targetHints":{"allow":["GET"]}}],"collection":[{"href":"https:\/\/topholds.com\/sv\/wp-json\/wp\/v2\/product"}],"about":[{"href":"https:\/\/topholds.com\/sv\/wp-json\/wp\/v2\/types\/product"}],"replies":[{"embeddable":true,"href":"https:\/\/topholds.com\/sv\/wp-json\/wp\/v2\/comments?post=16700"}],"wp:featuredmedia":[{"embeddable":true,"href":"https:\/\/topholds.com\/sv\/wp-json\/wp\/v2\/media\/19294"}],"wp:attachment":[{"href":"https:\/\/topholds.com\/sv\/wp-json\/wp\/v2\/media?parent=16700"}],"wp:term":[{"taxonomy":"product_brand","embeddable":true,"href":"https:\/\/topholds.com\/sv\/wp-json\/wp\/v2\/product_brand?post=16700"},{"taxonomy":"product_cat","embeddable":true,"href":"https:\/\/topholds.com\/sv\/wp-json\/wp\/v2\/product_cat?post=16700"},{"taxonomy":"product_tag","embeddable":true,"href":"https:\/\/topholds.com\/sv\/wp-json\/wp\/v2\/product_tag?post=16700"}],"curies":[{"name":"wp","href":"https:\/\/api.w.org\/{rel}","templated":true}]}}