{"id":16715,"date":"2017-08-21T18:55:04","date_gmt":"2017-08-21T18:55:04","guid":{"rendered":"https:\/\/topholds.com\/?post_type=product&#038;p=5868\/moana\/"},"modified":"2024-08-26T03:48:51","modified_gmt":"2024-08-26T03:48:51","slug":"moana","status":"publish","type":"product","link":"https:\/\/topholds.com\/sv\/erbjudande\/klattringrepp\/moana\/","title":{"rendered":"Kl\u00e4ttergrepp Paket Moana"},"content":{"rendered":"<p>Det <strong>kl\u00e4ttringsgreppspaketet Moana<\/strong> best\u00e5r av sex delar med en mjuk och sandig textur som ger ett s\u00e4kert och bekv\u00e4mt grepp.<\/p>\n<p>De \u00e4r inte bara <strong>idealiska f\u00f6r alla kl\u00e4ttringsniv\u00e5er<\/strong>, utan ocks\u00e5 mycket m\u00e5ngsidiga n\u00e4r det g\u00e4ller anv\u00e4ndning p\u00e5 olika typer av v\u00e4ggar och ytor.<\/p>\n<p>Varje grepp har ett <strong>anti-rotationsh\u00e5l f\u00f6r skruv som s\u00e4kerst\u00e4ller en s\u00e4ker f\u00e4stning<\/strong>. De rekommenderade skruvarna att anv\u00e4nda med dessa grepp \u00e4r M10x40 eller M8x40.<\/p>\n<p>T\u00e4nk p\u00e5 att f\u00e4rgerna p\u00e5 produkten kan variera fr\u00e5n bilden som visas. Om du \u00f6nskar en specifik f\u00e4rg, tveka inte att kontakta oss.<\/p>\n","protected":false},"excerpt":{"rendered":"<ul>\n<li>Moana \u00e4r ett set med 6 kl\u00e4ttergrepp.<\/li>\n<li>Mjukt sandstensutseende.<\/li>\n<li>Alla f\u00f6rsedda med h\u00e5l f\u00f6r anti-rotationsskruv.<\/li>\n<\/ul>\n<p>&nbsp;<\/p>\n","protected":false},"featured_media":19344,"comment_status":"open","ping_status":"closed","template":"","meta":[],"product_brand":[],"product_cat":[425],"product_tag":[],"class_list":{"0":"post-16715","1":"product","2":"type-product","3":"status-publish","4":"has-post-thumbnail","6":"product_cat-klattringrepp","8":"first","9":"instock","10":"taxable","11":"shipping-taxable","12":"purchasable","13":"product-type-simple"},"_links":{"self":[{"href":"https:\/\/topholds.com\/sv\/wp-json\/wp\/v2\/product\/16715","targetHints":{"allow":["GET"]}}],"collection":[{"href":"https:\/\/topholds.com\/sv\/wp-json\/wp\/v2\/product"}],"about":[{"href":"https:\/\/topholds.com\/sv\/wp-json\/wp\/v2\/types\/product"}],"replies":[{"embeddable":true,"href":"https:\/\/topholds.com\/sv\/wp-json\/wp\/v2\/comments?post=16715"}],"wp:featuredmedia":[{"embeddable":true,"href":"https:\/\/topholds.com\/sv\/wp-json\/wp\/v2\/media\/19344"}],"wp:attachment":[{"href":"https:\/\/topholds.com\/sv\/wp-json\/wp\/v2\/media?parent=16715"}],"wp:term":[{"taxonomy":"product_brand","embeddable":true,"href":"https:\/\/topholds.com\/sv\/wp-json\/wp\/v2\/product_brand?post=16715"},{"taxonomy":"product_cat","embeddable":true,"href":"https:\/\/topholds.com\/sv\/wp-json\/wp\/v2\/product_cat?post=16715"},{"taxonomy":"product_tag","embeddable":true,"href":"https:\/\/topholds.com\/sv\/wp-json\/wp\/v2\/product_tag?post=16715"}],"curies":[{"name":"wp","href":"https:\/\/api.w.org\/{rel}","templated":true}]}}