{"id":16725,"date":"2017-09-28T18:20:24","date_gmt":"2017-09-28T18:20:24","guid":{"rendered":"https:\/\/topholds.com\/symmetrical-01\/"},"modified":"2025-04-02T09:06:22","modified_gmt":"2025-04-02T09:06:22","slug":"symmetrical-01","status":"publish","type":"product","link":"https:\/\/topholds.com\/sv\/erbjudande\/hinderbana\/traning\/grepp\/symmetrical-01\/","title":{"rendered":"Kl\u00e4ttergrepp Symmetrical 01"},"content":{"rendered":"<p><strong>Symmetrical 01 \u00e4r ett symmetriskt klippgrepp<\/strong> designat f\u00f6r <strong>drag och upph\u00e4ngningar<\/strong>, perfekt f\u00f6r att f\u00f6rb\u00e4ttra dina f\u00e4rdigheter inom kl\u00e4ttring och tr\u00e4ning. Detta grepp har en gener\u00f6s kant i en av sina positioner och en list i den andra, vilket erbjuder <strong>m\u00e5ngsidiga alternativ f\u00f6r dina \u00f6vningar<\/strong>.<\/p>\n<p>Dess <strong>mjuka textur ger ett bekv\u00e4mt<\/strong> och s\u00e4kert grepp under dina tr\u00e4ningar, vilket m\u00f6jligg\u00f6r l\u00e5ngvarig anv\u00e4ndning utan att irritera h\u00e4nderna.<\/p>\n<p>F\u00f6r att installera greppet rekommenderas det att <strong>anv\u00e4nda M10x40 eller M8x40 skruvar<\/strong> (inte inkluderade), vilket garanterar en fast och stabil f\u00e4stning.<\/p>\n<p>T\u00e4nk p\u00e5 att f\u00e4rgerna p\u00e5 produkten kan skilja sig fr\u00e5n de som visas p\u00e5 bilden. Om du \u00f6nskar en specifik f\u00e4rg, tveka inte att kontakta oss.<\/p>\n","protected":false},"excerpt":{"rendered":"<ul>\n<li>Ideal f\u00f6r drag och upph\u00e4ngningar.<\/li>\n<li>Symmetrisk grepp med mycket bra kant i en av sina positioner och en regelt i den andra.<\/li>\n<li>Mjuk textur.<\/li>\n<\/ul>\n","protected":false},"featured_media":5944,"comment_status":"open","ping_status":"closed","template":"","meta":[],"product_brand":[],"product_cat":[416,518,515,425,478],"product_tag":[],"class_list":{"0":"post-16725","1":"product","2":"type-product","3":"status-publish","4":"has-post-thumbnail","6":"product_cat-hinderbana","7":"product_cat-grepp","8":"product_cat-traning","9":"product_cat-klattringrepp","10":"product_cat-tranings","12":"first","13":"instock","14":"taxable","15":"shipping-taxable","16":"purchasable","17":"product-type-simple"},"_links":{"self":[{"href":"https:\/\/topholds.com\/sv\/wp-json\/wp\/v2\/product\/16725","targetHints":{"allow":["GET"]}}],"collection":[{"href":"https:\/\/topholds.com\/sv\/wp-json\/wp\/v2\/product"}],"about":[{"href":"https:\/\/topholds.com\/sv\/wp-json\/wp\/v2\/types\/product"}],"replies":[{"embeddable":true,"href":"https:\/\/topholds.com\/sv\/wp-json\/wp\/v2\/comments?post=16725"}],"wp:featuredmedia":[{"embeddable":true,"href":"https:\/\/topholds.com\/sv\/wp-json\/wp\/v2\/media\/5944"}],"wp:attachment":[{"href":"https:\/\/topholds.com\/sv\/wp-json\/wp\/v2\/media?parent=16725"}],"wp:term":[{"taxonomy":"product_brand","embeddable":true,"href":"https:\/\/topholds.com\/sv\/wp-json\/wp\/v2\/product_brand?post=16725"},{"taxonomy":"product_cat","embeddable":true,"href":"https:\/\/topholds.com\/sv\/wp-json\/wp\/v2\/product_cat?post=16725"},{"taxonomy":"product_tag","embeddable":true,"href":"https:\/\/topholds.com\/sv\/wp-json\/wp\/v2\/product_tag?post=16725"}],"curies":[{"name":"wp","href":"https:\/\/api.w.org\/{rel}","templated":true}]}}