{"id":16730,"date":"2017-09-28T18:29:58","date_gmt":"2017-09-28T18:29:58","guid":{"rendered":"https:\/\/topholds.com\/matematiska-tecken\/"},"modified":"2024-08-26T03:52:41","modified_gmt":"2024-08-26T03:52:41","slug":"matematiska-tecken","status":"publish","type":"product","link":"https:\/\/topholds.com\/sv\/erbjudande\/klattringrepp\/barn\/matematiska-tecken\/","title":{"rendered":"Kl\u00e4ttergrepp Paket Matematiska Tecken"},"content":{"rendered":"<p>Ek <strong>paket med matematiska tecken<\/strong> \u00e4r f\u00f6rem\u00e5l med olika former av matematiska tecken som kan h\u00e4ngas p\u00e5 v\u00e4ggen.<\/p>\n<p>Addition, subtraktion, multiplikation och division&#8230; Detta m\u00e5ngsidiga spelpaket \u00e4r designat f\u00f6r att <strong>fr\u00e4mja l\u00e4rande och n\u00f6je b\u00e5de f\u00f6r barn och vuxna<\/strong>. Med dessa spel stimuleras utvecklingen av olika f\u00e4rdigheter, s\u00e5som:<\/p>\n<ul>\n<li>Probleml\u00f6sning<\/li>\n<li>Snabb beslutsfattande<\/li>\n<li>Mentalt ber\u00e4knande<\/li>\n<li>Kreativitet<\/li>\n<\/ul>\n<p>Varje del \u00e4r <strong>f\u00f6rsedd med ett h\u00e5l f\u00f6r skruvplugg mot rotation<\/strong>, vilket s\u00e4kerst\u00e4ller \u00f6kad s\u00e4kerhet och stabilitet under anv\u00e4ndning.<\/p>\n<p><iframe src=\"https:\/\/www.youtube.com\/embed\/2OvYcDufpHY\" width=\"560\" height=\"315\" frameborder=\"0\" allowfullscreen=\"allowfullscreen\" data-mce-fragment=\"1\"><\/iframe><\/p>\n<p>F\u00f6r installation av delarna rekommenderas det att <strong>anv\u00e4nda skruvar M10x40 eller M8x40<\/strong> (inte inkluderade).<\/p>\n<p>Produkten kan ha f\u00e4rger som skiljer sig fr\u00e5n bilderna, men erbjuds alltid i en variation av attraktiva f\u00e4rger. Om du vill ha att alla delar ska vara i samma f\u00e4rg, tveka inte att kontakta oss.<\/p>\n","protected":false},"excerpt":{"rendered":"<ul>\n<li>Kl\u00e4ttringsgripdon f\u00f6r barn i form av matematiktecken.<\/li>\n<li> M\u00f6jligg\u00f6r \u00f6vning av grundl\u00e4ggande operationer: addition, subtraktion, multiplikation och division.<\/li>\n<li>Utvecklar motoriska f\u00e4rdigheter.<\/li>\n<li>F\u00f6rb\u00e4ttrar beslutsfattande.<\/li>\n<li>St\u00e4rker mental ber\u00e4kning.<\/li>\n<\/ul>\n","protected":false},"featured_media":19394,"comment_status":"open","ping_status":"closed","template":"","meta":[],"product_brand":[],"product_cat":[479],"product_tag":[],"class_list":{"0":"post-16730","1":"product","2":"type-product","3":"status-publish","4":"has-post-thumbnail","6":"product_cat-barn","8":"first","9":"instock","10":"taxable","11":"shipping-taxable","12":"purchasable","13":"product-type-simple"},"_links":{"self":[{"href":"https:\/\/topholds.com\/sv\/wp-json\/wp\/v2\/product\/16730","targetHints":{"allow":["GET"]}}],"collection":[{"href":"https:\/\/topholds.com\/sv\/wp-json\/wp\/v2\/product"}],"about":[{"href":"https:\/\/topholds.com\/sv\/wp-json\/wp\/v2\/types\/product"}],"replies":[{"embeddable":true,"href":"https:\/\/topholds.com\/sv\/wp-json\/wp\/v2\/comments?post=16730"}],"wp:featuredmedia":[{"embeddable":true,"href":"https:\/\/topholds.com\/sv\/wp-json\/wp\/v2\/media\/19394"}],"wp:attachment":[{"href":"https:\/\/topholds.com\/sv\/wp-json\/wp\/v2\/media?parent=16730"}],"wp:term":[{"taxonomy":"product_brand","embeddable":true,"href":"https:\/\/topholds.com\/sv\/wp-json\/wp\/v2\/product_brand?post=16730"},{"taxonomy":"product_cat","embeddable":true,"href":"https:\/\/topholds.com\/sv\/wp-json\/wp\/v2\/product_cat?post=16730"},{"taxonomy":"product_tag","embeddable":true,"href":"https:\/\/topholds.com\/sv\/wp-json\/wp\/v2\/product_tag?post=16730"}],"curies":[{"name":"wp","href":"https:\/\/api.w.org\/{rel}","templated":true}]}}