{"id":16740,"date":"2018-01-26T20:15:02","date_gmt":"2018-01-26T20:15:02","guid":{"rendered":"https:\/\/topholds.com\/spartan-grips\/"},"modified":"2025-08-17T14:23:38","modified_gmt":"2025-08-17T14:23:38","slug":"spartan-grips","status":"publish","type":"product","link":"https:\/\/topholds.com\/sv\/erbjudande\/hinderbana\/traning\/upphangningar\/spartan-grips\/","title":{"rendered":"Hinderbana Upph\u00e4ngningar Spartan Grips"},"content":{"rendered":"<p><strong>Spartan Grips \u00e4r en kombination av boll och cylinder f\u00f6r h\u00e4ngningar\/dragningar<\/strong>, ett m\u00e5ngsidigt grepp utformat f\u00f6r en eller tv\u00e5 h\u00e4nder.<\/p>\n<p>De <em>Spartan Grips h\u00e4ngningarna<\/em> har tre sv\u00e5righetsgrader: ett bollgrepp p\u00e5 10 i den \u00f6vre delen, ett cylindergrepp p\u00e5 10 i mitten och ett grepp p\u00e5 9 i den nedre delen. V\u00e4lj den utmaning som passar dig b\u00e4st!<\/p>\n<p>Med perfekt ergonomi f\u00f6r handen och en mjuk textur \u00e4r detta grepp ett enast\u00e5ende verktyg f\u00f6r <strong>kl\u00e4ttringstr\u00e4ning, OCR eller Crossfit<\/strong>.<\/p>\n<p>Trots sin robusthet \u00e4r dessa grepp l\u00e4tta och idealiska att b\u00e4ra i din ryggs\u00e4ck f\u00f6r tr\u00e4ning var som helst.<\/p>\n<p>Utrustade med ett dubbelt sn\u00f6re p\u00e5 5 mm erbjuder de flera f\u00f6rdelar:<\/p>\n<ul>\n<li>Det st\u00f6r inte greppet.<\/li>\n<li>Kan enkelt h\u00e4ngas p\u00e5 grenar, pull-up-st\u00e4nger etc., med en albatross-knut p\u00e5 bara 3 sekunder.<\/li>\n<li>Med en karbinhake kan de h\u00e4ngas f\u00f6r tak- eller \u00f6verh\u00e4ngs\u00f6verskridanden.<\/li>\n<\/ul>\n<p>Det finns inga urs\u00e4kter f\u00f6r att inte l\u00e4gga till lite utmaning i dina dagliga tr\u00e4ningar.<\/p>\n<p>T\u00e4nk p\u00e5 att produktens f\u00e4rger kan skilja sig fr\u00e5n bilden. Om du \u00f6nskar en specifik f\u00e4rg, tveka inte att kontakta oss.<\/p>\n","protected":false},"excerpt":{"rendered":"<ul>\n<li>Boll och cylinder f\u00f6r upph\u00e4ngningar\/r\u00f6relser.<\/li>\n<li>Grepp f\u00f6r en eller tv\u00e5 h\u00e4nder.<\/li>\n<li>Perfekt f\u00f6r kl\u00e4ttringstr\u00e4ning, OCR eller Crossfit.<\/li>\n<li>Inga hinder i greppet.<\/li>\n<li>Med en karbinhake h\u00e4nger vi dem f\u00f6r tak- eller \u00f6verh\u00e4ngsuth\u00e4ngningar.<\/li>\n<\/ul>\n","protected":false},"featured_media":6185,"comment_status":"open","ping_status":"closed","template":"","meta":[],"product_brand":[],"product_cat":[416,515,517],"product_tag":[],"class_list":{"0":"post-16740","1":"product","2":"type-product","3":"status-publish","4":"has-post-thumbnail","6":"product_cat-hinderbana","7":"product_cat-traning","8":"product_cat-upphangningar","10":"first","11":"instock","12":"taxable","13":"shipping-taxable","14":"purchasable","15":"product-type-simple"},"_links":{"self":[{"href":"https:\/\/topholds.com\/sv\/wp-json\/wp\/v2\/product\/16740","targetHints":{"allow":["GET"]}}],"collection":[{"href":"https:\/\/topholds.com\/sv\/wp-json\/wp\/v2\/product"}],"about":[{"href":"https:\/\/topholds.com\/sv\/wp-json\/wp\/v2\/types\/product"}],"replies":[{"embeddable":true,"href":"https:\/\/topholds.com\/sv\/wp-json\/wp\/v2\/comments?post=16740"}],"wp:featuredmedia":[{"embeddable":true,"href":"https:\/\/topholds.com\/sv\/wp-json\/wp\/v2\/media\/6185"}],"wp:attachment":[{"href":"https:\/\/topholds.com\/sv\/wp-json\/wp\/v2\/media?parent=16740"}],"wp:term":[{"taxonomy":"product_brand","embeddable":true,"href":"https:\/\/topholds.com\/sv\/wp-json\/wp\/v2\/product_brand?post=16740"},{"taxonomy":"product_cat","embeddable":true,"href":"https:\/\/topholds.com\/sv\/wp-json\/wp\/v2\/product_cat?post=16740"},{"taxonomy":"product_tag","embeddable":true,"href":"https:\/\/topholds.com\/sv\/wp-json\/wp\/v2\/product_tag?post=16740"}],"curies":[{"name":"wp","href":"https:\/\/api.w.org\/{rel}","templated":true}]}}