{"id":16745,"date":"2018-01-27T18:32:31","date_gmt":"2018-01-27T18:32:31","guid":{"rendered":"https:\/\/topholds.com\/cone-grips\/"},"modified":"2025-08-17T14:23:39","modified_gmt":"2025-08-17T14:23:39","slug":"cone-grips","status":"publish","type":"product","link":"https:\/\/topholds.com\/sv\/erbjudande\/hinderbana\/traning\/upphangningar\/cone-grips\/","title":{"rendered":"Hinderbana Upph\u00e4ngningar Cone Grips"},"content":{"rendered":"<p><strong>Cone Grips \u00e4r ett h\u00e4ngande\/dragningselement<\/strong>, ett handgrepp i konform med en h\u00f6jd p\u00e5 10 cm och en bredd som varierar mellan 5,5 och 6,8 cm. Detta ergonomiska grepp och dess mjuka textur g\u00f6r det till ett exceptionellt verktyg f\u00f6r <strong>kl\u00e4ttringstr\u00e4ning, OCR eller Crossfit<\/strong>.<\/p>\n<p>Designen av <em>suspension OCR Cone Grips<\/em> \u00e4r l\u00e4tt, perfekt f\u00f6r att ta med sig till tr\u00e4ningar var som helst. Utrustad med en dubbel rep av 5 mm, erbjuder den ytterligare f\u00f6rdelar:<\/p>\n<ul>\n<li>Den st\u00f6r inte greppet.<\/li>\n<li>Kan enkelt h\u00e4ngas p\u00e5 grenar, chinsbars etc. med ett h\u00e4stknop p\u00e5 bara 3 sekunder.<\/li>\n<li>Med en karbinhake kan de h\u00e4ngas upp f\u00f6r tak- eller \u00f6verh\u00e4ngnings\u00f6vningar.<\/li>\n<\/ul>\n<p>T\u00e4nk p\u00e5 att produktens f\u00e4rger kan avvika fr\u00e5n bilden. Om du \u00f6nskar en specifik f\u00e4rg, tveka inte att kontakta oss.<\/p>\n","protected":false},"excerpt":{"rendered":"<ul>\n<li>Cono f\u00f6r upph\u00e4ngningar\/traktioner.<\/li>\n<li>Grepp f\u00f6r en hand i form av en kon.<\/li>\n<li>Idealiskt f\u00f6r kl\u00e4ttringstr\u00e4ning, OCR eller Crossfit.<\/li>\n<li>Det finns inga hinder i greppet.<\/li>\n<li>Med en karbinhake h\u00e4nger vi dem f\u00f6r tak- eller \u00f6verh\u00e4ngstr\u00e4ning.<\/li>\n<\/ul>\n","protected":false},"featured_media":6188,"comment_status":"open","ping_status":"closed","template":"","meta":[],"product_brand":[],"product_cat":[416,515,517],"product_tag":[],"class_list":{"0":"post-16745","1":"product","2":"type-product","3":"status-publish","4":"has-post-thumbnail","6":"product_cat-hinderbana","7":"product_cat-traning","8":"product_cat-upphangningar","10":"first","11":"instock","12":"taxable","13":"shipping-taxable","14":"purchasable","15":"product-type-simple"},"_links":{"self":[{"href":"https:\/\/topholds.com\/sv\/wp-json\/wp\/v2\/product\/16745","targetHints":{"allow":["GET"]}}],"collection":[{"href":"https:\/\/topholds.com\/sv\/wp-json\/wp\/v2\/product"}],"about":[{"href":"https:\/\/topholds.com\/sv\/wp-json\/wp\/v2\/types\/product"}],"replies":[{"embeddable":true,"href":"https:\/\/topholds.com\/sv\/wp-json\/wp\/v2\/comments?post=16745"}],"wp:featuredmedia":[{"embeddable":true,"href":"https:\/\/topholds.com\/sv\/wp-json\/wp\/v2\/media\/6188"}],"wp:attachment":[{"href":"https:\/\/topholds.com\/sv\/wp-json\/wp\/v2\/media?parent=16745"}],"wp:term":[{"taxonomy":"product_brand","embeddable":true,"href":"https:\/\/topholds.com\/sv\/wp-json\/wp\/v2\/product_brand?post=16745"},{"taxonomy":"product_cat","embeddable":true,"href":"https:\/\/topholds.com\/sv\/wp-json\/wp\/v2\/product_cat?post=16745"},{"taxonomy":"product_tag","embeddable":true,"href":"https:\/\/topholds.com\/sv\/wp-json\/wp\/v2\/product_tag?post=16745"}],"curies":[{"name":"wp","href":"https:\/\/api.w.org\/{rel}","templated":true}]}}