{"id":16750,"date":"2018-03-17T18:03:17","date_gmt":"2018-03-17T18:03:17","guid":{"rendered":"https:\/\/topholds.com\/daina\/"},"modified":"2024-08-26T03:58:12","modified_gmt":"2024-08-26T03:58:12","slug":"daina","status":"publish","type":"product","link":"https:\/\/topholds.com\/sv\/erbjudande\/klattringrepp\/daina\/","title":{"rendered":"Kl\u00e4ttergrepp Paket Daina"},"content":{"rendered":"<p><strong>Daina \u00e4r ett paket med 5 kl\u00e4ttringsgrepp<\/strong> med en mjuk sandstensstruktur.<\/p>\n<p>Varje grepp <strong>erbjuder flera greppalternativ<\/strong>, s\u00e5som pinza, regleta och h\u00e5l, vilket g\u00f6r dem till ett oumb\u00e4rligt verktyg f\u00f6r att diversifiera och f\u00f6rb\u00e4ttra din tr\u00e4ning.<\/p>\n<p>Dessa grepp ger ett exceptionellt f\u00e4ste, vilket m\u00f6jligg\u00f6r <strong>anv\u00e4ndning p\u00e5 alla typer av \u00f6verh\u00e4ng eller lutningar<\/strong>, och anpassar sig efter behoven hos kl\u00e4ttrare p\u00e5 alla niv\u00e5er.<\/p>\n<p>Dessutom \u00e4r alla <em>Daina-grepp<\/em> <strong>utrustade med en h\u00e5l f\u00f6r skruvdragning mot rotation<\/strong>, vilket garanterar \u00f6kad s\u00e4kerhet och stabilitet under anv\u00e4ndning.<\/p>\n<p>F\u00f6r installation rekommenderas det att anv\u00e4nda skruvar M10x40 eller M8x40 (ing\u00e5r inte).<\/p>\n<p>Observera att produktens f\u00e4rger kan skilja sig fr\u00e5n de som visas p\u00e5 bilden. Om du \u00f6nskar en specifik f\u00e4rg, tveka inte att kontakta oss.<\/p>\n","protected":false},"excerpt":{"rendered":"<ul>\n<li>Daina \u00e4r ett set med 5 kl\u00e4ttringsgrepp.<\/li>\n<li>Mjukt sandstensutseende.<\/li>\n<li>Grepp med flera m\u00f6jliga grepptekniker: pinna, regleta och h\u00e5l.<\/li>\n<li>L\u00e4mpliga f\u00f6r anv\u00e4ndning p\u00e5 alla typer av \u00f6verh\u00e4ng.<\/li>\n<li>Alla f\u00f6rsedda med h\u00e5l f\u00f6r anti-rotationsskruv.<\/li>\n<\/ul>\n","protected":false},"featured_media":6261,"comment_status":"open","ping_status":"closed","template":"","meta":[],"product_brand":[],"product_cat":[425],"product_tag":[],"class_list":{"0":"post-16750","1":"product","2":"type-product","3":"status-publish","4":"has-post-thumbnail","6":"product_cat-klattringrepp","8":"first","9":"instock","10":"taxable","11":"shipping-taxable","12":"purchasable","13":"product-type-simple"},"_links":{"self":[{"href":"https:\/\/topholds.com\/sv\/wp-json\/wp\/v2\/product\/16750","targetHints":{"allow":["GET"]}}],"collection":[{"href":"https:\/\/topholds.com\/sv\/wp-json\/wp\/v2\/product"}],"about":[{"href":"https:\/\/topholds.com\/sv\/wp-json\/wp\/v2\/types\/product"}],"replies":[{"embeddable":true,"href":"https:\/\/topholds.com\/sv\/wp-json\/wp\/v2\/comments?post=16750"}],"wp:featuredmedia":[{"embeddable":true,"href":"https:\/\/topholds.com\/sv\/wp-json\/wp\/v2\/media\/6261"}],"wp:attachment":[{"href":"https:\/\/topholds.com\/sv\/wp-json\/wp\/v2\/media?parent=16750"}],"wp:term":[{"taxonomy":"product_brand","embeddable":true,"href":"https:\/\/topholds.com\/sv\/wp-json\/wp\/v2\/product_brand?post=16750"},{"taxonomy":"product_cat","embeddable":true,"href":"https:\/\/topholds.com\/sv\/wp-json\/wp\/v2\/product_cat?post=16750"},{"taxonomy":"product_tag","embeddable":true,"href":"https:\/\/topholds.com\/sv\/wp-json\/wp\/v2\/product_tag?post=16750"}],"curies":[{"name":"wp","href":"https:\/\/api.w.org\/{rel}","templated":true}]}}