{"id":16755,"date":"2018-03-23T16:22:43","date_gmt":"2018-03-23T16:22:43","guid":{"rendered":"https:\/\/topholds.com\/omega-1\/"},"modified":"2024-08-26T03:59:27","modified_gmt":"2024-08-26T03:59:27","slug":"omega-1","status":"publish","type":"product","link":"https:\/\/topholds.com\/sv\/erbjudande\/klattringrepp\/omega-1\/","title":{"rendered":"Kl\u00e4ttergrepp Paket Omega 1"},"content":{"rendered":"<p><strong>Omega 1 \u00e4r ett paket med 8 kl\u00e4ttringsgrepp<\/strong> med dubbel textur.<\/p>\n<p>Dess m\u00e5ngsidighet m\u00f6jligg\u00f6r anv\u00e4ndning p\u00e5 alla typer av sluttningar, vilket anpassar sig till kl\u00e4ttrarnas behov och f\u00e4rdigheter.<\/p>\n<p>Dessa grepp har rundade kanter, vilket g\u00f6r dem <strong>ideala f\u00f6r effektiva och rigor\u00f6sa tr\u00e4ningar<\/strong>, liksom f\u00f6r kl\u00e4t t\u00e4vlingar.<\/p>\n<p>Det som g\u00f6r detta <em>greppset<\/em> unikt \u00e4r <strong>variationer i sv\u00e5righetsgrad av greppen<\/strong> som erbjuds, eftersom varje grepp presenterar en annan utmaningsniv\u00e5 i j\u00e4mf\u00f6relse med de andra.<\/p>\n<p>F\u00f6r installation kr\u00e4vs skruvar (ej inkluderade).<\/p>\n<p>T\u00e4nk p\u00e5 att produktens f\u00e4rger kan variera j\u00e4mf\u00f6rt med de som visas p\u00e5 bilden. Om du \u00f6nskar en specifik f\u00e4rg, tveka inte att kontakta oss.<\/p>\n","protected":false},"excerpt":{"rendered":"<ul>\n<li>Omega 1 \u00e4r ett set med 8 kl\u00e4ttringsholkar.<\/li>\n<li>Dubbla texturer.<\/li>\n<li>De kan anv\u00e4ndas p\u00e5 alla typer av lutningar.<\/li>\n<li>Perfekta f\u00f6r tr\u00e4ning tack vare sina rundade kanter.<\/li>\n<li>Varje holk har en annan greppsv\u00e5righet \u00e4n de \u00f6vriga.<\/li>\n<\/ul>\n","protected":false},"featured_media":19469,"comment_status":"open","ping_status":"closed","template":"","meta":[],"product_brand":[],"product_cat":[425],"product_tag":[],"class_list":{"0":"post-16755","1":"product","2":"type-product","3":"status-publish","4":"has-post-thumbnail","6":"product_cat-klattringrepp","8":"first","9":"instock","10":"taxable","11":"shipping-taxable","12":"purchasable","13":"product-type-simple"},"_links":{"self":[{"href":"https:\/\/topholds.com\/sv\/wp-json\/wp\/v2\/product\/16755","targetHints":{"allow":["GET"]}}],"collection":[{"href":"https:\/\/topholds.com\/sv\/wp-json\/wp\/v2\/product"}],"about":[{"href":"https:\/\/topholds.com\/sv\/wp-json\/wp\/v2\/types\/product"}],"replies":[{"embeddable":true,"href":"https:\/\/topholds.com\/sv\/wp-json\/wp\/v2\/comments?post=16755"}],"wp:featuredmedia":[{"embeddable":true,"href":"https:\/\/topholds.com\/sv\/wp-json\/wp\/v2\/media\/19469"}],"wp:attachment":[{"href":"https:\/\/topholds.com\/sv\/wp-json\/wp\/v2\/media?parent=16755"}],"wp:term":[{"taxonomy":"product_brand","embeddable":true,"href":"https:\/\/topholds.com\/sv\/wp-json\/wp\/v2\/product_brand?post=16755"},{"taxonomy":"product_cat","embeddable":true,"href":"https:\/\/topholds.com\/sv\/wp-json\/wp\/v2\/product_cat?post=16755"},{"taxonomy":"product_tag","embeddable":true,"href":"https:\/\/topholds.com\/sv\/wp-json\/wp\/v2\/product_tag?post=16755"}],"curies":[{"name":"wp","href":"https:\/\/api.w.org\/{rel}","templated":true}]}}