{"id":16760,"date":"2018-03-23T16:30:35","date_gmt":"2018-03-23T16:30:35","guid":{"rendered":"https:\/\/topholds.com\/omega-2\/"},"modified":"2024-08-26T04:01:14","modified_gmt":"2024-08-26T04:01:14","slug":"omega-2","status":"publish","type":"product","link":"https:\/\/topholds.com\/sv\/erbjudande\/klattringrepp\/omega-2\/","title":{"rendered":"Kl\u00e4ttergrepp Paket Omega 2"},"content":{"rendered":"<p><strong>Omega 2 \u00e4r ett paket med 10 kl\u00e4ttringsgrepp<\/strong> av dual-textur, utformade f\u00f6r att erbjuda en unik och varierad tr\u00e4ningsupplevelse.<\/p>\n<p>Dess m\u00e5ngsidighet g\u00f6r att de kan anv\u00e4ndas p\u00e5 vilken lutning som helst, anpassar sig till olika sv\u00e5righetsgrader och kl\u00e4ttrares f\u00e4rdigheter. Tack vare sina rundade kanter \u00e4r dessa <strong>grepp perfekta f\u00f6r intensiv tr\u00e4ning<\/strong> och, dessutom, idealiska f\u00f6r kl\u00e4ttringst\u00e4vlingar.<\/p>\n<p>Det som s\u00e4rskiljer detta <em>parti av grepp<\/em> \u00e4r <strong>m\u00e5ngfalden av grepp<\/strong>, eftersom varje grepp har en annan sv\u00e5righetsgrad \u00e4n de andra, vilket g\u00f6r det m\u00f6jligt att utmana och f\u00f6rb\u00e4ttra kl\u00e4ttrares f\u00e4rdigheter.<\/p>\n<p>F\u00f6r installation kr\u00e4vs skruv (ing\u00e5r ej).<\/p>\n<p>T\u00e4nk p\u00e5 att produktens f\u00e4rger kan skilja sig fr\u00e5n de som visas p\u00e5 bilden. Om du \u00f6nskar en specifik f\u00e4rg, tveka inte att kontakta oss.<\/p>\n","protected":false},"excerpt":{"rendered":"<ul>\n<li>Omega 2 \u00e4r ett set med 10 kl\u00e4ttergrepp.<\/li>\n<li>Dual textur.<\/li>\n<li>Passar f\u00f6r anv\u00e4ndning p\u00e5 alla typer av lutningar.<\/li>\n<li>Ideala f\u00f6r tr\u00e4ning tack vare sina rundade kanter.<\/li>\n<li>Varje grepp har en sv\u00e5righetsgrad som skiljer sig fr\u00e5n de andra.<\/li>\n<\/ul>\n","protected":false},"featured_media":19474,"comment_status":"open","ping_status":"closed","template":"","meta":[],"product_brand":[],"product_cat":[425],"product_tag":[],"class_list":{"0":"post-16760","1":"product","2":"type-product","3":"status-publish","4":"has-post-thumbnail","6":"product_cat-klattringrepp","8":"first","9":"instock","10":"taxable","11":"shipping-taxable","12":"purchasable","13":"product-type-simple"},"_links":{"self":[{"href":"https:\/\/topholds.com\/sv\/wp-json\/wp\/v2\/product\/16760","targetHints":{"allow":["GET"]}}],"collection":[{"href":"https:\/\/topholds.com\/sv\/wp-json\/wp\/v2\/product"}],"about":[{"href":"https:\/\/topholds.com\/sv\/wp-json\/wp\/v2\/types\/product"}],"replies":[{"embeddable":true,"href":"https:\/\/topholds.com\/sv\/wp-json\/wp\/v2\/comments?post=16760"}],"wp:featuredmedia":[{"embeddable":true,"href":"https:\/\/topholds.com\/sv\/wp-json\/wp\/v2\/media\/19474"}],"wp:attachment":[{"href":"https:\/\/topholds.com\/sv\/wp-json\/wp\/v2\/media?parent=16760"}],"wp:term":[{"taxonomy":"product_brand","embeddable":true,"href":"https:\/\/topholds.com\/sv\/wp-json\/wp\/v2\/product_brand?post=16760"},{"taxonomy":"product_cat","embeddable":true,"href":"https:\/\/topholds.com\/sv\/wp-json\/wp\/v2\/product_cat?post=16760"},{"taxonomy":"product_tag","embeddable":true,"href":"https:\/\/topholds.com\/sv\/wp-json\/wp\/v2\/product_tag?post=16760"}],"curies":[{"name":"wp","href":"https:\/\/api.w.org\/{rel}","templated":true}]}}