{"id":16765,"date":"2018-03-23T18:09:12","date_gmt":"2018-03-23T18:09:12","guid":{"rendered":"https:\/\/topholds.com\/slippery-12\/"},"modified":"2024-08-26T04:02:40","modified_gmt":"2024-08-26T04:02:40","slug":"slippery-12","status":"publish","type":"product","link":"https:\/\/topholds.com\/sv\/erbjudande\/klattringrepp\/slippery-12\/","title":{"rendered":"Kl\u00e4ttergrepp Paket Slippery 12"},"content":{"rendered":"<p><strong>Slippery 12 \u00e4r ett paket med 2 runda grepp<\/strong> med exklusiv design och dual textur, varje med en diameter p\u00e5 120 mm och en h\u00f6jd p\u00e5 60 mm. Dessa grepp har olika ytor f\u00f6r att erbjuda en unik och utmanande tr\u00e4ningsupplevelse.<\/p>\n<p>Mycket tekniska och m\u00e5ngsidiga, <em><strong>Slippery 12 kl\u00e4ttergrepp<\/strong><\/em> \u00e4r idealiska f\u00f6r tr\u00e4ning, t\u00e4vlingar och campus\u00f6vningar.<\/p>\n<p>F\u00f6r installation rekommenderas det att anv\u00e4nda M10x60 eller M8x60 skruvar (ing\u00e5r ej).<\/p>\n<p>T\u00e4nk p\u00e5 att produktens f\u00e4rger kan skilja sig fr\u00e5n de som visas p\u00e5 bilden. Om du \u00f6nskar en specifik f\u00e4rg, tveka inte att kontakta oss.<\/p>\n","protected":false},"excerpt":{"rendered":"<ul>\n<li>Slippery 12 \u00e4r ett set med 2 runda bollar.<\/li>\n<li>Dubbelt textur.<\/li>\n<li>Var och en med olika greppytor.<\/li>\n<li>Mycket tekniska och m\u00e5ngsidiga, de anv\u00e4nds f\u00f6r tr\u00e4ning, t\u00e4vling och l\u00e4ger.<\/li>\n<\/ul>\n","protected":false},"featured_media":19494,"comment_status":"open","ping_status":"closed","template":"","meta":[],"product_brand":[],"product_cat":[425],"product_tag":[],"class_list":{"0":"post-16765","1":"product","2":"type-product","3":"status-publish","4":"has-post-thumbnail","6":"product_cat-klattringrepp","8":"first","9":"instock","10":"taxable","11":"shipping-taxable","12":"purchasable","13":"product-type-simple"},"_links":{"self":[{"href":"https:\/\/topholds.com\/sv\/wp-json\/wp\/v2\/product\/16765","targetHints":{"allow":["GET"]}}],"collection":[{"href":"https:\/\/topholds.com\/sv\/wp-json\/wp\/v2\/product"}],"about":[{"href":"https:\/\/topholds.com\/sv\/wp-json\/wp\/v2\/types\/product"}],"replies":[{"embeddable":true,"href":"https:\/\/topholds.com\/sv\/wp-json\/wp\/v2\/comments?post=16765"}],"wp:featuredmedia":[{"embeddable":true,"href":"https:\/\/topholds.com\/sv\/wp-json\/wp\/v2\/media\/19494"}],"wp:attachment":[{"href":"https:\/\/topholds.com\/sv\/wp-json\/wp\/v2\/media?parent=16765"}],"wp:term":[{"taxonomy":"product_brand","embeddable":true,"href":"https:\/\/topholds.com\/sv\/wp-json\/wp\/v2\/product_brand?post=16765"},{"taxonomy":"product_cat","embeddable":true,"href":"https:\/\/topholds.com\/sv\/wp-json\/wp\/v2\/product_cat?post=16765"},{"taxonomy":"product_tag","embeddable":true,"href":"https:\/\/topholds.com\/sv\/wp-json\/wp\/v2\/product_tag?post=16765"}],"curies":[{"name":"wp","href":"https:\/\/api.w.org\/{rel}","templated":true}]}}