{"id":16770,"date":"2018-03-23T18:32:33","date_gmt":"2018-03-23T18:32:33","guid":{"rendered":"https:\/\/topholds.com\/line\/"},"modified":"2024-08-26T04:03:21","modified_gmt":"2024-08-26T04:03:21","slug":"line","status":"publish","type":"product","link":"https:\/\/topholds.com\/sv\/erbjudande\/hinderbana\/greppbrador\/line\/","title":{"rendered":"Greppbr\u00e4da Line"},"content":{"rendered":"<div class=\"flex-1 overflow-hidden\">\n<div class=\"react-scroll-to-bottom--css-mbvpb-79elbk h-full dark:bg-gray-800\">\n<div class=\"react-scroll-to-bottom--css-mbvpb-1n7m0yu\">\n<div class=\"flex flex-col items-center text-sm dark:bg-gray-800\">\n<div class=\"group w-full text-gray-800 dark:text-gray-100 border-b border-black\/10 dark:border-gray-900\/50 bg-gray-50 dark:bg-[#444654]\">\n<div class=\"text-base gap-4 md:gap-6 md:max-w-2xl lg:max-w-2xl xl:max-w-3xl p-4 md:py-6 flex lg:px-0 m-auto\">\n<div class=\"relative flex w-[calc(100%-50px)] flex-col gap-1 md:gap-3 lg:w-[calc(100%-115px)]\">\n<div class=\"flex flex-grow flex-col gap-3\">\n<div class=\"min-h-[20px] flex flex-col items-start gap-4 whitespace-pre-wrap\">\n<div class=\"markdown prose w-full break-words dark:prose-invert light\">\n<p><strong>Line \u00e4r en multipressbr\u00e4da<\/strong> designad f\u00f6r <strong>upph\u00e4ngning och drag\u00f6vningar<\/strong>, perfekt f\u00f6r att f\u00f6rb\u00e4ttra din prestationsf\u00f6rm\u00e5ga inom kl\u00e4ttring och greppstyrka. Denna <em>multipressbr\u00e4da<\/em> har tv\u00e5 typer av grepp: ett med en positiv kant p\u00e5 105 grader p\u00e5 toppen och ett annat med fingerf\u00f6rdjupningar och neutral kant p\u00e5 90 grader.<\/p>\n<p><strong>M\u00e5tt:<\/strong><\/p>\n<ul>\n<li>Djup: 35 mm<\/li>\n<li>Bredd: 590 mm<\/li>\n<li>H\u00f6jd: 50 mm<\/li>\n<\/ul>\n<p>Om du \u00f6nskar andra djup, tveka inte att kontakta oss.<\/p>\n<p><strong>F\u00e4stningen g\u00f6rs med hj\u00e4lp av skruvar<\/strong>, men vi kan ocks\u00e5 leverera den med h\u00e5l f\u00f6r insexskruvar anpassade till avst\u00e5ndet p\u00e5 din platta (p\u00e5 beg\u00e4ran).<\/p>\n<p>T\u00e4nk p\u00e5 att f\u00e4rgerna p\u00e5 produkten kan variera i f\u00f6rh\u00e5llande till de som visas p\u00e5 bilden. Om du letar efter en specifik f\u00e4rg, tveka inte att kontakta oss.<\/p>\n<\/div>\n<\/div>\n<\/div>\n<\/div>\n<\/div>\n<\/div>\n<\/div>\n<\/div>\n<\/div>\n","protected":false},"excerpt":{"rendered":"<ul>\n<li>Ideal f\u00f6r upph\u00e4ngningar\/dragningsarbete.<\/li>\n<li>Brett utbud av \u00f6vningar f\u00f6r tr\u00e4ning.<\/li>\n<li>Ergonomisk design som garanterar komfort och s\u00e4kerhet.<\/li>\n<li>Personalisering av djup enligt behov.<\/li>\n<li>Just\u00e9rbar f\u00e4stning med hj\u00e4lp av skruvar eller insexskruvar.<\/li>\n<\/ul>\n","protected":false},"featured_media":19504,"comment_status":"open","ping_status":"closed","template":"","meta":[],"product_brand":[],"product_cat":[513,416,515,425,478],"product_tag":[],"class_list":{"0":"post-16770","1":"product","2":"type-product","3":"status-publish","4":"has-post-thumbnail","6":"product_cat-greppbrador","7":"product_cat-hinderbana","8":"product_cat-traning","9":"product_cat-klattringrepp","10":"product_cat-tranings","12":"first","13":"instock","14":"sale","15":"taxable","16":"shipping-taxable","17":"purchasable","18":"product-type-simple"},"_links":{"self":[{"href":"https:\/\/topholds.com\/sv\/wp-json\/wp\/v2\/product\/16770","targetHints":{"allow":["GET"]}}],"collection":[{"href":"https:\/\/topholds.com\/sv\/wp-json\/wp\/v2\/product"}],"about":[{"href":"https:\/\/topholds.com\/sv\/wp-json\/wp\/v2\/types\/product"}],"replies":[{"embeddable":true,"href":"https:\/\/topholds.com\/sv\/wp-json\/wp\/v2\/comments?post=16770"}],"wp:featuredmedia":[{"embeddable":true,"href":"https:\/\/topholds.com\/sv\/wp-json\/wp\/v2\/media\/19504"}],"wp:attachment":[{"href":"https:\/\/topholds.com\/sv\/wp-json\/wp\/v2\/media?parent=16770"}],"wp:term":[{"taxonomy":"product_brand","embeddable":true,"href":"https:\/\/topholds.com\/sv\/wp-json\/wp\/v2\/product_brand?post=16770"},{"taxonomy":"product_cat","embeddable":true,"href":"https:\/\/topholds.com\/sv\/wp-json\/wp\/v2\/product_cat?post=16770"},{"taxonomy":"product_tag","embeddable":true,"href":"https:\/\/topholds.com\/sv\/wp-json\/wp\/v2\/product_tag?post=16770"}],"curies":[{"name":"wp","href":"https:\/\/api.w.org\/{rel}","templated":true}]}}