{"id":16775,"date":"2018-04-22T18:19:46","date_gmt":"2018-04-22T18:19:46","guid":{"rendered":"https:\/\/topholds.com\/cylinder-grips\/"},"modified":"2026-03-08T20:22:18","modified_gmt":"2026-03-08T20:22:18","slug":"cylinder-grips","status":"publish","type":"product","link":"https:\/\/topholds.com\/sv\/erbjudande\/hinderbana\/traning\/upphangningar\/cylinder-grips\/","title":{"rendered":"Hinderbana Upph\u00e4ngningar Cylinder Grips"},"content":{"rendered":"<p><strong>Cylinder Grips \u00e4r ett tr\u00e4ningsgrepp f\u00f6r h\u00e4ngningar och dragningar.<\/strong><\/p>\n<p>Den <em>h\u00e4r OCR Cylinder Grips-h\u00e4ngningen<\/em> \u00e4r designad f\u00f6r att ta dina <strong>kl\u00e4ttringstr\u00e4ningar, OCR och CrossFit<\/strong> till n\u00e4sta niv\u00e5. Med en h\u00f6jd p\u00e5 17 cm och en diameter p\u00e5 5,5 cm erbjuder denna cylinder en perfekt ergonomi f\u00f6r handen, kombinerad med en mjuk men greppv\u00e4nlig textur som <strong>garanterar ett optimalt grepp<\/strong>.<\/p>\n<p><strong>Cylinder Grips<\/strong> \u00e4r extremt l\u00e4tta, vilket g\u00f6r dem till det <strong>it\u00e4gda valet f\u00f6r att ta med dig till dina tr\u00e4ningar vart som helst<\/strong>. Dessutom har vi valt en dubbel snodd av 6 mm av flera anledningar:<\/p>\n<ul>\n<li>Inga hinder som st\u00f6r greppet<\/li>\n<li>P\u00e5 bara 3 sekunder kan du anv\u00e4nda en albatrossknut f\u00f6r att h\u00e4nga dem fr\u00e5n vilken gren, pull-up-bar etc. som helst.<\/li>\n<li>Anv\u00e4nd en karbinhake f\u00f6r att h\u00e4nga dem vid tak eller \u00f6verh\u00e4ng<\/li>\n<\/ul>\n<p>T\u00e4nk p\u00e5 att produktens f\u00e4rger kan variera fr\u00e5n den visade bilden. Om du \u00f6nskar en specifik f\u00e4rg, tveka inte att kontakta oss.<\/p>\n","protected":false},"excerpt":{"rendered":"<ul>\n<li>Cylinder f\u00f6r upph\u00e4ngningar\/traktioner.<\/li>\n<li>Mycket l\u00e4tta, idealiska att ta med p\u00e5 tr\u00e4ningar var som helst.<\/li>\n<li>Det finns inga hinder i greppet.<\/li>\n<li>Med en karbinhake h\u00e4nger vi upp dem f\u00f6r tak- eller \u00f6verh\u00e4ngs\u00f6vningar.<\/li>\n<\/ul>\n","protected":false},"featured_media":6349,"comment_status":"open","ping_status":"closed","template":"","meta":[],"product_brand":[],"product_cat":[416,515,517],"product_tag":[],"class_list":{"0":"post-16775","1":"product","2":"type-product","3":"status-publish","4":"has-post-thumbnail","6":"product_cat-hinderbana","7":"product_cat-traning","8":"product_cat-upphangningar","10":"first","11":"instock","12":"sale","13":"taxable","14":"shipping-taxable","15":"purchasable","16":"product-type-simple"},"_links":{"self":[{"href":"https:\/\/topholds.com\/sv\/wp-json\/wp\/v2\/product\/16775","targetHints":{"allow":["GET"]}}],"collection":[{"href":"https:\/\/topholds.com\/sv\/wp-json\/wp\/v2\/product"}],"about":[{"href":"https:\/\/topholds.com\/sv\/wp-json\/wp\/v2\/types\/product"}],"replies":[{"embeddable":true,"href":"https:\/\/topholds.com\/sv\/wp-json\/wp\/v2\/comments?post=16775"}],"wp:featuredmedia":[{"embeddable":true,"href":"https:\/\/topholds.com\/sv\/wp-json\/wp\/v2\/media\/6349"}],"wp:attachment":[{"href":"https:\/\/topholds.com\/sv\/wp-json\/wp\/v2\/media?parent=16775"}],"wp:term":[{"taxonomy":"product_brand","embeddable":true,"href":"https:\/\/topholds.com\/sv\/wp-json\/wp\/v2\/product_brand?post=16775"},{"taxonomy":"product_cat","embeddable":true,"href":"https:\/\/topholds.com\/sv\/wp-json\/wp\/v2\/product_cat?post=16775"},{"taxonomy":"product_tag","embeddable":true,"href":"https:\/\/topholds.com\/sv\/wp-json\/wp\/v2\/product_tag?post=16775"}],"curies":[{"name":"wp","href":"https:\/\/api.w.org\/{rel}","templated":true}]}}