{"id":16785,"date":"2018-04-22T19:28:53","date_gmt":"2018-04-22T19:28:53","guid":{"rendered":"https:\/\/topholds.com\/ninja-grips\/"},"modified":"2026-04-01T20:41:07","modified_gmt":"2026-04-01T20:41:07","slug":"ninja-grips","status":"publish","type":"product","link":"https:\/\/topholds.com\/sv\/erbjudande\/hinderbana\/traning\/upphangningar\/ninja-grips\/","title":{"rendered":"Hinderbana Upph\u00e4ngningar Ninja Grips"},"content":{"rendered":"<p><strong>OCR Ninja Grips \u00e4r ett grepp<\/strong> med konform som m\u00f6jligg\u00f6r <strong>tr\u00e4ning av h\u00e4ngande\/drag\u00f6vningar<\/strong>.<\/p>\n<p>Det \u00e4r idealiskt f\u00f6r tr\u00e4ning f\u00f6r att f\u00f6rb\u00e4ttra din styrka och uth\u00e5llighet i h\u00e4nderna. Det har en h\u00f6jd p\u00e5 17 cm och en diameter p\u00e5 7,5 cm. Dess ergonomi och mjuka men klibbiga textur g\u00f6r det till ett bekv\u00e4mt och s\u00e4kert grepp <strong>f\u00f6r tr\u00e4ning i kl\u00e4ttring, OCR och Crossfit<\/strong>.<\/p>\n<p>Det \u00e4r ett mycket l\u00e4tt grepp som du kan ta med dig \u00f6verallt. Det har ett dubbelt sn\u00f6re p\u00e5 6 mm som g\u00f6r att du enkelt kan h\u00e4nga det p\u00e5 en gren, en pull-up bar eller en karbinhake.<\/p>\n<p>Dessutom erbjuder sn\u00f6ret flera f\u00f6rdelar:<\/p>\n<ul>\n<li>Det finns inga hinder som st\u00f6r greppet<\/li>\n<li>P\u00e5 bara 3 sekunder anv\u00e4nder du en albatrosknut f\u00f6r att h\u00e4nga det fr\u00e5n vilken gren, pull-up bar osv. som helst.<\/li>\n<li>Anv\u00e4nd en karbinhake f\u00f6r att h\u00e4nga det vid takutg\u00e5ngar eller \u00f6verh\u00e4ng<\/li>\n<\/ul>\n<p>T\u00e4nk p\u00e5 att produktens f\u00e4rger kan variera fr\u00e5n den visade bilden. Om du \u00f6nskar en specifik f\u00e4rg, tveka inte att kontakta oss.<\/p>\n","protected":false},"excerpt":{"rendered":"<ul>\n<li>Cono f\u00f6r upph\u00e4ngningar\/dragningar.<\/li>\n<li>Ideala f\u00f6r att ta med till v\u00e5ra tr\u00e4ningar var som helst.<\/li>\n<li>Det finns inga hinder i greppet.<\/li>\n<li>Med en karbinhake h\u00e4nger vi upp dem f\u00f6r takutflykter eller \u00f6verh\u00e4ng.<\/li>\n<\/ul>\n","protected":false},"featured_media":6350,"comment_status":"open","ping_status":"closed","template":"","meta":[],"product_brand":[],"product_cat":[416,515,517],"product_tag":[],"class_list":{"0":"post-16785","1":"product","2":"type-product","3":"status-publish","4":"has-post-thumbnail","6":"product_cat-hinderbana","7":"product_cat-traning","8":"product_cat-upphangningar","10":"first","11":"instock","12":"sale","13":"taxable","14":"shipping-taxable","15":"purchasable","16":"product-type-simple"},"_links":{"self":[{"href":"https:\/\/topholds.com\/sv\/wp-json\/wp\/v2\/product\/16785","targetHints":{"allow":["GET"]}}],"collection":[{"href":"https:\/\/topholds.com\/sv\/wp-json\/wp\/v2\/product"}],"about":[{"href":"https:\/\/topholds.com\/sv\/wp-json\/wp\/v2\/types\/product"}],"replies":[{"embeddable":true,"href":"https:\/\/topholds.com\/sv\/wp-json\/wp\/v2\/comments?post=16785"}],"wp:featuredmedia":[{"embeddable":true,"href":"https:\/\/topholds.com\/sv\/wp-json\/wp\/v2\/media\/6350"}],"wp:attachment":[{"href":"https:\/\/topholds.com\/sv\/wp-json\/wp\/v2\/media?parent=16785"}],"wp:term":[{"taxonomy":"product_brand","embeddable":true,"href":"https:\/\/topholds.com\/sv\/wp-json\/wp\/v2\/product_brand?post=16785"},{"taxonomy":"product_cat","embeddable":true,"href":"https:\/\/topholds.com\/sv\/wp-json\/wp\/v2\/product_cat?post=16785"},{"taxonomy":"product_tag","embeddable":true,"href":"https:\/\/topholds.com\/sv\/wp-json\/wp\/v2\/product_tag?post=16785"}],"curies":[{"name":"wp","href":"https:\/\/api.w.org\/{rel}","templated":true}]}}