{"id":16795,"date":"2018-06-03T17:45:00","date_gmt":"2018-06-03T17:45:00","guid":{"rendered":"https:\/\/topholds.com\/l1\/"},"modified":"2024-08-26T04:06:29","modified_gmt":"2024-08-26T04:06:29","slug":"l1","status":"publish","type":"product","link":"https:\/\/topholds.com\/sv\/erbjudande\/klattringrepp\/l1\/","title":{"rendered":"Kl\u00e4ttergrepp Paket L1"},"content":{"rendered":"<p><strong>L1 \u00e4r ett paket med 10 kl\u00e4ttringsgrepp<\/strong> med en mjuk textur som imiterar sandsten. Det \u00e4r ideala k\u00e4lkgrepp f\u00f6r \u00f6verh\u00e4ng upp till 45 grader.<\/p>\n<p>Greppen <strong>har ett h\u00e5l f\u00f6r att placera en anti-rotationsskruv<\/strong> och f\u00f6rhindra att de r\u00f6r sig. Rekommenderade skruvar \u00e4r M10x40, men du kan ocks\u00e5 anv\u00e4nda M8x40.<\/p>\n<p>F\u00e4rgerna p\u00e5 greppen kan variera fr\u00e5n bilden. Om du vill v\u00e4lja en specifik f\u00e4rg, kontakta oss.<\/p>\n","protected":false},"excerpt":{"rendered":"<ul>\n<li>L1 \u00e4r ett set med 10 kl\u00e4ttergrepp.<\/li>\n<li>Mjukt sandstensliknande textur.<\/li>\n<li>Grepp med sk\u00e5lform f\u00f6r \u00f6verh\u00e4ng upp till 45 grader.<\/li>\n<li>Alla f\u00f6rsedda med h\u00e5l f\u00f6r skruvf\u00f6rankring mot rotation.<\/li>\n<\/ul>\n","protected":false},"featured_media":19579,"comment_status":"open","ping_status":"closed","template":"","meta":[],"product_brand":[],"product_cat":[425],"product_tag":[],"class_list":{"0":"post-16795","1":"product","2":"type-product","3":"status-publish","4":"has-post-thumbnail","6":"product_cat-klattringrepp","8":"first","9":"instock","10":"taxable","11":"shipping-taxable","12":"purchasable","13":"product-type-simple"},"_links":{"self":[{"href":"https:\/\/topholds.com\/sv\/wp-json\/wp\/v2\/product\/16795","targetHints":{"allow":["GET"]}}],"collection":[{"href":"https:\/\/topholds.com\/sv\/wp-json\/wp\/v2\/product"}],"about":[{"href":"https:\/\/topholds.com\/sv\/wp-json\/wp\/v2\/types\/product"}],"replies":[{"embeddable":true,"href":"https:\/\/topholds.com\/sv\/wp-json\/wp\/v2\/comments?post=16795"}],"wp:featuredmedia":[{"embeddable":true,"href":"https:\/\/topholds.com\/sv\/wp-json\/wp\/v2\/media\/19579"}],"wp:attachment":[{"href":"https:\/\/topholds.com\/sv\/wp-json\/wp\/v2\/media?parent=16795"}],"wp:term":[{"taxonomy":"product_brand","embeddable":true,"href":"https:\/\/topholds.com\/sv\/wp-json\/wp\/v2\/product_brand?post=16795"},{"taxonomy":"product_cat","embeddable":true,"href":"https:\/\/topholds.com\/sv\/wp-json\/wp\/v2\/product_cat?post=16795"},{"taxonomy":"product_tag","embeddable":true,"href":"https:\/\/topholds.com\/sv\/wp-json\/wp\/v2\/product_tag?post=16795"}],"curies":[{"name":"wp","href":"https:\/\/api.w.org\/{rel}","templated":true}]}}