{"id":16800,"date":"2018-06-03T18:07:28","date_gmt":"2018-06-03T18:07:28","guid":{"rendered":"https:\/\/topholds.com\/m1-2\/"},"modified":"2024-08-26T04:07:06","modified_gmt":"2024-08-26T04:07:06","slug":"m1-2","status":"publish","type":"product","link":"https:\/\/topholds.com\/sv\/erbjudande\/klattringrepp\/m1-2\/","title":{"rendered":"Kl\u00e4ttergrepp Paket M1"},"content":{"rendered":"<p><strong>M1 \u00e4r ett paket med 10 kl\u00e4ttergrepp<\/strong> med en mjuk yta som imiterar sandstone.<\/p>\n<p>Det \u00e4r grepp med bekv\u00e4ma och s\u00e4kra kanter att h\u00e5lla i.<\/p>\n<p>Greppen <strong>har ett h\u00e5l f\u00f6r att installera en skruv f\u00f6r att f\u00f6rhindra rotation<\/strong> och f\u00f6r att undvika att de r\u00f6r p\u00e5 sig. De rekommenderade skruvarna \u00e4r M10x40, men du kan ocks\u00e5 anv\u00e4nda M8x40.<\/p>\n<p>F\u00e4rgerna p\u00e5 greppen kan variera fr\u00e5n bilden. Om du vill v\u00e4lja en specifik f\u00e4rg, kontakta oss.<\/p>\n","protected":false},"excerpt":{"rendered":"<ul>\n<li>M1 \u00e4r ett set med 10 kl\u00e4ttringsgrepp.<\/li>\n<li>Mjukt sandstensmaterial.<\/li>\n<li>Grepp med bra kanter.<\/li>\n<li>Alla f\u00f6rsedda med h\u00e5l f\u00f6r skruv med anti-rotationssystem.<\/li>\n<\/ul>\n<p>&nbsp;<\/p>\n","protected":false},"featured_media":6459,"comment_status":"open","ping_status":"closed","template":"","meta":[],"product_brand":[],"product_cat":[425],"product_tag":[],"class_list":{"0":"post-16800","1":"product","2":"type-product","3":"status-publish","4":"has-post-thumbnail","6":"product_cat-klattringrepp","8":"first","9":"instock","10":"taxable","11":"shipping-taxable","12":"purchasable","13":"product-type-simple"},"_links":{"self":[{"href":"https:\/\/topholds.com\/sv\/wp-json\/wp\/v2\/product\/16800","targetHints":{"allow":["GET"]}}],"collection":[{"href":"https:\/\/topholds.com\/sv\/wp-json\/wp\/v2\/product"}],"about":[{"href":"https:\/\/topholds.com\/sv\/wp-json\/wp\/v2\/types\/product"}],"replies":[{"embeddable":true,"href":"https:\/\/topholds.com\/sv\/wp-json\/wp\/v2\/comments?post=16800"}],"wp:featuredmedia":[{"embeddable":true,"href":"https:\/\/topholds.com\/sv\/wp-json\/wp\/v2\/media\/6459"}],"wp:attachment":[{"href":"https:\/\/topholds.com\/sv\/wp-json\/wp\/v2\/media?parent=16800"}],"wp:term":[{"taxonomy":"product_brand","embeddable":true,"href":"https:\/\/topholds.com\/sv\/wp-json\/wp\/v2\/product_brand?post=16800"},{"taxonomy":"product_cat","embeddable":true,"href":"https:\/\/topholds.com\/sv\/wp-json\/wp\/v2\/product_cat?post=16800"},{"taxonomy":"product_tag","embeddable":true,"href":"https:\/\/topholds.com\/sv\/wp-json\/wp\/v2\/product_tag?post=16800"}],"curies":[{"name":"wp","href":"https:\/\/api.w.org\/{rel}","templated":true}]}}