{"id":16805,"date":"2018-07-02T14:34:15","date_gmt":"2018-07-02T14:34:15","guid":{"rendered":"https:\/\/topholds.com\/climb-1\/"},"modified":"2026-03-08T20:22:19","modified_gmt":"2026-03-08T20:22:19","slug":"climb-1","status":"publish","type":"product","link":"https:\/\/topholds.com\/sv\/erbjudande\/hinderbana\/traning\/upphangningar\/climb-1\/","title":{"rendered":"Hinderbana Upph\u00e4ngningar Climb 1"},"content":{"rendered":"<p>Det <strong>Cazo OCR CLIMB 1, designad speciellt f\u00f6r h\u00e4ngningar och dragningar<\/strong> p\u00e5 l\u00e4tt niv\u00e5. Detta multifunktionella verktyg \u00e4r perfekt f\u00f6r <strong>att simulera grepp f\u00f6r kl\u00e4ttring i hinderbanor<\/strong>, s\u00e5v\u00e4l som f\u00f6r att optimera dina kl\u00e4ttringstr\u00e4ningar, OCR och CrossFit.<\/p>\n<p>Serien av <em>suspensioner OCR CLIMB<\/em> l\u00e5ter dig <strong>justera sv\u00e5righetsgraden av greppet genom att modifiera lutningen p\u00e5 delen<\/strong>, helt enkelt genom att h\u00e4nga den med sn\u00f6ret fram eller bak. Du best\u00e4mmer niv\u00e5n av utmaning du vill m\u00f6ta!<\/p>\n<p>Med en ergonomi som passar perfekt i handen och en mjuk textur, blir detta kazo ett <strong>idealiskt verktyg f\u00f6r dina tr\u00e4ningstillf\u00e4llen<\/strong>. Trots sin styrka och h\u00e5llbarhet \u00e4r det \u00f6verraskande l\u00e4tt, vilket g\u00f6r det perfekt att ta med i din ryggs\u00e4ck och tr\u00e4na var som helst.<\/p>\n<p>Att installera det g\u00e5r snabbt och enkelt: p\u00e5 bara 3 sekunder, <strong>anv\u00e4nd en lark&#8217;s head-knot f\u00f6r att h\u00e4nga det p\u00e5 en gren<\/strong>, en pull-up bar eller en struktur i en offentlig park. Ett annat alternativ \u00e4r att anv\u00e4nda ett karbinhake f\u00f6r att h\u00e4nga det p\u00e5 tak eller \u00f6verh\u00e4ng.<\/p>\n<p>Observera att produktens f\u00e4rger kan variera fr\u00e5n bilden som visas. Om du \u00f6nskar en specifik f\u00e4rg, tveka inte att kontakta oss.<\/p>\n","protected":false},"excerpt":{"rendered":"<ul>\n<li>K\u00e4rl f\u00f6r upph\u00e4ngningar\/drag (l\u00e4tt niv\u00e5).<\/li>\n<li>Simulering av kl\u00e4ttringsgrepp i hinderbanor.<\/li>\n<li>\u00d6ka eller minska sv\u00e5righetsgraden av greppet genom att h\u00e4nga det med sn\u00f6ret framf\u00f6r eller bakom.<\/li>\n<li>Idealisk f\u00f6r kl\u00e4ttringstr\u00e4ning, OCR eller Crossfit.<\/li>\n<li>Vi h\u00e4nger upp den med en karbin f\u00f6r takutg\u00e5ngar eller \u00f6verh\u00e4ng.<\/li>\n<\/ul>\n","protected":false},"featured_media":6520,"comment_status":"open","ping_status":"closed","template":"","meta":[],"product_brand":[],"product_cat":[416,515,517],"product_tag":[],"class_list":{"0":"post-16805","1":"product","2":"type-product","3":"status-publish","4":"has-post-thumbnail","6":"product_cat-hinderbana","7":"product_cat-traning","8":"product_cat-upphangningar","10":"first","11":"instock","12":"sale","13":"taxable","14":"shipping-taxable","15":"purchasable","16":"product-type-simple"},"_links":{"self":[{"href":"https:\/\/topholds.com\/sv\/wp-json\/wp\/v2\/product\/16805","targetHints":{"allow":["GET"]}}],"collection":[{"href":"https:\/\/topholds.com\/sv\/wp-json\/wp\/v2\/product"}],"about":[{"href":"https:\/\/topholds.com\/sv\/wp-json\/wp\/v2\/types\/product"}],"replies":[{"embeddable":true,"href":"https:\/\/topholds.com\/sv\/wp-json\/wp\/v2\/comments?post=16805"}],"wp:featuredmedia":[{"embeddable":true,"href":"https:\/\/topholds.com\/sv\/wp-json\/wp\/v2\/media\/6520"}],"wp:attachment":[{"href":"https:\/\/topholds.com\/sv\/wp-json\/wp\/v2\/media?parent=16805"}],"wp:term":[{"taxonomy":"product_brand","embeddable":true,"href":"https:\/\/topholds.com\/sv\/wp-json\/wp\/v2\/product_brand?post=16805"},{"taxonomy":"product_cat","embeddable":true,"href":"https:\/\/topholds.com\/sv\/wp-json\/wp\/v2\/product_cat?post=16805"},{"taxonomy":"product_tag","embeddable":true,"href":"https:\/\/topholds.com\/sv\/wp-json\/wp\/v2\/product_tag?post=16805"}],"curies":[{"name":"wp","href":"https:\/\/api.w.org\/{rel}","templated":true}]}}