{"id":16810,"date":"2018-07-02T15:20:21","date_gmt":"2018-07-02T15:20:21","guid":{"rendered":"https:\/\/topholds.com\/climb-2\/"},"modified":"2026-03-14T16:59:46","modified_gmt":"2026-03-14T16:59:46","slug":"climb-2","status":"publish","type":"product","link":"https:\/\/topholds.com\/sv\/erbjudande\/hinderbana\/traning\/upphangningar\/climb-2\/","title":{"rendered":"Hinderbana Upph\u00e4ngningar Climb 2"},"content":{"rendered":"<p><strong>OCR Climb 2 \u00e4r en greppbr\u00e4da<\/strong> som \u00e4r designad speciellt f\u00f6r <strong>h\u00e4ngningar och drag av medelniv\u00e5<\/strong>.<\/p>\n<p>Detta verktyg \u00e4r perfekt f\u00f6r att simulera <strong>kl\u00e4ttringsgrepp i hinderbanelopp<\/strong>, samt f\u00f6r att f\u00f6rb\u00e4ttra din kl\u00e4ttringstr\u00e4ning, OCR och CrossFit.<\/p>\n<p>Serien <em>suspensioner OCR CLIMB<\/em> erbjuder m\u00f6jligheten att <strong>justera sv\u00e5righetsgraden p\u00e5 greppet genom att \u00e4ndra lutningen p\u00e5 delen<\/strong> genom att helt enkelt h\u00e4nga den med sn\u00f6ret framifr\u00e5n eller bakifr\u00e5n. Du best\u00e4mmer niv\u00e5 av utmaning!<\/p>\n<p>Dess ergonomiska design anpassar sig perfekt till handen och, tillsammans med sin mjuka textur, g\u00f6r denna greppbr\u00e4da till ett m\u00e5ste f\u00f6r dina tr\u00e4ningspass. Trots sin h\u00e5llbarhet \u00e4r den <strong>otroligt l\u00e4tt<\/strong>, vilket g\u00f6r den idealisk att ta med i din ryggs\u00e4ck och tr\u00e4na var som helst.<\/p>\n<p>Att installera den \u00e4r snabbt och enkelt: p\u00e5 bara 3 sekunder kan du anv\u00e4nda en looppknut f\u00f6r att h\u00e4nga den fr\u00e5n vilken gren, pull-up bar eller struktur i en offentlig park som helst. Om du f\u00f6redrar, anv\u00e4nd en karbinhake f\u00f6r att h\u00e4nga den i taket eller \u00f6verh\u00e4ng.<\/p>\n<p>T\u00e4nk p\u00e5 att produktens f\u00e4rger kan variera fr\u00e5n den visade bilden. Om du \u00f6nskar en specifik f\u00e4rg, tveka inte att kontakta oss.<\/p>\n","protected":false},"excerpt":{"rendered":"<ul>\n<li>Regletta f\u00f6r upph\u00e4ngningar\/traktioner (medelniv\u00e5).<\/li>\n<li>Simulation av kl\u00e4ttringsgrepp i hinderbanor.<\/li>\n<li>\u00d6ka eller minska sv\u00e5righetsgraden p\u00e5 greppet genom att h\u00e4nga det med sn\u00f6ret fram eller bak.<\/li>\n<li>Ideala att ta med i ryggs\u00e4cken f\u00f6r att kunna tr\u00e4na var som helst.<\/li>\n<li>Med en karbinhake h\u00e4nger vi dem f\u00f6r tak- eller \u00f6verh\u00e4ngningsutg\u00e5ngar.<\/li>\n<\/ul>\n","protected":false},"featured_media":6519,"comment_status":"open","ping_status":"closed","template":"","meta":[],"product_brand":[],"product_cat":[416,515,517],"product_tag":[],"class_list":{"0":"post-16810","1":"product","2":"type-product","3":"status-publish","4":"has-post-thumbnail","6":"product_cat-hinderbana","7":"product_cat-traning","8":"product_cat-upphangningar","10":"first","11":"instock","12":"taxable","13":"shipping-taxable","14":"purchasable","15":"product-type-simple"},"_links":{"self":[{"href":"https:\/\/topholds.com\/sv\/wp-json\/wp\/v2\/product\/16810","targetHints":{"allow":["GET"]}}],"collection":[{"href":"https:\/\/topholds.com\/sv\/wp-json\/wp\/v2\/product"}],"about":[{"href":"https:\/\/topholds.com\/sv\/wp-json\/wp\/v2\/types\/product"}],"replies":[{"embeddable":true,"href":"https:\/\/topholds.com\/sv\/wp-json\/wp\/v2\/comments?post=16810"}],"wp:featuredmedia":[{"embeddable":true,"href":"https:\/\/topholds.com\/sv\/wp-json\/wp\/v2\/media\/6519"}],"wp:attachment":[{"href":"https:\/\/topholds.com\/sv\/wp-json\/wp\/v2\/media?parent=16810"}],"wp:term":[{"taxonomy":"product_brand","embeddable":true,"href":"https:\/\/topholds.com\/sv\/wp-json\/wp\/v2\/product_brand?post=16810"},{"taxonomy":"product_cat","embeddable":true,"href":"https:\/\/topholds.com\/sv\/wp-json\/wp\/v2\/product_cat?post=16810"},{"taxonomy":"product_tag","embeddable":true,"href":"https:\/\/topholds.com\/sv\/wp-json\/wp\/v2\/product_tag?post=16810"}],"curies":[{"name":"wp","href":"https:\/\/api.w.org\/{rel}","templated":true}]}}