{"id":16815,"date":"2018-08-26T15:13:53","date_gmt":"2018-08-26T15:13:53","guid":{"rendered":"https:\/\/topholds.com\/genesis\/"},"modified":"2024-08-26T04:09:18","modified_gmt":"2024-08-26T04:09:18","slug":"genesis","status":"publish","type":"product","link":"https:\/\/topholds.com\/sv\/erbjudande\/klattringrepp\/genesis\/","title":{"rendered":"Kl\u00e4ttergrepp Paket Genesis"},"content":{"rendered":"<p><strong>G\u00e9nesis \u00e4r ett paket med 6 kl\u00e4ttringsgrepp<\/strong> med en innovativ dualtextur, designade f\u00f6r att erbjuda flera greppalternativ och anpassa sig till dina behov.<\/p>\n<p>Dessa h\u00f6gtekniska och m\u00e5ngsidiga grepp \u00e4r <strong>idealiska f\u00f6r att skapa utmanande t\u00e4vlingar och stimulera kl\u00e4ttrares kreativitet<\/strong>. Deras design m\u00f6jligg\u00f6r anv\u00e4ndning p\u00e5 alla typer av \u00f6verh\u00e4ng, vilket \u00f6kar m\u00f6jligheterna att skapa varierade och sp\u00e4nnande rutter.<\/p>\n<p>Varje grepp i G\u00e9nesis-paketet kommer <strong>f\u00f6rsett med 2 extra h\u00e5l f\u00f6r att kunna utrustas med skruv<\/strong>, vilket garanterar ett fast och s\u00e4kert f\u00e4ste p\u00e5 kl\u00e4tterv\u00e4ggen.<\/p>\n<p>F\u00f6r en optimal installation rekommenderas <strong>att anv\u00e4nda skruvar M10x40 eller M8x40<\/strong>.<\/p>\n<p>T\u00e4nk p\u00e5 att f\u00e4rgerna p\u00e5 produkten kan variera fr\u00e5n bilden som visas. Om du \u00f6nskar en specifik f\u00e4rg, tveka inte att kontakta oss.<\/p>\n","protected":false},"excerpt":{"rendered":"<ul>\n<li>G\u00e9nesis \u00e4r en upps\u00e4ttning av 6 kl\u00e4ttringshandtag.<\/li>\n<li>Dubbla texturer.<\/li>\n<li>Var och en med olika greppm\u00f6jligheter.<\/li>\n<li>Ideala f\u00f6r att skapa problem i t\u00e4vlingar.<\/li>\n<li>Kan anv\u00e4ndas p\u00e5 alla typer av \u00f6verh\u00e4ng.<\/li>\n<\/ul>\n","protected":false},"featured_media":6686,"comment_status":"open","ping_status":"closed","template":"","meta":[],"product_brand":[],"product_cat":[425],"product_tag":[],"class_list":{"0":"post-16815","1":"product","2":"type-product","3":"status-publish","4":"has-post-thumbnail","6":"product_cat-klattringrepp","8":"first","9":"instock","10":"sale","11":"taxable","12":"shipping-taxable","13":"purchasable","14":"product-type-simple"},"_links":{"self":[{"href":"https:\/\/topholds.com\/sv\/wp-json\/wp\/v2\/product\/16815","targetHints":{"allow":["GET"]}}],"collection":[{"href":"https:\/\/topholds.com\/sv\/wp-json\/wp\/v2\/product"}],"about":[{"href":"https:\/\/topholds.com\/sv\/wp-json\/wp\/v2\/types\/product"}],"replies":[{"embeddable":true,"href":"https:\/\/topholds.com\/sv\/wp-json\/wp\/v2\/comments?post=16815"}],"wp:featuredmedia":[{"embeddable":true,"href":"https:\/\/topholds.com\/sv\/wp-json\/wp\/v2\/media\/6686"}],"wp:attachment":[{"href":"https:\/\/topholds.com\/sv\/wp-json\/wp\/v2\/media?parent=16815"}],"wp:term":[{"taxonomy":"product_brand","embeddable":true,"href":"https:\/\/topholds.com\/sv\/wp-json\/wp\/v2\/product_brand?post=16815"},{"taxonomy":"product_cat","embeddable":true,"href":"https:\/\/topholds.com\/sv\/wp-json\/wp\/v2\/product_cat?post=16815"},{"taxonomy":"product_tag","embeddable":true,"href":"https:\/\/topholds.com\/sv\/wp-json\/wp\/v2\/product_tag?post=16815"}],"curies":[{"name":"wp","href":"https:\/\/api.w.org\/{rel}","templated":true}]}}