{"id":16820,"date":"2018-08-26T15:26:51","date_gmt":"2018-08-26T15:26:51","guid":{"rendered":"https:\/\/topholds.com\/s1\/"},"modified":"2024-08-26T04:09:52","modified_gmt":"2024-08-26T04:09:52","slug":"s1","status":"publish","type":"product","link":"https:\/\/topholds.com\/sv\/erbjudande\/klattringrepp\/s1\/","title":{"rendered":"Kl\u00e4ttergrepp Paket S1"},"content":{"rendered":"<p><strong>S1 \u00e4r ett paket med 10 kl\u00e4ttergrepp<\/strong> med en attraktiv textur av mjuk sandsten. Dessa grepp \u00e4r designade f\u00f6r att ge ett optimalt grepp och komfort, tack vare sina gener\u00f6sa kanter.<\/p>\n<p>Varje grepp har ett <strong>speciellt utformat h\u00e5l f\u00f6r anti-rotationsskruv<\/strong>, vilket garanterar en s\u00e4ker och h\u00e5llbar installation i din kl\u00e4tterhall. F\u00f6r en korrekt montering rekommenderar vi att anv\u00e4nda skruvar M10x40 eller, om detta inte \u00e4r m\u00f6jligt, M8x40.<\/p>\n<p>Med <em>grepppaketet S1<\/em>, <strong>f\u00f6rvandla ditt kl\u00e4ttringsutrymme till en unik och utmanande upplevelse<\/strong>.<\/p>\n<p>T\u00e4nk p\u00e5 att produktens f\u00e4rger kan variera i f\u00f6rh\u00e5llande till bilden som visas. Om du \u00f6nskar en specifik f\u00e4rg, tveka inte att kontakta oss.<\/p>\n","protected":false},"excerpt":{"rendered":"<ul>\n<li>S1 \u00e4r ett parti med 10 kl\u00e4ttringsgrepp.<\/li>\n<li>Mjukt sandstensliknande textur.<\/li>\n<li>Grepp med bra kanter.<\/li>\n<li>Alla f\u00f6rsedda med h\u00e5l f\u00f6r antiroteringsskruv.<\/li>\n<\/ul>\n","protected":false},"featured_media":6675,"comment_status":"open","ping_status":"closed","template":"","meta":[],"product_brand":[],"product_cat":[425],"product_tag":[],"class_list":{"0":"post-16820","1":"product","2":"type-product","3":"status-publish","4":"has-post-thumbnail","6":"product_cat-klattringrepp","8":"first","9":"instock","10":"taxable","11":"shipping-taxable","12":"purchasable","13":"product-type-simple"},"_links":{"self":[{"href":"https:\/\/topholds.com\/sv\/wp-json\/wp\/v2\/product\/16820","targetHints":{"allow":["GET"]}}],"collection":[{"href":"https:\/\/topholds.com\/sv\/wp-json\/wp\/v2\/product"}],"about":[{"href":"https:\/\/topholds.com\/sv\/wp-json\/wp\/v2\/types\/product"}],"replies":[{"embeddable":true,"href":"https:\/\/topholds.com\/sv\/wp-json\/wp\/v2\/comments?post=16820"}],"wp:featuredmedia":[{"embeddable":true,"href":"https:\/\/topholds.com\/sv\/wp-json\/wp\/v2\/media\/6675"}],"wp:attachment":[{"href":"https:\/\/topholds.com\/sv\/wp-json\/wp\/v2\/media?parent=16820"}],"wp:term":[{"taxonomy":"product_brand","embeddable":true,"href":"https:\/\/topholds.com\/sv\/wp-json\/wp\/v2\/product_brand?post=16820"},{"taxonomy":"product_cat","embeddable":true,"href":"https:\/\/topholds.com\/sv\/wp-json\/wp\/v2\/product_cat?post=16820"},{"taxonomy":"product_tag","embeddable":true,"href":"https:\/\/topholds.com\/sv\/wp-json\/wp\/v2\/product_tag?post=16820"}],"curies":[{"name":"wp","href":"https:\/\/api.w.org\/{rel}","templated":true}]}}