{"id":16825,"date":"2018-11-06T20:06:34","date_gmt":"2018-11-06T20:06:34","guid":{"rendered":"https:\/\/topholds.com\/top-fly\/"},"modified":"2024-08-26T04:10:37","modified_gmt":"2024-08-26T04:10:37","slug":"top-fly","status":"publish","type":"product","link":"https:\/\/topholds.com\/sv\/erbjudande\/hinderbana\/traning\/upphangningar\/top-fly\/","title":{"rendered":"Hinderbana Upph\u00e4ngningar Top Fly"},"content":{"rendered":"<p><strong>Disco Top Fly f\u00f6r Fly Monkey<\/strong> med tv\u00e5 h\u00e4nder \u00e4r ett tr\u00e4ningsgrepp som l\u00e5ter dig g\u00f6ra dynamiska r\u00f6relser med b\u00e5da h\u00e4nderna i motsatta sk\u00e5lpositioner. Dess ergonomi och dess mjuka men klibbiga yta g\u00f6r det till ett <strong>bekv\u00e4mt och s\u00e4kert grepp<\/strong>, vilket f\u00f6rhindrar skador som kan uppst\u00e5 med ett platt grepp.<\/p>\n<p>Det \u00e4r <strong>ett grepp f\u00f6r att f\u00f6rb\u00e4ttra din styrka och uth\u00e5llighet i kl\u00e4ttring<\/strong>, OCR, ninjautmaningar och Crossfit.<\/p>\n<p>F\u00e4rgerna p\u00e5 disken kan variera fr\u00e5n bilden. Om du vill v\u00e4lja en specifik f\u00e4rg, kontakta oss.<\/p>\n","protected":false},"excerpt":{"rendered":"<ul>\n<li>Discokula f\u00f6r flygande apa med tv\u00e5 h\u00e4nder.<\/li>\n<li>En perfekt ergonomi f\u00f6r ett grepp med tv\u00e5 h\u00e4nder.<\/li>\n<li>Mjuk men mycket klibbig textur.<\/li>\n<li>Ett brutalt verktyg f\u00f6r v\u00e5ra kl\u00e4ttringstr\u00e4ningar, OCR, ninja-utmaningar och Crossfit.<\/li>\n<\/ul>\n","protected":false},"featured_media":7363,"comment_status":"open","ping_status":"closed","template":"","meta":[],"product_brand":[],"product_cat":[416,515,517],"product_tag":[],"class_list":{"0":"post-16825","1":"product","2":"type-product","3":"status-publish","4":"has-post-thumbnail","6":"product_cat-hinderbana","7":"product_cat-traning","8":"product_cat-upphangningar","10":"first","11":"instock","12":"sale","13":"taxable","14":"shipping-taxable","15":"purchasable","16":"product-type-simple"},"_links":{"self":[{"href":"https:\/\/topholds.com\/sv\/wp-json\/wp\/v2\/product\/16825","targetHints":{"allow":["GET"]}}],"collection":[{"href":"https:\/\/topholds.com\/sv\/wp-json\/wp\/v2\/product"}],"about":[{"href":"https:\/\/topholds.com\/sv\/wp-json\/wp\/v2\/types\/product"}],"replies":[{"embeddable":true,"href":"https:\/\/topholds.com\/sv\/wp-json\/wp\/v2\/comments?post=16825"}],"wp:featuredmedia":[{"embeddable":true,"href":"https:\/\/topholds.com\/sv\/wp-json\/wp\/v2\/media\/7363"}],"wp:attachment":[{"href":"https:\/\/topholds.com\/sv\/wp-json\/wp\/v2\/media?parent=16825"}],"wp:term":[{"taxonomy":"product_brand","embeddable":true,"href":"https:\/\/topholds.com\/sv\/wp-json\/wp\/v2\/product_brand?post=16825"},{"taxonomy":"product_cat","embeddable":true,"href":"https:\/\/topholds.com\/sv\/wp-json\/wp\/v2\/product_cat?post=16825"},{"taxonomy":"product_tag","embeddable":true,"href":"https:\/\/topholds.com\/sv\/wp-json\/wp\/v2\/product_tag?post=16825"}],"curies":[{"name":"wp","href":"https:\/\/api.w.org\/{rel}","templated":true}]}}